{"id":9823,"date":"2021-08-19T05:19:41","date_gmt":"2021-08-19T05:19:41","guid":{"rendered":"https:\/\/bafo.ro\/v22\/product\/suport-auto-hoco-ca59-air-outlet-gri\/"},"modified":"2025-03-31T16:46:38","modified_gmt":"2025-03-31T16:46:38","slug":"suport-auto-hoco-ca59-air-outlet-gri","status":"publish","type":"product","link":"https:\/\/bafo.ro\/v22\/product\/suport-auto-hoco-ca59-air-outlet-gri\/","title":{"rendered":"SUPORT AUTO HOCO CA59 gri"},"content":{"rendered":"<div id=\"tw-container\" class=\"YQaNob\" data-cp=\"1\" data-is-ver=\"false\" data-nnttsvi=\"1\" data-sm=\"1\" data-sugg-time=\"500\" data-sugg-url=\"https:\/\/clients1.google.com\/complete\/search\" data-uilc=\"en\">\n<div>\n<div>\n<div id=\"tw-ob\" class=\"tw-src-ltr\">\n<div class=\"oSioSc\">\n<div id=\"tw-target\">\n<div id=\"kAz1tf\" class=\"g9WsWb\">\n<div id=\"tw-target-text-container\" class=\"tw-ta-container F0azHf tw-nfl\">\n<p id=\"tw-target-text\" class=\"tw-data-text tw-text-large XcVN5d tw-ta\" dir=\"ltr\" data-placeholder=\"Translation\"><span class=\"Y2IQFc\" lang=\"ro\"><strong>SPECIFICATIILE PRODUSULUI.<\/strong> <em>Suport auto magnetic &#8211; HOCO CA59.<\/em> Permite o fixare puternic\u0103 a dispozitivului. Asigura confortul \u0219i siguran\u021ba conducerii. Montat pe grila de evacuare a aerului. Fabricat din componente de \u00eenalt\u0103 calitate &#8211; ABS, silicon \u0219i aluminiu, produsul este rezistent la daune, asigur\u00e2nd astfel o utilizare pe termen lung. Magnetul \u00eencorporat ofer\u0103 o prindere puternic\u0103 \u0219i solid\u0103, \u00eempiedic\u00e2nd dispozitivul s\u0103 cad\u0103 \u00een timpul conducerii rapide. Dimensiunea redus\u0103 \u0219i designul u\u0219or faciliteaz\u0103 depozitarea produsului \u0219i asigur\u0103, de asemenea, c\u0103 m\u00e2nerul nu blocheaz\u0103 vizibilitatea. Specifica\u021bie: Material: ABS + silicon + aliaj de aluminiu Dimensiune: 65 * 39 * 55mm Greutate: 46g Locul instal\u0103rii: ie\u0219ire de aer<\/span><\/p>\n<\/div>\n<div id=\"tw-target-rmn-container\" class=\"tw-target-rmn tw-ta-container F0azHf tw-nfl\">\n<pre id=\"tw-target-rmn\" class=\"tw-data-placeholder tw-text-small tw-ta\" data-placeholder=\"\"><\/pre>\n<\/div>\n<div class=\"iYB33c\">\n<div class=\"dlJLJe\">\n<div data-cviv=\"false\" data-ved=\"2ahUKEwjz7uqdqrzyAhUlhv0HHe5iDtUQz_AEMAB6BAgCEA8\">\n<div class=\"U9URNb\"><img decoding=\"async\" id=\"dimg_23\" class=\"rISBZc M4dUYb\" src=\"image\/png;base64,iVBORw0KGgoAAAANSUhEUgAAABQAAAAUCAQAAAAngNWGAAAA\/0lEQVR4AYXNMSiEcRyA4cfmGHQbCZIipkuxnJgMStlMNmeyD2dwmc8+sZgxYJd9ErIZFHUyYYD7fkr6l4\/rnvmtl7+KitrqV\/fq2Y5eLY3Z9S48eRLe7BmVZ9qhTLhQ0algzZWQOVKSsCF8OjAnwbxDTWFDUhPK\/jMr1H6HE\/IqRky2DyvCefuwItwZzodVoYRiLqMkVCXrwpJ9twZ+sgfDYEFYl8wIWxZ9uFf7zkallxlJh4YrLGsKjZRx7VGHhLqwgFUN45DGdb8MeXGpgB4ABZdeDcpZEY51A+hyLKz4S1W4MQWm3AibWtgWmk6dyISa1pSdyWTOlLXVp0+eL9D\/ZPfBTNanAAAAAElFTkSuQmCC\" alt=\"Community Verified icon\" width=\"16\" height=\"16\" data-atf=\"0\" data-frt=\"0\" \/><\/div>\n<\/div>\n<\/div>\n<div id=\"tw-tmenu\" class=\"tw-menu\"><\/div>\n<\/div>\n<\/div>\n<\/div>\n<\/div>\n<\/div>\n<div id=\"tw-images\"><\/div>\n<div class=\"dURPtb\"><\/div>\n<div>\n<div><\/div>\n<\/div>\n<\/div>\n<\/div>\n<\/div>\n<p>&nbsp;<\/p>\n","protected":false},"excerpt":{"rendered":"<p>SPECIFICATIILE PRODUSULUI. Suport auto magnetic &#8211; HOCO CA59. Permite o fixare puternic\u0103 a dispozitivului. Asigura confortul \u0219i siguran\u021ba conducerii. Montat pe grila de evacuare a aerului. Fabricat din componente de \u00eenalt\u0103 calitate &#8211; ABS, silicon \u0219i aluminiu, produsul este rezistent la daune, asigur\u00e2nd astfel o utilizare pe termen lung. Magnetul \u00eencorporat ofer\u0103 o prindere puternic\u0103 \u0219i solid\u0103, \u00eempiedic\u00e2nd dispozitivul s\u0103 cad\u0103 \u00een timpul conducerii rapide. Dimensiunea redus\u0103 \u0219i designul u\u0219or faciliteaz\u0103 depozitarea produsului \u0219i asigur\u0103, de asemenea, c\u0103 m\u00e2nerul nu blocheaz\u0103 vizibilitatea. Specifica\u021bie: Material: ABS + silicon + aliaj de aluminiu Dimensiune: 65 * 39 * 55mm Greutate: 46g Locul instal\u0103rii: ie\u0219ire de aer &nbsp;<\/p>\n","protected":false},"featured_media":9825,"comment_status":"closed","ping_status":"open","template":"","meta":[],"product_brand":[138],"product_cat":[90,91],"product_tag":[],"class_list":{"0":"post-9823","1":"product","2":"type-product","3":"status-publish","4":"has-post-thumbnail","6":"product_brand-hoco","7":"product_cat-accesorii-auto","8":"product_cat-suport-auto","10":"first","11":"outofstock","12":"shipping-taxable","13":"product-type-simple"},"_links":{"self":[{"href":"https:\/\/bafo.ro\/v22\/wp-json\/wp\/v2\/product\/9823","targetHints":{"allow":["GET"]}}],"collection":[{"href":"https:\/\/bafo.ro\/v22\/wp-json\/wp\/v2\/product"}],"about":[{"href":"https:\/\/bafo.ro\/v22\/wp-json\/wp\/v2\/types\/product"}],"replies":[{"embeddable":true,"href":"https:\/\/bafo.ro\/v22\/wp-json\/wp\/v2\/comments?post=9823"}],"version-history":[{"count":1,"href":"https:\/\/bafo.ro\/v22\/wp-json\/wp\/v2\/product\/9823\/revisions"}],"predecessor-version":[{"id":9824,"href":"https:\/\/bafo.ro\/v22\/wp-json\/wp\/v2\/product\/9823\/revisions\/9824"}],"wp:featuredmedia":[{"embeddable":true,"href":"https:\/\/bafo.ro\/v22\/wp-json\/wp\/v2\/media\/9825"}],"wp:attachment":[{"href":"https:\/\/bafo.ro\/v22\/wp-json\/wp\/v2\/media?parent=9823"}],"wp:term":[{"taxonomy":"product_brand","embeddable":true,"href":"https:\/\/bafo.ro\/v22\/wp-json\/wp\/v2\/product_brand?post=9823"},{"taxonomy":"product_cat","embeddable":true,"href":"https:\/\/bafo.ro\/v22\/wp-json\/wp\/v2\/product_cat?post=9823"},{"taxonomy":"product_tag","embeddable":true,"href":"https:\/\/bafo.ro\/v22\/wp-json\/wp\/v2\/product_tag?post=9823"}],"curies":[{"name":"wp","href":"https:\/\/api.w.org\/{rel}","templated":true}]}}