{"id":9599,"date":"2021-07-26T08:47:55","date_gmt":"2021-07-26T08:47:55","guid":{"rendered":"https:\/\/bafo.ro\/v22\/product\/adaptor-priza-xo-l77-type-c-pd-1xusb-20w-alb\/"},"modified":"2025-03-31T16:45:45","modified_gmt":"2025-03-31T16:45:45","slug":"adaptor-priza-xo-l77-type-c-pd-1xusb-20w-alb","status":"publish","type":"product","link":"https:\/\/bafo.ro\/v22\/product\/adaptor-priza-xo-l77-type-c-pd-1xusb-20w-alb\/","title":{"rendered":"ADAPTOR PRIZA XO L77 Type c PD 1XUSB, 20W alb"},"content":{"rendered":"<p id=\"tw-target-text\" class=\"tw-data-text tw-text-large tw-ta\" dir=\"ltr\" data-placeholder=\"Translation\"><span class=\"Y2IQFc\" lang=\"ro\">XO L77 este un \u00eenc\u0103rc\u0103tor de curent alternativ avansat cu o singur\u0103 priz\u0103 PD de tip C, la care pute\u021bi conecta un cablu adecvat pentru \u00eenc\u0103rcarea dispozitivelor mobile pentru a utiliza \u00eentreaga putere a \u00eenc\u0103rc\u0103torului. Ofer\u0103 suficient\u0103 energie pentru a \u00eenc\u0103rca rapid chiar \u0219i cele mai mari dispozitive mobile disponibile. Aspectul clasic se potrive\u0219te tuturor tipurilor de interioare, iar calitatea manoperei indic\u0103 faptul c\u0103 este un dispozitiv solid \u0219i durabil.<\/span><\/p>\n","protected":false},"excerpt":{"rendered":"<p>XO L77 este un \u00eenc\u0103rc\u0103tor de curent alternativ avansat cu o singur\u0103 priz\u0103 PD de tip C, la care pute\u021bi conecta un cablu adecvat pentru \u00eenc\u0103rcarea dispozitivelor mobile pentru a utiliza \u00eentreaga putere a \u00eenc\u0103rc\u0103torului. Ofer\u0103 suficient\u0103 energie pentru a \u00eenc\u0103rca rapid chiar \u0219i cele mai mari dispozitive mobile disponibile. Aspectul clasic se potrive\u0219te tuturor tipurilor de interioare, iar calitatea manoperei indic\u0103 faptul c\u0103 este un dispozitiv solid \u0219i durabil.<\/p>\n","protected":false},"featured_media":9601,"comment_status":"closed","ping_status":"open","template":"","meta":[],"product_brand":[376],"product_cat":[468,226],"product_tag":[],"class_list":{"0":"post-9599","1":"product","2":"type-product","3":"status-publish","4":"has-post-thumbnail","6":"product_brand-xo","7":"product_cat-adaptor-priza","8":"product_cat-incarcatoare","10":"first","11":"outofstock","12":"shipping-taxable","13":"product-type-simple"},"_links":{"self":[{"href":"https:\/\/bafo.ro\/v22\/wp-json\/wp\/v2\/product\/9599","targetHints":{"allow":["GET"]}}],"collection":[{"href":"https:\/\/bafo.ro\/v22\/wp-json\/wp\/v2\/product"}],"about":[{"href":"https:\/\/bafo.ro\/v22\/wp-json\/wp\/v2\/types\/product"}],"replies":[{"embeddable":true,"href":"https:\/\/bafo.ro\/v22\/wp-json\/wp\/v2\/comments?post=9599"}],"version-history":[{"count":1,"href":"https:\/\/bafo.ro\/v22\/wp-json\/wp\/v2\/product\/9599\/revisions"}],"predecessor-version":[{"id":9600,"href":"https:\/\/bafo.ro\/v22\/wp-json\/wp\/v2\/product\/9599\/revisions\/9600"}],"wp:featuredmedia":[{"embeddable":true,"href":"https:\/\/bafo.ro\/v22\/wp-json\/wp\/v2\/media\/9601"}],"wp:attachment":[{"href":"https:\/\/bafo.ro\/v22\/wp-json\/wp\/v2\/media?parent=9599"}],"wp:term":[{"taxonomy":"product_brand","embeddable":true,"href":"https:\/\/bafo.ro\/v22\/wp-json\/wp\/v2\/product_brand?post=9599"},{"taxonomy":"product_cat","embeddable":true,"href":"https:\/\/bafo.ro\/v22\/wp-json\/wp\/v2\/product_cat?post=9599"},{"taxonomy":"product_tag","embeddable":true,"href":"https:\/\/bafo.ro\/v22\/wp-json\/wp\/v2\/product_tag?post=9599"}],"curies":[{"name":"wp","href":"https:\/\/api.w.org\/{rel}","templated":true}]}}