{"id":9546,"date":"2021-07-20T09:16:08","date_gmt":"2021-07-20T09:16:08","guid":{"rendered":"https:\/\/bafo.ro\/v22\/product\/power-bank-10000-mah-hoco-j44cablu-type-c-pd-qc-3-0-negru\/"},"modified":"2025-03-31T16:45:34","modified_gmt":"2025-03-31T16:45:34","slug":"power-bank-10000-mah-hoco-j44cablu-type-c-pd-qc-3-0-negru","status":"publish","type":"product","link":"https:\/\/bafo.ro\/v22\/product\/power-bank-10000-mah-hoco-j44cablu-type-c-pd-qc-3-0-negru\/","title":{"rendered":"POWER BANK 10000 mAh HOCO J44+cablu Type c PD QC 3.0 negru"},"content":{"rendered":"<p id=\"tw-target-text\" class=\"tw-data-text tw-text-large XcVN5d tw-ta\" dir=\"ltr\" data-placeholder=\"Translation\"><span class=\"Y2IQFc\" lang=\"ro\">Hoco J44 &#8211; este un Power Bank de \u00eenalt\u0103 calitate, cu un design unic. Func\u021bioneaz\u0103 ca un \u00eenso\u021bitor ideal al echipamentului mobil \u00een timpul c\u0103l\u0103toriilor, focurilor de tab\u0103r\u0103 \u0219i a altor ie\u0219iri. Capacitatea de 10000mAh v\u0103 va ajuta s\u0103 \u00eenc\u0103rca\u021bi dispozitivul de mai multe ori, Porturi USB \u0219i de tip C &#8211; v\u0103 vor permite s\u0103 \u00eenc\u0103rca\u021bi p\u00e2n\u0103 la 2 dispozitive \u00een acela\u0219i timp, Banca de \u00eenc\u0103rcare ultra rapid\u0103 prin porturi &#8211; Type-C PD, Micro USB Suport\u0103 tehnologia de \u00eenc\u0103rcare rapid\u0103: PD (Power Delivery) \u0219i Quick Charge 3.0 Afi\u0219ajul digital arat\u0103 c\u00e2t de mult este nivelul bateriei Power Bank, Sistemul inteligent de circuite protejeaz\u0103 \u00eempotriva suprasolicit\u0103rii \u0219i temperaturilor ridicate, ceea ce asigur\u0103 performan\u021be bune. Accesoriul accept\u0103 tehnologii de \u00eenc\u0103rcare rapid\u0103 &#8211; QC3.0 \/ QC2.0, Huawei FCC de \u00eenc\u0103rcare rapid\u0103 \u0219i Samsung AFC de \u00eenc\u0103rcare rapid\u0103, Laptopurile pot fi \u00eenc\u0103rcate datorit\u0103 tehnologiei Power Delivery <\/span><\/p>\n<p class=\"tw-data-text tw-text-large XcVN5d tw-ta\" dir=\"ltr\" data-placeholder=\"Translation\"><span class=\"Y2IQFc\" lang=\"ro\">Fabricat din material ignifug ABS + PC. <\/span><\/p>\n<p class=\"tw-data-text tw-text-large XcVN5d tw-ta\" dir=\"ltr\" data-placeholder=\"Translation\"><span class=\"Y2IQFc\" lang=\"ro\"><strong><em>Specifica\u021bie: <\/em><\/strong>Produc\u0103tor: HOCO Model: J44 Capacitate: 10000mAh Intrare: Micro-USB: 5V \/ 2.4A, 9V \/ 2A. Tipul C: 5V \/ 2.4A (PD), 9V \/ 2A (PD), 12V \/ 1.5A (PD), 18W. Ie\u0219ire: USB: 3,6V-6,5V \/ 3A, 6,6V-9V \/ 2A, 9,1V-12V \/ 1,5A. Tip C: 5V \/ 2.4A (PD), 9V \/ 2A (PD), 12V \/ 1.5A (PD), 18W Puterea total\u0103 de ie\u0219ire: 3A Material: ABS ignifug + PC Dimensiuni: 101 * 64 * 24 mm Greutate: 192g \u00cen set: Power Bank, instruc\u021biuni Culoare<\/span><\/p>\n","protected":false},"excerpt":{"rendered":"<p>Hoco J44 &#8211; este un Power Bank de \u00eenalt\u0103 calitate, cu un design unic. Func\u021bioneaz\u0103 ca un \u00eenso\u021bitor ideal al echipamentului mobil \u00een timpul c\u0103l\u0103toriilor, focurilor de tab\u0103r\u0103 \u0219i a altor ie\u0219iri. Capacitatea de 10000mAh v\u0103 va ajuta s\u0103 \u00eenc\u0103rca\u021bi dispozitivul de mai multe ori, Porturi USB \u0219i de tip C &#8211; v\u0103 vor permite s\u0103 \u00eenc\u0103rca\u021bi p\u00e2n\u0103 la 2 dispozitive \u00een acela\u0219i timp, Banca de \u00eenc\u0103rcare ultra rapid\u0103 prin porturi &#8211; Type-C PD, Micro USB Suport\u0103 tehnologia de \u00eenc\u0103rcare rapid\u0103: PD (Power Delivery) \u0219i Quick Charge 3.0 Afi\u0219ajul digital arat\u0103 c\u00e2t de mult este nivelul bateriei Power Bank, Sistemul inteligent de circuite protejeaz\u0103 \u00eempotriva suprasolicit\u0103rii \u0219i temperaturilor ridicate, ceea ce asigur\u0103 performan\u021be bune. Accesoriul accept\u0103 tehnologii de \u00eenc\u0103rcare rapid\u0103 &#8211; QC3.0 \/ QC2.0, Huawei FCC de \u00eenc\u0103rcare rapid\u0103 \u0219i Samsung AFC de \u00eenc\u0103rcare rapid\u0103, Laptopurile pot fi \u00eenc\u0103rcate datorit\u0103 tehnologiei Power Delivery Fabricat din material ignifug ABS + PC. Specifica\u021bie: Produc\u0103tor: HOCO Model: J44 Capacitate: 10000mAh Intrare: Micro-USB: 5V \/ 2.4A, 9V \/ 2A. Tipul C: 5V \/ 2.4A (PD), 9V \/ 2A (PD), 12V \/ 1.5A (PD), 18W. Ie\u0219ire: USB: 3,6V-6,5V \/ 3A, 6,6V-9V \/ 2A, 9,1V-12V \/ 1,5A. Tip C: 5V \/ 2.4A (PD), 9V \/ 2A (PD), 12V \/ 1.5A (PD), 18W Puterea total\u0103 de ie\u0219ire: 3A Material: ABS ignifug + PC Dimensiuni: 101 * 64 * 24 mm Greutate: 192g \u00cen set: Power Bank, instruc\u021biuni Culoare<\/p>\n","protected":false},"featured_media":9543,"comment_status":"open","ping_status":"open","template":"","meta":[],"product_brand":[138],"product_cat":[178,239],"product_tag":[],"class_list":{"0":"post-9546","1":"product","2":"type-product","3":"status-publish","4":"has-post-thumbnail","6":"product_brand-hoco","7":"product_cat-acumulatori","8":"product_cat-power-bank","10":"first","11":"outofstock","12":"shipping-taxable","13":"product-type-simple"},"_links":{"self":[{"href":"https:\/\/bafo.ro\/v22\/wp-json\/wp\/v2\/product\/9546","targetHints":{"allow":["GET"]}}],"collection":[{"href":"https:\/\/bafo.ro\/v22\/wp-json\/wp\/v2\/product"}],"about":[{"href":"https:\/\/bafo.ro\/v22\/wp-json\/wp\/v2\/types\/product"}],"replies":[{"embeddable":true,"href":"https:\/\/bafo.ro\/v22\/wp-json\/wp\/v2\/comments?post=9546"}],"version-history":[{"count":0,"href":"https:\/\/bafo.ro\/v22\/wp-json\/wp\/v2\/product\/9546\/revisions"}],"wp:featuredmedia":[{"embeddable":true,"href":"https:\/\/bafo.ro\/v22\/wp-json\/wp\/v2\/media\/9543"}],"wp:attachment":[{"href":"https:\/\/bafo.ro\/v22\/wp-json\/wp\/v2\/media?parent=9546"}],"wp:term":[{"taxonomy":"product_brand","embeddable":true,"href":"https:\/\/bafo.ro\/v22\/wp-json\/wp\/v2\/product_brand?post=9546"},{"taxonomy":"product_cat","embeddable":true,"href":"https:\/\/bafo.ro\/v22\/wp-json\/wp\/v2\/product_cat?post=9546"},{"taxonomy":"product_tag","embeddable":true,"href":"https:\/\/bafo.ro\/v22\/wp-json\/wp\/v2\/product_tag?post=9546"}],"curies":[{"name":"wp","href":"https:\/\/api.w.org\/{rel}","templated":true}]}}