{"id":9174,"date":"2021-06-09T08:35:03","date_gmt":"2021-06-09T08:35:03","guid":{"rendered":"https:\/\/bafo.ro\/v22\/product\/incarcator-hoco-auto-z31a-colossus-1xusb-qc-3-0-1xusb-type-c-pd-3-0-cablu-iphone-type-c-18w-3-4a-negru\/"},"modified":"2025-03-31T16:44:01","modified_gmt":"2025-03-31T16:44:01","slug":"incarcator-hoco-auto-z31a-colossus-1xusb-qc-3-0-1xusb-type-c-pd-3-0-cablu-iphone-type-c-18w-3-4a-negru","status":"publish","type":"product","link":"https:\/\/bafo.ro\/v22\/product\/incarcator-hoco-auto-z31a-colossus-1xusb-qc-3-0-1xusb-type-c-pd-3-0-cablu-iphone-type-c-18w-3-4a-negru\/","title":{"rendered":"INCARCATOR HOCO AUTO Z31A Colossus 1xusb QC 3.0 + 1Xusb Type-c PD 3.0 + cablu Iphone &#8211; Type-c 18W, 3.4A negru"},"content":{"rendered":"<p>INCARCATOR HOCO AUTO Z31A Colossus 1xusb QC 3.0 + 1Xusb Type-c PD 3.0 + cablu Iphone &#8211; Type-c 18W, 3.4A negru<\/p>\n<p id=\"tw-target-text\" class=\"tw-data-text tw-text-large XcVN5d tw-ta\" dir=\"ltr\" data-placeholder=\"Translation\"><span class=\"Y2IQFc\" lang=\"ro\">\u00a0&#8211; este un \u00eenc\u0103rc\u0103tor auto de \u00eenalt\u0103 calitate, compact, datorit\u0103 c\u0103ruia ne putem \u00eenc\u0103rca rapid \u0219i \u00een siguran\u021b\u0103 echipamentele<\/span><\/p>\n<p><span class=\"Y2IQFc\" lang=\"ro\">&#8211; este echipat cu un port dublu (1 x USB, 1 x USB-C) care permite \u00eenc\u0103rcarea a 2 dispozitive \u00een acela\u0219i timp<\/span><\/p>\n<p class=\"tw-data-text tw-text-large XcVN5d tw-ta\" dir=\"ltr\" data-placeholder=\"Translation\"><span class=\"Y2IQFc\" lang=\"ro\"> &#8211; suport\u0103 \u00eenc\u0103rcare rapid\u0103 QC3.0 \/ QC2.0, FCP \/ SCP, AFC, APPLE 2.4A \u0219i alte protocoale (compatibil cu 99% din dispozitivele de pe pia\u021b\u0103)<\/span><\/p>\n<p><span class=\"Y2IQFc\" lang=\"ro\">\u00a0&#8211; carcasa \u00eenc\u0103rc\u0103torului este fabricat\u0103 din material de \u00eenalt\u0103 calitate<\/span><\/p>\n<p><span class=\"Y2IQFc\" lang=\"ro\">\u00a0&#8211; dispozitivul are, de asemenea, mai multe grade de protec\u021bie, printre altele \u00eempotriva supra\u00eenc\u0103rc\u0103rii \u0219i supra\u00eenc\u0103lzirii. Specifica\u021bie: Marc\u0103: HOCO Model: Z31A Intrare: 12V-24V Ie\u0219ire (USB 1): 3,6 V &#8211; 6,5 V \/ 3 A 6,6 &#8211; 9 V \/ 2 A 9,1 V &#8211; 12 V \/ 1,5 A 18 W Ie\u0219ire (USB 2): 5V &#8211; 2.0A (PD) 9V &#8211; 2.0A (PD) 12V &#8211; 1.5A (PD) 18W Puterea total\u0103 de ie\u0219ire: DC 5V \/ 3.4A (max.) Material: PC Dimensiuni: 63x31x23mm , Lungime cablu: 1m<\/span><\/p>\n","protected":false},"excerpt":{"rendered":"<p>INCARCATOR HOCO AUTO Z31A Colossus 1xusb QC 3.0 + 1Xusb Type-c PD 3.0 + cablu Iphone &#8211; Type-c 18W, 3.4A negru \u00a0&#8211; este un \u00eenc\u0103rc\u0103tor auto de \u00eenalt\u0103 calitate, compact, datorit\u0103 c\u0103ruia ne putem \u00eenc\u0103rca rapid \u0219i \u00een siguran\u021b\u0103 echipamentele &#8211; este echipat cu un port dublu (1 x USB, 1 x USB-C) care permite \u00eenc\u0103rcarea a 2 dispozitive \u00een acela\u0219i timp &#8211; suport\u0103 \u00eenc\u0103rcare rapid\u0103 QC3.0 \/ QC2.0, FCP \/ SCP, AFC, APPLE 2.4A \u0219i alte protocoale (compatibil cu 99% din dispozitivele de pe pia\u021b\u0103) \u00a0&#8211; carcasa \u00eenc\u0103rc\u0103torului este fabricat\u0103 din material de \u00eenalt\u0103 calitate \u00a0&#8211; dispozitivul are, de asemenea, mai multe grade de protec\u021bie, printre altele \u00eempotriva supra\u00eenc\u0103rc\u0103rii \u0219i supra\u00eenc\u0103lzirii. Specifica\u021bie: Marc\u0103: HOCO Model: Z31A Intrare: 12V-24V Ie\u0219ire (USB 1): 3,6 V &#8211; 6,5 V \/ 3 A 6,6 &#8211; 9 V \/ 2 A 9,1 V &#8211; 12 V \/ 1,5 A 18 W Ie\u0219ire (USB 2): 5V &#8211; 2.0A (PD) 9V &#8211; 2.0A (PD) 12V &#8211; 1.5A (PD) 18W Puterea total\u0103 de ie\u0219ire: DC 5V \/ 3.4A (max.) Material: PC Dimensiuni: 63x31x23mm , Lungime cablu: 1m<\/p>\n","protected":false},"featured_media":9175,"comment_status":"open","ping_status":"open","template":"","meta":[],"product_brand":[138],"product_cat":[90,226,105],"product_tag":[],"class_list":{"0":"post-9174","1":"product","2":"type-product","3":"status-publish","4":"has-post-thumbnail","6":"product_brand-hoco","7":"product_cat-accesorii-auto","8":"product_cat-incarcatoare","9":"product_cat-incarcator-auto","11":"first","12":"outofstock","13":"shipping-taxable","14":"product-type-simple"},"_links":{"self":[{"href":"https:\/\/bafo.ro\/v22\/wp-json\/wp\/v2\/product\/9174","targetHints":{"allow":["GET"]}}],"collection":[{"href":"https:\/\/bafo.ro\/v22\/wp-json\/wp\/v2\/product"}],"about":[{"href":"https:\/\/bafo.ro\/v22\/wp-json\/wp\/v2\/types\/product"}],"replies":[{"embeddable":true,"href":"https:\/\/bafo.ro\/v22\/wp-json\/wp\/v2\/comments?post=9174"}],"version-history":[{"count":0,"href":"https:\/\/bafo.ro\/v22\/wp-json\/wp\/v2\/product\/9174\/revisions"}],"wp:featuredmedia":[{"embeddable":true,"href":"https:\/\/bafo.ro\/v22\/wp-json\/wp\/v2\/media\/9175"}],"wp:attachment":[{"href":"https:\/\/bafo.ro\/v22\/wp-json\/wp\/v2\/media?parent=9174"}],"wp:term":[{"taxonomy":"product_brand","embeddable":true,"href":"https:\/\/bafo.ro\/v22\/wp-json\/wp\/v2\/product_brand?post=9174"},{"taxonomy":"product_cat","embeddable":true,"href":"https:\/\/bafo.ro\/v22\/wp-json\/wp\/v2\/product_cat?post=9174"},{"taxonomy":"product_tag","embeddable":true,"href":"https:\/\/bafo.ro\/v22\/wp-json\/wp\/v2\/product_tag?post=9174"}],"curies":[{"name":"wp","href":"https:\/\/api.w.org\/{rel}","templated":true}]}}