{"id":9110,"date":"2021-06-01T07:23:58","date_gmt":"2021-06-01T07:23:58","guid":{"rendered":"https:\/\/bafo.ro\/v22\/product\/incarcator-auto-remax-rcc228-fara-cablu-18w-2xusb-negru\/"},"modified":"2025-03-31T16:43:42","modified_gmt":"2025-03-31T16:43:42","slug":"incarcator-auto-remax-rcc228-fara-cablu-18w-2xusb-negru","status":"publish","type":"product","link":"https:\/\/bafo.ro\/v22\/product\/incarcator-auto-remax-rcc228-fara-cablu-18w-2xusb-negru\/","title":{"rendered":"Incarcator auto Remax RCC228 fara cablu, 18W 2XUSB negru"},"content":{"rendered":"<p id=\"tw-target-text\" class=\"tw-data-text tw-text-large XcVN5d tw-ta\" dir=\"ltr\" data-placeholder=\"Translation\"><strong><span class=\"Y2IQFc\" lang=\"ro\">SPECIFICATIILE PRODUSULUI: <\/span><\/strong><\/p>\n<p class=\"tw-data-text tw-text-large XcVN5d tw-ta\" dir=\"ltr\" data-placeholder=\"Translation\"><span class=\"Y2IQFc\" lang=\"ro\">Mini \u00eenc\u0103rc\u0103tor auto cu suport pentru tehnologia de \u00eenc\u0103rcare rapid\u0103 (PD). Are sisteme inteligente de management al energiei. Tehnologia Power Delivery v\u0103 permite s\u0103 v\u0103 \u00eenc\u0103rca\u021bi dispozitivele \u00een cel mai scurt timp. Cipul inteligent permite gestionarea inteligent\u0103 a energiei. Datorit\u0103 acestei solu\u021bii, performan\u021ba \u00eenc\u0103rc\u0103torului este \u00eentotdeauna la cel mai \u00eenalt nivel, chiar \u0219i sub sarcini mari. Cipul se potrive\u0219te, de asemenea, cu tensiunea optim\u0103 la echipamentul specific pentru a se recupera \u00een cel mai scurt timp posibil.Combina\u021bia de materiale rezistente la foc \u0219i durabile asigur\u0103 o utilizare pe termen lung \u0219i sigur\u0103. Sistemul de protec\u021bie \u00eencorporat protejeaz\u0103 \u00eempotriva supra\u00eenc\u0103rc\u0103rii, desc\u0103rc\u0103rii, supratensiunii, supra\u00eenc\u0103lzirii, supracurentului \u0219i scurtcircuitului. Clemele antiderapante de pe ambele p\u0103r\u021bi ale \u00eenc\u0103rc\u0103torului asigur\u0103 stabilitate chiar \u0219i pe drumuri denivelate. M\u00e2nerul pliabil din partea superioar\u0103 a \u00eenc\u0103rc\u0103torului faciliteaz\u0103 scoaterea acestuia din brichet\u0103. Compatibilitate larg\u0103: gadgetul este compatibil cu prize standard pentru brichete g\u0103site \u00een 99% dintre cele mai populare modele de ma\u0219ini.<\/span><\/p>\n","protected":false},"excerpt":{"rendered":"<p>SPECIFICATIILE PRODUSULUI: Mini \u00eenc\u0103rc\u0103tor auto cu suport pentru tehnologia de \u00eenc\u0103rcare rapid\u0103 (PD). Are sisteme inteligente de management al energiei. Tehnologia Power Delivery v\u0103 permite s\u0103 v\u0103 \u00eenc\u0103rca\u021bi dispozitivele \u00een cel mai scurt timp. Cipul inteligent permite gestionarea inteligent\u0103 a energiei. Datorit\u0103 acestei solu\u021bii, performan\u021ba \u00eenc\u0103rc\u0103torului este \u00eentotdeauna la cel mai \u00eenalt nivel, chiar \u0219i sub sarcini mari. Cipul se potrive\u0219te, de asemenea, cu tensiunea optim\u0103 la echipamentul specific pentru a se recupera \u00een cel mai scurt timp posibil.Combina\u021bia de materiale rezistente la foc \u0219i durabile asigur\u0103 o utilizare pe termen lung \u0219i sigur\u0103. Sistemul de protec\u021bie \u00eencorporat protejeaz\u0103 \u00eempotriva supra\u00eenc\u0103rc\u0103rii, desc\u0103rc\u0103rii, supratensiunii, supra\u00eenc\u0103lzirii, supracurentului \u0219i scurtcircuitului. Clemele antiderapante de pe ambele p\u0103r\u021bi ale \u00eenc\u0103rc\u0103torului asigur\u0103 stabilitate chiar \u0219i pe drumuri denivelate. M\u00e2nerul pliabil din partea superioar\u0103 a \u00eenc\u0103rc\u0103torului faciliteaz\u0103 scoaterea acestuia din brichet\u0103. Compatibilitate larg\u0103: gadgetul este compatibil cu prize standard pentru brichete g\u0103site \u00een 99% dintre cele mai populare modele de ma\u0219ini.<\/p>\n","protected":false},"featured_media":9111,"comment_status":"open","ping_status":"open","template":"","meta":[],"product_brand":[232],"product_cat":[90,226,105],"product_tag":[],"class_list":{"0":"post-9110","1":"product","2":"type-product","3":"status-publish","4":"has-post-thumbnail","6":"product_brand-remax","7":"product_cat-accesorii-auto","8":"product_cat-incarcatoare","9":"product_cat-incarcator-auto","11":"first","12":"outofstock","13":"shipping-taxable","14":"product-type-simple"},"_links":{"self":[{"href":"https:\/\/bafo.ro\/v22\/wp-json\/wp\/v2\/product\/9110","targetHints":{"allow":["GET"]}}],"collection":[{"href":"https:\/\/bafo.ro\/v22\/wp-json\/wp\/v2\/product"}],"about":[{"href":"https:\/\/bafo.ro\/v22\/wp-json\/wp\/v2\/types\/product"}],"replies":[{"embeddable":true,"href":"https:\/\/bafo.ro\/v22\/wp-json\/wp\/v2\/comments?post=9110"}],"version-history":[{"count":0,"href":"https:\/\/bafo.ro\/v22\/wp-json\/wp\/v2\/product\/9110\/revisions"}],"wp:featuredmedia":[{"embeddable":true,"href":"https:\/\/bafo.ro\/v22\/wp-json\/wp\/v2\/media\/9111"}],"wp:attachment":[{"href":"https:\/\/bafo.ro\/v22\/wp-json\/wp\/v2\/media?parent=9110"}],"wp:term":[{"taxonomy":"product_brand","embeddable":true,"href":"https:\/\/bafo.ro\/v22\/wp-json\/wp\/v2\/product_brand?post=9110"},{"taxonomy":"product_cat","embeddable":true,"href":"https:\/\/bafo.ro\/v22\/wp-json\/wp\/v2\/product_cat?post=9110"},{"taxonomy":"product_tag","embeddable":true,"href":"https:\/\/bafo.ro\/v22\/wp-json\/wp\/v2\/product_tag?post=9110"}],"curies":[{"name":"wp","href":"https:\/\/api.w.org\/{rel}","templated":true}]}}