{"id":9004,"date":"2021-05-21T08:30:37","date_gmt":"2021-05-21T08:30:37","guid":{"rendered":"https:\/\/bafo.ro\/v22\/product\/husa-book-forcell-elegance-samsung-galaxy-a52-gold\/"},"modified":"2025-03-31T16:43:17","modified_gmt":"2025-03-31T16:43:17","slug":"husa-book-forcell-elegance-samsung-galaxy-a52-gold","status":"publish","type":"product","link":"https:\/\/bafo.ro\/v22\/product\/husa-book-forcell-elegance-samsung-galaxy-a52-gold\/","title":{"rendered":"HUSA BOOK FORCELL ELEGANCE SAMSUNG GALAXY A52 gold"},"content":{"rendered":"<p><span lang=\"ro\">HUSA BOOK FORCELL ELEGANCE SAMSUNG GALAXY A52 gold se remarc\u0103 prin finisare precis\u0103 \u0219i confort de utilizare. \u00cenchiderea magnetic\u0103 \u00eencorporat\u0103 \u00eempiedic\u0103 alunecarea din telefonul mobil. Husa este fabricata din PC de \u00eenalt\u0103 calitate, acoperita cu piele ecologic\u0103 moale. Materialul delicat din interior protejeaz\u0103 dispozitivul de zg\u00e2rieturi.Are un m\u00e2ner din silicon \u00een interior, care v\u0103 men\u021bine telefonul \u00eentr-o pozi\u021bie stabil\u0103 \u0219i protejeaz\u0103 marginile dispozitivului. De asemenea, este echipat cu buzunar pentru documente. Are decupaje pentru \u00eenc\u0103rc\u0103tor, difuzor sau c\u0103\u0219ti \u0219i huse speciale pentru butoane func\u021bionale. Husa nu \u00eengroa\u0219\u0103 telefonul mobil. Se potrive\u0219te foarte bine dispozitivului dedicat. Este disponibil\u0103 \u00een diferite culori: negru, gri \u0219i gold.<\/span><\/p>\n","protected":false},"excerpt":{"rendered":"<p>HUSA BOOK FORCELL ELEGANCE SAMSUNG GALAXY A52 gold se remarc\u0103 prin finisare precis\u0103 \u0219i confort de utilizare. \u00cenchiderea magnetic\u0103 \u00eencorporat\u0103 \u00eempiedic\u0103 alunecarea din telefonul mobil. Husa este fabricata din PC de \u00eenalt\u0103 calitate, acoperita cu piele ecologic\u0103 moale. Materialul delicat din interior protejeaz\u0103 dispozitivul de zg\u00e2rieturi.Are un m\u00e2ner din silicon \u00een interior, care v\u0103 men\u021bine telefonul \u00eentr-o pozi\u021bie stabil\u0103 \u0219i protejeaz\u0103 marginile dispozitivului. De asemenea, este echipat cu buzunar pentru documente. Are decupaje pentru \u00eenc\u0103rc\u0103tor, difuzor sau c\u0103\u0219ti \u0219i huse speciale pentru butoane func\u021bionale. Husa nu \u00eengroa\u0219\u0103 telefonul mobil. Se potrive\u0219te foarte bine dispozitivului dedicat. Este disponibil\u0103 \u00een diferite culori: negru, gri \u0219i gold.<\/p>\n","protected":false},"featured_media":7843,"comment_status":"closed","ping_status":"open","template":"","meta":[],"product_brand":[263],"product_cat":[288,244],"product_tag":[],"class_list":{"0":"post-9004","1":"product","2":"type-product","3":"status-publish","4":"has-post-thumbnail","6":"product_brand-forcell","7":"product_cat-husa-book-forcell-elegance","8":"product_cat-huse","10":"first","11":"instock","12":"sale","13":"shipping-taxable","14":"product-type-simple"},"_links":{"self":[{"href":"https:\/\/bafo.ro\/v22\/wp-json\/wp\/v2\/product\/9004","targetHints":{"allow":["GET"]}}],"collection":[{"href":"https:\/\/bafo.ro\/v22\/wp-json\/wp\/v2\/product"}],"about":[{"href":"https:\/\/bafo.ro\/v22\/wp-json\/wp\/v2\/types\/product"}],"replies":[{"embeddable":true,"href":"https:\/\/bafo.ro\/v22\/wp-json\/wp\/v2\/comments?post=9004"}],"version-history":[{"count":1,"href":"https:\/\/bafo.ro\/v22\/wp-json\/wp\/v2\/product\/9004\/revisions"}],"predecessor-version":[{"id":9005,"href":"https:\/\/bafo.ro\/v22\/wp-json\/wp\/v2\/product\/9004\/revisions\/9005"}],"wp:featuredmedia":[{"embeddable":true,"href":"https:\/\/bafo.ro\/v22\/wp-json\/wp\/v2\/media\/7843"}],"wp:attachment":[{"href":"https:\/\/bafo.ro\/v22\/wp-json\/wp\/v2\/media?parent=9004"}],"wp:term":[{"taxonomy":"product_brand","embeddable":true,"href":"https:\/\/bafo.ro\/v22\/wp-json\/wp\/v2\/product_brand?post=9004"},{"taxonomy":"product_cat","embeddable":true,"href":"https:\/\/bafo.ro\/v22\/wp-json\/wp\/v2\/product_cat?post=9004"},{"taxonomy":"product_tag","embeddable":true,"href":"https:\/\/bafo.ro\/v22\/wp-json\/wp\/v2\/product_tag?post=9004"}],"curies":[{"name":"wp","href":"https:\/\/api.w.org\/{rel}","templated":true}]}}