{"id":8994,"date":"2021-05-21T07:22:16","date_gmt":"2021-05-21T07:22:16","guid":{"rendered":"https:\/\/bafo.ro\/v22\/product\/adaptor-audio-jack-3-5mm-iphone-alb\/"},"modified":"2025-03-31T16:43:16","modified_gmt":"2025-03-31T16:43:16","slug":"adaptor-audio-jack-3-5mm-iphone-alb","status":"publish","type":"product","link":"https:\/\/bafo.ro\/v22\/product\/adaptor-audio-jack-3-5mm-iphone-alb\/","title":{"rendered":"Adaptor audio jack 3.5mm Iphone alb"},"content":{"rendered":"<p dir=\"ltr\" data-placeholder=\"Translation\"><strong>Adaptor audio jack 3.5mm Iphone alb<\/strong><\/p>\n<p id=\"tw-target-text\" class=\"tw-data-text tw-text-large XcVN5d tw-ta\" dir=\"ltr\" data-placeholder=\"Translation\"><span class=\"Y2IQFc\" lang=\"ro\">SPECIFICATIILE PRODUSULUI. Adaptor HF compatibil cu noile iPhone 7 \u0219i iPhone 7 PLUS, care nu au muf\u0103 pentru c\u0103\u0219ti \u00eencorporat\u0103. V\u0103 permite s\u0103 conecta\u021bi c\u0103\u0219tile (sau alte dispozitive) cu o priz\u0103 de 3,5 mm direct la conectorul Iphone (priz\u0103 de \u00eenc\u0103rcare). A doua ramur\u0103 a adaptorului este echipat\u0103 cu o priz\u0103 de \u00eenc\u0103rcare. Adaptorul nu are func\u021bie de microfon. Culoare: alb<br \/>\n<\/span><\/p>\n","protected":false},"excerpt":{"rendered":"<p>Adaptor audio jack 3.5mm Iphone alb SPECIFICATIILE PRODUSULUI. Adaptor HF compatibil cu noile iPhone 7 \u0219i iPhone 7 PLUS, care nu au muf\u0103 pentru c\u0103\u0219ti \u00eencorporat\u0103. V\u0103 permite s\u0103 conecta\u021bi c\u0103\u0219tile (sau alte dispozitive) cu o priz\u0103 de 3,5 mm direct la conectorul Iphone (priz\u0103 de \u00eenc\u0103rcare). A doua ramur\u0103 a adaptorului este echipat\u0103 cu o priz\u0103 de \u00eenc\u0103rcare. Adaptorul nu are func\u021bie de microfon. Culoare: alb<\/p>\n","protected":false},"featured_media":8995,"comment_status":"open","ping_status":"open","template":"","meta":[],"product_brand":[],"product_cat":[379,467],"product_tag":[],"class_list":{"0":"post-8994","1":"product","2":"type-product","3":"status-publish","4":"has-post-thumbnail","6":"product_cat-accesorii","7":"product_cat-adaptor","9":"first","10":"outofstock","11":"shipping-taxable","12":"product-type-simple"},"_links":{"self":[{"href":"https:\/\/bafo.ro\/v22\/wp-json\/wp\/v2\/product\/8994","targetHints":{"allow":["GET"]}}],"collection":[{"href":"https:\/\/bafo.ro\/v22\/wp-json\/wp\/v2\/product"}],"about":[{"href":"https:\/\/bafo.ro\/v22\/wp-json\/wp\/v2\/types\/product"}],"replies":[{"embeddable":true,"href":"https:\/\/bafo.ro\/v22\/wp-json\/wp\/v2\/comments?post=8994"}],"version-history":[{"count":0,"href":"https:\/\/bafo.ro\/v22\/wp-json\/wp\/v2\/product\/8994\/revisions"}],"wp:featuredmedia":[{"embeddable":true,"href":"https:\/\/bafo.ro\/v22\/wp-json\/wp\/v2\/media\/8995"}],"wp:attachment":[{"href":"https:\/\/bafo.ro\/v22\/wp-json\/wp\/v2\/media?parent=8994"}],"wp:term":[{"taxonomy":"product_brand","embeddable":true,"href":"https:\/\/bafo.ro\/v22\/wp-json\/wp\/v2\/product_brand?post=8994"},{"taxonomy":"product_cat","embeddable":true,"href":"https:\/\/bafo.ro\/v22\/wp-json\/wp\/v2\/product_cat?post=8994"},{"taxonomy":"product_tag","embeddable":true,"href":"https:\/\/bafo.ro\/v22\/wp-json\/wp\/v2\/product_tag?post=8994"}],"curies":[{"name":"wp","href":"https:\/\/api.w.org\/{rel}","templated":true}]}}