{"id":8939,"date":"2021-05-17T08:35:41","date_gmt":"2021-05-17T08:35:41","guid":{"rendered":"https:\/\/bafo.ro\/v22\/product\/incarcator-hoco-type-c-n3-qc-3-0-1xusb-18w-negru\/"},"modified":"2025-03-31T16:43:06","modified_gmt":"2025-03-31T16:43:06","slug":"incarcator-hoco-type-c-n3-qc-3-0-1xusb-18w-negru","status":"publish","type":"product","link":"https:\/\/bafo.ro\/v22\/product\/incarcator-hoco-type-c-n3-qc-3-0-1xusb-18w-negru\/","title":{"rendered":"Incarcator retea Hoco N3 cu cablu Type-C QC 3.0 1xusb 18W negru"},"content":{"rendered":"<p dir=\"ltr\" data-placeholder=\"Translation\"><em><strong>Incarcator retea Hoco N3 cu cablu Type-C QC 3.0 1xusb 18W negru. <\/strong><\/em><span class=\"Y2IQFc\" lang=\"ro\">Suport\u0103 protocolul de \u00eenc\u0103rcare rapid\u0103 QC 3.0. Permite \u00eenc\u0103rcarea rapid\u0103 \u0219i sigur\u0103 a dispozitivelor.<\/span><\/p>\n<p dir=\"ltr\" data-placeholder=\"Translation\"><span class=\"Y2IQFc\" lang=\"ro\">Compact \u0219i la \u00eendem\u00e2n\u0103 &#8211; \u00eenc\u0103rc\u0103torul retea HOCO N3 este compact, ceea ce permite portabilitate \u0219i depozitare f\u0103r\u0103 probleme. Puterea total\u0103 de ie\u0219ire de 18 W permite dispozitivelor s\u0103 fie \u00eenc\u0103rcate rapid; sistemul de securitate incorporat si utilizarea materialelor durabile, rezistente la foc ofera siguranta in timpul incarcarii. Accesoriul accept\u0103 QC3.0 \/ QC2.0, FCP, Samsung AFC \u0219i alte solu\u021bii de \u00eenc\u0103rcare rapid\u0103. Vine cu cablu tip C pentru \u00eenc\u0103rcare \u0219i transfer de date.<\/span><\/p>\n<p dir=\"ltr\" data-placeholder=\"Translation\"><span class=\"Y2IQFc\" lang=\"ro\"><em>Specifica\u021bie<\/em>:<\/span><\/p>\n<p dir=\"ltr\" data-placeholder=\"Translation\"><span class=\"Y2IQFc\" lang=\"ro\">Ie\u0219ire: 3,6 V-6,5 V\/3 A, 6,6 V-9 V\/2 A, 9,1 V-12 V\/1,5 A (18 W) <\/span><\/p>\n<p dir=\"ltr\" data-placeholder=\"Translation\"><span class=\"Y2IQFc\" lang=\"ro\">Material: ABS + PC<\/span><\/p>\n<p dir=\"ltr\" data-placeholder=\"Translation\"><span class=\"Y2IQFc\" lang=\"ro\">Lungime cablu: 1 m<\/span><\/p>\n<p dir=\"ltr\" data-placeholder=\"Translation\"><span class=\"Y2IQFc\" lang=\"ro\">Dimensiune: 86 * 45 * 29 mm<\/span><\/p>\n<p dir=\"ltr\" data-placeholder=\"Translation\"><span class=\"Y2IQFc\" lang=\"ro\">Greutate: 67 g<\/span><\/p>\n","protected":false},"excerpt":{"rendered":"<p>Incarcator retea Hoco N3 cu cablu Type-C QC 3.0 1xusb 18W negru. Suport\u0103 protocolul de \u00eenc\u0103rcare rapid\u0103 QC 3.0. Permite \u00eenc\u0103rcarea rapid\u0103 \u0219i sigur\u0103 a dispozitivelor. Compact \u0219i la \u00eendem\u00e2n\u0103 &#8211; \u00eenc\u0103rc\u0103torul retea HOCO N3 este compact, ceea ce permite portabilitate \u0219i depozitare f\u0103r\u0103 probleme. Puterea total\u0103 de ie\u0219ire de 18 W permite dispozitivelor s\u0103 fie \u00eenc\u0103rcate rapid; sistemul de securitate incorporat si utilizarea materialelor durabile, rezistente la foc ofera siguranta in timpul incarcarii. Accesoriul accept\u0103 QC3.0 \/ QC2.0, FCP, Samsung AFC \u0219i alte solu\u021bii de \u00eenc\u0103rcare rapid\u0103. Vine cu cablu tip C pentru \u00eenc\u0103rcare \u0219i transfer de date. Specifica\u021bie: Ie\u0219ire: 3,6 V-6,5 V\/3 A, 6,6 V-9 V\/2 A, 9,1 V-12 V\/1,5 A (18 W) Material: ABS + PC Lungime cablu: 1 m Dimensiune: 86 * 45 * 29 mm Greutate: 67 g<\/p>\n","protected":false},"featured_media":8940,"comment_status":"open","ping_status":"open","template":"","meta":[],"product_brand":[138],"product_cat":[226,227,443],"product_tag":[],"class_list":{"0":"post-8939","1":"product","2":"type-product","3":"status-publish","4":"has-post-thumbnail","6":"product_brand-hoco","7":"product_cat-incarcatoare","8":"product_cat-incarcator-retea","9":"product_cat-incarcator-retea-type-c","11":"first","12":"outofstock","13":"shipping-taxable","14":"product-type-simple"},"_links":{"self":[{"href":"https:\/\/bafo.ro\/v22\/wp-json\/wp\/v2\/product\/8939","targetHints":{"allow":["GET"]}}],"collection":[{"href":"https:\/\/bafo.ro\/v22\/wp-json\/wp\/v2\/product"}],"about":[{"href":"https:\/\/bafo.ro\/v22\/wp-json\/wp\/v2\/types\/product"}],"replies":[{"embeddable":true,"href":"https:\/\/bafo.ro\/v22\/wp-json\/wp\/v2\/comments?post=8939"}],"version-history":[{"count":0,"href":"https:\/\/bafo.ro\/v22\/wp-json\/wp\/v2\/product\/8939\/revisions"}],"wp:featuredmedia":[{"embeddable":true,"href":"https:\/\/bafo.ro\/v22\/wp-json\/wp\/v2\/media\/8940"}],"wp:attachment":[{"href":"https:\/\/bafo.ro\/v22\/wp-json\/wp\/v2\/media?parent=8939"}],"wp:term":[{"taxonomy":"product_brand","embeddable":true,"href":"https:\/\/bafo.ro\/v22\/wp-json\/wp\/v2\/product_brand?post=8939"},{"taxonomy":"product_cat","embeddable":true,"href":"https:\/\/bafo.ro\/v22\/wp-json\/wp\/v2\/product_cat?post=8939"},{"taxonomy":"product_tag","embeddable":true,"href":"https:\/\/bafo.ro\/v22\/wp-json\/wp\/v2\/product_tag?post=8939"}],"curies":[{"name":"wp","href":"https:\/\/api.w.org\/{rel}","templated":true}]}}