{"id":8895,"date":"2021-05-13T11:00:39","date_gmt":"2021-05-13T11:00:39","guid":{"rendered":"https:\/\/bafo.ro\/v22\/product\/incarcator-retea-xo-l63cablu-type-c-1xusb-qc-negru\/"},"modified":"2025-03-31T16:42:58","modified_gmt":"2025-03-31T16:42:58","slug":"incarcator-retea-xo-l63cablu-type-c-1xusb-qc-negru","status":"publish","type":"product","link":"https:\/\/bafo.ro\/v22\/product\/incarcator-retea-xo-l63cablu-type-c-1xusb-qc-negru\/","title":{"rendered":"INCARCATOR RETEA XO L63+cablu TYPE C 1XUSB QC negru"},"content":{"rendered":"<p dir=\"ltr\" data-placeholder=\"Translation\"><strong>INCARCATOR RETEA XO-L63+cablu TYPE C 1XUSB QC negru<\/strong><\/p>\n<p id=\"tw-target-text\" class=\"tw-data-text tw-text-large XcVN5d tw-ta\" dir=\"ltr\" data-placeholder=\"Translation\"><span class=\"Y2IQFc\" lang=\"ro\">XO L63 este un \u00eenc\u0103rc\u0103tor de perete avansat echipat cu o singur\u0103 priz\u0103 USB cu func\u021bie de \u00eenc\u0103rcare rapid\u0103. Ofer\u0103 suficient\u0103 energie pentru a \u00eenc\u0103rca rapid chiar \u0219i cele mai mari dispozitive mobile disponibile, iar cablul TYPE-C suplimentar v\u0103 permite s\u0103 \u00eel utiliza\u021bi imediat. Aspectul clasic se potrive\u0219te tuturor tipurilor de interioare, iar calitatea manoperei indic\u0103 faptul c\u0103 este un dispozitiv solid \u0219i durabil.<\/span><\/p>\n","protected":false},"excerpt":{"rendered":"<p>INCARCATOR RETEA XO-L63+cablu TYPE C 1XUSB QC negru XO L63 este un \u00eenc\u0103rc\u0103tor de perete avansat echipat cu o singur\u0103 priz\u0103 USB cu func\u021bie de \u00eenc\u0103rcare rapid\u0103. Ofer\u0103 suficient\u0103 energie pentru a \u00eenc\u0103rca rapid chiar \u0219i cele mai mari dispozitive mobile disponibile, iar cablul TYPE-C suplimentar v\u0103 permite s\u0103 \u00eel utiliza\u021bi imediat. Aspectul clasic se potrive\u0219te tuturor tipurilor de interioare, iar calitatea manoperei indic\u0103 faptul c\u0103 este un dispozitiv solid \u0219i durabil.<\/p>\n","protected":false},"featured_media":8897,"comment_status":"closed","ping_status":"open","template":"","meta":[],"product_brand":[376],"product_cat":[236,234,226,227,443],"product_tag":[],"class_list":{"0":"post-8895","1":"product","2":"type-product","3":"status-publish","4":"has-post-thumbnail","6":"product_brand-xo","7":"product_cat-cablu-date-microusb","8":"product_cat-cabluri-de-date","9":"product_cat-incarcatoare","10":"product_cat-incarcator-retea","11":"product_cat-incarcator-retea-type-c","12":"pa_brand-compatibil-xo","13":"pa_culoare-alb","15":"first","16":"outofstock","17":"shipping-taxable","18":"product-type-simple"},"_links":{"self":[{"href":"https:\/\/bafo.ro\/v22\/wp-json\/wp\/v2\/product\/8895","targetHints":{"allow":["GET"]}}],"collection":[{"href":"https:\/\/bafo.ro\/v22\/wp-json\/wp\/v2\/product"}],"about":[{"href":"https:\/\/bafo.ro\/v22\/wp-json\/wp\/v2\/types\/product"}],"replies":[{"embeddable":true,"href":"https:\/\/bafo.ro\/v22\/wp-json\/wp\/v2\/comments?post=8895"}],"version-history":[{"count":1,"href":"https:\/\/bafo.ro\/v22\/wp-json\/wp\/v2\/product\/8895\/revisions"}],"predecessor-version":[{"id":8896,"href":"https:\/\/bafo.ro\/v22\/wp-json\/wp\/v2\/product\/8895\/revisions\/8896"}],"wp:featuredmedia":[{"embeddable":true,"href":"https:\/\/bafo.ro\/v22\/wp-json\/wp\/v2\/media\/8897"}],"wp:attachment":[{"href":"https:\/\/bafo.ro\/v22\/wp-json\/wp\/v2\/media?parent=8895"}],"wp:term":[{"taxonomy":"product_brand","embeddable":true,"href":"https:\/\/bafo.ro\/v22\/wp-json\/wp\/v2\/product_brand?post=8895"},{"taxonomy":"product_cat","embeddable":true,"href":"https:\/\/bafo.ro\/v22\/wp-json\/wp\/v2\/product_cat?post=8895"},{"taxonomy":"product_tag","embeddable":true,"href":"https:\/\/bafo.ro\/v22\/wp-json\/wp\/v2\/product_tag?post=8895"}],"curies":[{"name":"wp","href":"https:\/\/api.w.org\/{rel}","templated":true}]}}