{"id":8877,"date":"2021-05-13T07:12:56","date_gmt":"2021-05-13T07:12:56","guid":{"rendered":"https:\/\/bafo.ro\/v22\/product\/usb-hub-4xusb-hoco-hb1\/"},"modified":"2025-03-31T16:42:52","modified_gmt":"2025-03-31T16:42:52","slug":"usb-hub-4xusb-hoco-hb1","status":"publish","type":"product","link":"https:\/\/bafo.ro\/v22\/product\/usb-hub-4xusb-hoco-hb1\/","title":{"rendered":"USB HUB 4XUSB HOCO HB1"},"content":{"rendered":"<p id=\"tw-target-text\" class=\"tw-data-text tw-text-large XcVN5d tw-ta\" dir=\"ltr\" data-placeholder=\"Translation\"><span class=\"Y2IQFc\" lang=\"ro\">HB1 Patru porturi USB 2.0 pentru \u00eenc\u0103rcarea hubului \u0219i transferul de date accept\u0103 protec\u021bia circuitului de cablu de 80 cm<\/span><\/p>\n<p class=\"tw-data-text tw-text-large XcVN5d tw-ta\" dir=\"ltr\" data-placeholder=\"Translation\"><span class=\"Y2IQFc\" lang=\"ro\">1. 4 interfe\u021be USB 2.0 separate<\/span><\/p>\n<p class=\"tw-data-text tw-text-large XcVN5d tw-ta\" dir=\"ltr\" data-placeholder=\"Translation\"><span class=\"Y2IQFc\" lang=\"ro\">2. Distribu\u021bie inteligent\u0103 a curentului de ie\u0219ire port USB 2.0, ie\u0219ire maxim\u0103 5V, curent 500mA (PC), vitez\u0103 de transfer de date a valorii teoretice de 480mbps (60 Mb \/ s); poate conduce un hard disk mobil sub 1 Tb.<\/span><\/p>\n<p class=\"tw-data-text tw-text-large XcVN5d tw-ta\" dir=\"ltr\" data-placeholder=\"Translation\"><span class=\"Y2IQFc\" lang=\"ro\">3. Dimensiune: 78 * 25 * 25mm, lungime date 80cm, greutate net\u0103: 63g <\/span><\/p>\n<p class=\"tw-data-text tw-text-large XcVN5d tw-ta\" dir=\"ltr\" data-placeholder=\"Translation\"><span class=\"Y2IQFc\" lang=\"ro\">4. Transferul de date este stabil, extensie de interfa\u021b\u0103 USB pentru computere desktop \u0219i notebook-uri<\/span><\/p>\n<p class=\"tw-data-text tw-text-large XcVN5d tw-ta\" dir=\"ltr\" data-placeholder=\"Translation\"><span class=\"Y2IQFc\" lang=\"ro\">5. Prevenirea supratensiunii, prevenirea supracurentului, prevenirea scurtcircuitului, trei tipuri de mecanisme de protec\u021bie complete, utilizare cu u\u0219urin\u021b\u0103 <\/span><\/p>\n<p class=\"tw-data-text tw-text-large XcVN5d tw-ta\" dir=\"ltr\" data-placeholder=\"Translation\"><span class=\"Y2IQFc\" lang=\"ro\">6. Textur\u0103 delicat\u0103, structur\u0103 simpl\u0103, utilizare ridicat\u0103 a spa\u021biului.<\/span><\/p>\n","protected":false},"excerpt":{"rendered":"<p>HB1 Patru porturi USB 2.0 pentru \u00eenc\u0103rcarea hubului \u0219i transferul de date accept\u0103 protec\u021bia circuitului de cablu de 80 cm 1. 4 interfe\u021be USB 2.0 separate 2. Distribu\u021bie inteligent\u0103 a curentului de ie\u0219ire port USB 2.0, ie\u0219ire maxim\u0103 5V, curent 500mA (PC), vitez\u0103 de transfer de date a valorii teoretice de 480mbps (60 Mb \/ s); poate conduce un hard disk mobil sub 1 Tb. 3. Dimensiune: 78 * 25 * 25mm, lungime date 80cm, greutate net\u0103: 63g 4. Transferul de date este stabil, extensie de interfa\u021b\u0103 USB pentru computere desktop \u0219i notebook-uri 5. Prevenirea supratensiunii, prevenirea supracurentului, prevenirea scurtcircuitului, trei tipuri de mecanisme de protec\u021bie complete, utilizare cu u\u0219urin\u021b\u0103 6. Textur\u0103 delicat\u0103, structur\u0103 simpl\u0103, utilizare ridicat\u0103 a spa\u021biului.<\/p>\n","protected":false},"featured_media":8878,"comment_status":"open","ping_status":"open","template":"","meta":[],"product_brand":[138],"product_cat":[379,478],"product_tag":[],"class_list":{"0":"post-8877","1":"product","2":"type-product","3":"status-publish","4":"has-post-thumbnail","6":"product_brand-hoco","7":"product_cat-accesorii","8":"product_cat-hub","10":"first","11":"outofstock","12":"shipping-taxable","13":"product-type-simple"},"_links":{"self":[{"href":"https:\/\/bafo.ro\/v22\/wp-json\/wp\/v2\/product\/8877","targetHints":{"allow":["GET"]}}],"collection":[{"href":"https:\/\/bafo.ro\/v22\/wp-json\/wp\/v2\/product"}],"about":[{"href":"https:\/\/bafo.ro\/v22\/wp-json\/wp\/v2\/types\/product"}],"replies":[{"embeddable":true,"href":"https:\/\/bafo.ro\/v22\/wp-json\/wp\/v2\/comments?post=8877"}],"version-history":[{"count":0,"href":"https:\/\/bafo.ro\/v22\/wp-json\/wp\/v2\/product\/8877\/revisions"}],"wp:featuredmedia":[{"embeddable":true,"href":"https:\/\/bafo.ro\/v22\/wp-json\/wp\/v2\/media\/8878"}],"wp:attachment":[{"href":"https:\/\/bafo.ro\/v22\/wp-json\/wp\/v2\/media?parent=8877"}],"wp:term":[{"taxonomy":"product_brand","embeddable":true,"href":"https:\/\/bafo.ro\/v22\/wp-json\/wp\/v2\/product_brand?post=8877"},{"taxonomy":"product_cat","embeddable":true,"href":"https:\/\/bafo.ro\/v22\/wp-json\/wp\/v2\/product_cat?post=8877"},{"taxonomy":"product_tag","embeddable":true,"href":"https:\/\/bafo.ro\/v22\/wp-json\/wp\/v2\/product_tag?post=8877"}],"curies":[{"name":"wp","href":"https:\/\/api.w.org\/{rel}","templated":true}]}}