{"id":8835,"date":"2021-05-05T10:16:03","date_gmt":"2021-05-05T10:16:03","guid":{"rendered":"https:\/\/bafo.ro\/v22\/product\/husa-luna-carbon-huawei-p-smart-2021-albastru\/"},"modified":"2025-03-31T16:42:47","modified_gmt":"2025-03-31T16:42:47","slug":"husa-luna-carbon-huawei-p-smart-2021-albastru","status":"publish","type":"product","link":"https:\/\/bafo.ro\/v22\/product\/husa-luna-carbon-huawei-p-smart-2021-albastru\/","title":{"rendered":"HUSA LUNA CARBON HUAWEI P SMART 2021 albastru"},"content":{"rendered":"<p>HUSA LUNA CARBON HUAWEI P SMART 2021 albastru<\/p>\n<p><span class=\"Y2IQFc\" lang=\"ro\">Husa eleganta cu cadru metalic pentru protectie sporita a telefonului. Textura atractiv\u0103 \u0219i materialul pl\u0103cut la atingere creeaz\u0103 o carcas\u0103 elegant\u0103 care subliniaz\u0103 designul modern al dispozitivului. Materialul moale din piele intoarsa in interior si in partea suportului face ca dispozitivul sa fie protejat de ambele parti de deteriorare si zgarieturi. Manerul este din silicon elastic si are decupaje. Rama din aluminiu de pe margini face carcasa mai rezistenta si protejeaza si mai mult dispozitivul. Combinarea metalului cu materialul original creeaz\u0103 o compozi\u021bie unic\u0103 \u0219i modern\u0103, datorit\u0103 c\u0103reia dispozitivul se prezint\u0103 elegant \u0219i elegant. Carcasa are \u0219i un mic buzunar pentru documente sau bancnote la \u00eendem\u00e2n\u0103. Carcasa este formata dintr-o baza orizontala pentru vizionarea de filme sau fotografii. Un magnet puternic asigur\u0103 \u00eenchiderea \u0219i deschiderea u\u0219oar\u0103 a tocului \u0219i \u00eempiedic\u0103 deschiderea accidental\u0103.<\/span><\/p>\n","protected":false},"excerpt":{"rendered":"<p>HUSA LUNA CARBON HUAWEI P SMART 2021 albastru Husa eleganta cu cadru metalic pentru protectie sporita a telefonului. Textura atractiv\u0103 \u0219i materialul pl\u0103cut la atingere creeaz\u0103 o carcas\u0103 elegant\u0103 care subliniaz\u0103 designul modern al dispozitivului. Materialul moale din piele intoarsa in interior si in partea suportului face ca dispozitivul sa fie protejat de ambele parti de deteriorare si zgarieturi. Manerul este din silicon elastic si are decupaje. Rama din aluminiu de pe margini face carcasa mai rezistenta si protejeaza si mai mult dispozitivul. Combinarea metalului cu materialul original creeaz\u0103 o compozi\u021bie unic\u0103 \u0219i modern\u0103, datorit\u0103 c\u0103reia dispozitivul se prezint\u0103 elegant \u0219i elegant. Carcasa are \u0219i un mic buzunar pentru documente sau bancnote la \u00eendem\u00e2n\u0103. Carcasa este formata dintr-o baza orizontala pentru vizionarea de filme sau fotografii. Un magnet puternic asigur\u0103 \u00eenchiderea \u0219i deschiderea u\u0219oar\u0103 a tocului \u0219i \u00eempiedic\u0103 deschiderea accidental\u0103.<\/p>\n","protected":false},"featured_media":7755,"comment_status":"open","ping_status":"open","template":"","meta":[],"product_brand":[263],"product_cat":[449,244],"product_tag":[],"class_list":{"0":"post-8835","1":"product","2":"type-product","3":"status-publish","4":"has-post-thumbnail","6":"product_brand-forcell","7":"product_cat-husa-luna-carbon","8":"product_cat-huse","10":"first","11":"instock","12":"shipping-taxable","13":"product-type-simple"},"_links":{"self":[{"href":"https:\/\/bafo.ro\/v22\/wp-json\/wp\/v2\/product\/8835","targetHints":{"allow":["GET"]}}],"collection":[{"href":"https:\/\/bafo.ro\/v22\/wp-json\/wp\/v2\/product"}],"about":[{"href":"https:\/\/bafo.ro\/v22\/wp-json\/wp\/v2\/types\/product"}],"replies":[{"embeddable":true,"href":"https:\/\/bafo.ro\/v22\/wp-json\/wp\/v2\/comments?post=8835"}],"version-history":[{"count":0,"href":"https:\/\/bafo.ro\/v22\/wp-json\/wp\/v2\/product\/8835\/revisions"}],"wp:featuredmedia":[{"embeddable":true,"href":"https:\/\/bafo.ro\/v22\/wp-json\/wp\/v2\/media\/7755"}],"wp:attachment":[{"href":"https:\/\/bafo.ro\/v22\/wp-json\/wp\/v2\/media?parent=8835"}],"wp:term":[{"taxonomy":"product_brand","embeddable":true,"href":"https:\/\/bafo.ro\/v22\/wp-json\/wp\/v2\/product_brand?post=8835"},{"taxonomy":"product_cat","embeddable":true,"href":"https:\/\/bafo.ro\/v22\/wp-json\/wp\/v2\/product_cat?post=8835"},{"taxonomy":"product_tag","embeddable":true,"href":"https:\/\/bafo.ro\/v22\/wp-json\/wp\/v2\/product_tag?post=8835"}],"curies":[{"name":"wp","href":"https:\/\/api.w.org\/{rel}","templated":true}]}}