{"id":8757,"date":"2021-04-21T09:22:21","date_gmt":"2021-04-21T09:22:21","guid":{"rendered":"https:\/\/bafo.ro\/v22\/product\/incarcator-retea-hoco-n2-cu-cablu-iphone-1xusb-2-1a-alb\/"},"modified":"2025-03-31T16:42:28","modified_gmt":"2025-03-31T16:42:28","slug":"incarcator-retea-hoco-n2-cu-cablu-iphone-1xusb-2-1a-alb","status":"publish","type":"product","link":"https:\/\/bafo.ro\/v22\/product\/incarcator-retea-hoco-n2-cu-cablu-iphone-1xusb-2-1a-alb\/","title":{"rendered":"Incarcator retea Hoco N2 cu cablu Iphone 1xusb 2.1A alb"},"content":{"rendered":"<p><em><strong>Incarcator retea Hoco N2 cu cablu Iphone 1xusb 2.1A alb. <\/strong><\/em><span class=\"Y2IQFc\" lang=\"ro\">Permite \u00eenc\u0103rcarea rapid\u0103 \u0219i sigur\u0103 a dispozitivelor. Compact \u0219i la \u00eendem\u00e2n\u0103 &#8211; \u00eenc\u0103rc\u0103torul retea HOCO N2 este compact, ceea ce permite portabilitate \u0219i depozitare f\u0103r\u0103 probleme. Puterea total\u0103 de ie\u0219ire 2A permite \u00eenc\u0103rcarea rapid\u0103 a dispozitivelor; sistemul de securitate \u00eencorporat \u0219i utilizarea materialelor rezistente, ofera siguran\u021b\u0103 \u00een timpul \u00eenc\u0103rc\u0103rii. Vine cu un cablu de \u00eenc\u0103rcare deta\u0219abil:Iphone.<\/span><\/p>\n<p><span class=\"Y2IQFc\" lang=\"ro\"><em><strong>Specifica\u021bie<\/strong><\/em>: <\/span><\/p>\n<p><span class=\"Y2IQFc\" lang=\"ro\">Ie\u0219ire: USB: 5V-2A <\/span><\/p>\n<p><span class=\"Y2IQFc\" lang=\"ro\">Putere total\u0103 de ie\u0219ire: 5V-2A <\/span><\/p>\n<p><span class=\"Y2IQFc\" lang=\"ro\">Priz\u0103: UE <\/span><\/p>\n<p><span class=\"Y2IQFc\" lang=\"ro\">Material: PC<\/span><\/p>\n<p><span class=\"Y2IQFc\" lang=\"ro\">Dimensiune: 83 * 42 * 25 mm <\/span><\/p>\n<p><span class=\"Y2IQFc\" lang=\"ro\">Greutate: 41 g<\/span><\/p>\n","protected":false},"excerpt":{"rendered":"<p>Incarcator retea Hoco N2 cu cablu Iphone 1xusb 2.1A alb. Permite \u00eenc\u0103rcarea rapid\u0103 \u0219i sigur\u0103 a dispozitivelor. Compact \u0219i la \u00eendem\u00e2n\u0103 &#8211; \u00eenc\u0103rc\u0103torul retea HOCO N2 este compact, ceea ce permite portabilitate \u0219i depozitare f\u0103r\u0103 probleme. Puterea total\u0103 de ie\u0219ire 2A permite \u00eenc\u0103rcarea rapid\u0103 a dispozitivelor; sistemul de securitate \u00eencorporat \u0219i utilizarea materialelor rezistente, ofera siguran\u021b\u0103 \u00een timpul \u00eenc\u0103rc\u0103rii. Vine cu un cablu de \u00eenc\u0103rcare deta\u0219abil:Iphone. Specifica\u021bie: Ie\u0219ire: USB: 5V-2A Putere total\u0103 de ie\u0219ire: 5V-2A Priz\u0103: UE Material: PC Dimensiune: 83 * 42 * 25 mm Greutate: 41 g<\/p>\n","protected":false},"featured_media":8759,"comment_status":"closed","ping_status":"open","template":"","meta":[],"product_brand":[138],"product_cat":[226,227,372],"product_tag":[],"class_list":{"0":"post-8757","1":"product","2":"type-product","3":"status-publish","4":"has-post-thumbnail","6":"product_brand-hoco","7":"product_cat-incarcatoare","8":"product_cat-incarcator-retea","9":"product_cat-incarcator-retea-iphone","11":"first","12":"outofstock","13":"sale","14":"shipping-taxable","15":"product-type-simple"},"_links":{"self":[{"href":"https:\/\/bafo.ro\/v22\/wp-json\/wp\/v2\/product\/8757","targetHints":{"allow":["GET"]}}],"collection":[{"href":"https:\/\/bafo.ro\/v22\/wp-json\/wp\/v2\/product"}],"about":[{"href":"https:\/\/bafo.ro\/v22\/wp-json\/wp\/v2\/types\/product"}],"replies":[{"embeddable":true,"href":"https:\/\/bafo.ro\/v22\/wp-json\/wp\/v2\/comments?post=8757"}],"version-history":[{"count":1,"href":"https:\/\/bafo.ro\/v22\/wp-json\/wp\/v2\/product\/8757\/revisions"}],"predecessor-version":[{"id":8758,"href":"https:\/\/bafo.ro\/v22\/wp-json\/wp\/v2\/product\/8757\/revisions\/8758"}],"wp:featuredmedia":[{"embeddable":true,"href":"https:\/\/bafo.ro\/v22\/wp-json\/wp\/v2\/media\/8759"}],"wp:attachment":[{"href":"https:\/\/bafo.ro\/v22\/wp-json\/wp\/v2\/media?parent=8757"}],"wp:term":[{"taxonomy":"product_brand","embeddable":true,"href":"https:\/\/bafo.ro\/v22\/wp-json\/wp\/v2\/product_brand?post=8757"},{"taxonomy":"product_cat","embeddable":true,"href":"https:\/\/bafo.ro\/v22\/wp-json\/wp\/v2\/product_cat?post=8757"},{"taxonomy":"product_tag","embeddable":true,"href":"https:\/\/bafo.ro\/v22\/wp-json\/wp\/v2\/product_tag?post=8757"}],"curies":[{"name":"wp","href":"https:\/\/api.w.org\/{rel}","templated":true}]}}