{"id":8152,"date":"2021-01-26T09:39:15","date_gmt":"2021-01-26T09:39:15","guid":{"rendered":"https:\/\/bafo.ro\/v22\/product\/boxa-portabila-bt-hoco-bs39-cool-sport-albastru\/"},"modified":"2025-03-31T16:40:09","modified_gmt":"2025-03-31T16:40:09","slug":"boxa-portabila-bt-hoco-bs39-cool-sport-albastru","status":"publish","type":"product","link":"https:\/\/bafo.ro\/v22\/product\/boxa-portabila-bt-hoco-bs39-cool-sport-albastru\/","title":{"rendered":"BOXA PORTABILA BT HOCO BS39 Cool Sport ALBASTRU"},"content":{"rendered":"<p><strong>SPECIFICATIILE PRODUSULUI.<\/strong><\/p>\n<p><em> Difuzor portabil f\u0103r\u0103 fir HOCO.<\/em> V\u0103 permite s\u0103 v\u0103 bucura\u021bi de muzica preferat\u0103 aproape oriunde. Dimensiunile reduse fac produsul perfect pentru c\u0103l\u0103torii ca sta\u021bie de muzic\u0103 portabil\u0103. Bateria extrem de capabil\u0103 permite c\u00e2teva ore de ascultare a muzicii, cu o durat\u0103 de p\u00e2n\u0103 la 6 ore, la o singur\u0103 \u00eenc\u0103rcare. Universal: un accesoriu compatibil cu toate dispozitivele cu tehnologie Bluetooth. Br\u0103\u021bara \u00eencorporat\u0103 v\u0103 permite s\u0103 conecta\u021bi produsul la m\u00e2n\u0103 \u0219i s\u0103 \u021bine\u021bi difuzorul cu dvs.<\/p>\n","protected":false},"excerpt":{"rendered":"<p>SPECIFICATIILE PRODUSULUI. Difuzor portabil f\u0103r\u0103 fir HOCO. V\u0103 permite s\u0103 v\u0103 bucura\u021bi de muzica preferat\u0103 aproape oriunde. Dimensiunile reduse fac produsul perfect pentru c\u0103l\u0103torii ca sta\u021bie de muzic\u0103 portabil\u0103. Bateria extrem de capabil\u0103 permite c\u00e2teva ore de ascultare a muzicii, cu o durat\u0103 de p\u00e2n\u0103 la 6 ore, la o singur\u0103 \u00eenc\u0103rcare. Universal: un accesoriu compatibil cu toate dispozitivele cu tehnologie Bluetooth. Br\u0103\u021bara \u00eencorporat\u0103 v\u0103 permite s\u0103 conecta\u021bi produsul la m\u00e2n\u0103 \u0219i s\u0103 \u021bine\u021bi difuzorul cu dvs.<\/p>\n","protected":false},"featured_media":8153,"comment_status":"open","ping_status":"open","template":"","meta":[],"product_brand":[],"product_cat":[149,286,461,462],"product_tag":[],"class_list":{"0":"post-8152","1":"product","2":"type-product","3":"status-publish","4":"has-post-thumbnail","6":"product_cat-accesorii-pc","7":"product_cat-boxe","8":"product_cat-boxe-accesorii-pc","9":"product_cat-boxe-portabile","11":"first","12":"outofstock","13":"shipping-taxable","14":"product-type-simple"},"_links":{"self":[{"href":"https:\/\/bafo.ro\/v22\/wp-json\/wp\/v2\/product\/8152","targetHints":{"allow":["GET"]}}],"collection":[{"href":"https:\/\/bafo.ro\/v22\/wp-json\/wp\/v2\/product"}],"about":[{"href":"https:\/\/bafo.ro\/v22\/wp-json\/wp\/v2\/types\/product"}],"replies":[{"embeddable":true,"href":"https:\/\/bafo.ro\/v22\/wp-json\/wp\/v2\/comments?post=8152"}],"version-history":[{"count":0,"href":"https:\/\/bafo.ro\/v22\/wp-json\/wp\/v2\/product\/8152\/revisions"}],"wp:featuredmedia":[{"embeddable":true,"href":"https:\/\/bafo.ro\/v22\/wp-json\/wp\/v2\/media\/8153"}],"wp:attachment":[{"href":"https:\/\/bafo.ro\/v22\/wp-json\/wp\/v2\/media?parent=8152"}],"wp:term":[{"taxonomy":"product_brand","embeddable":true,"href":"https:\/\/bafo.ro\/v22\/wp-json\/wp\/v2\/product_brand?post=8152"},{"taxonomy":"product_cat","embeddable":true,"href":"https:\/\/bafo.ro\/v22\/wp-json\/wp\/v2\/product_cat?post=8152"},{"taxonomy":"product_tag","embeddable":true,"href":"https:\/\/bafo.ro\/v22\/wp-json\/wp\/v2\/product_tag?post=8152"}],"curies":[{"name":"wp","href":"https:\/\/api.w.org\/{rel}","templated":true}]}}