{"id":7996,"date":"2020-12-28T10:22:22","date_gmt":"2020-12-28T10:22:22","guid":{"rendered":"https:\/\/bafo.ro\/v22\/product\/suport-auto-setty-froggy\/"},"modified":"2025-03-31T16:39:23","modified_gmt":"2025-03-31T16:39:23","slug":"suport-auto-setty-froggy","status":"publish","type":"product","link":"https:\/\/bafo.ro\/v22\/product\/suport-auto-setty-froggy\/","title":{"rendered":"SUPORT AUTO SETTY FROGGY"},"content":{"rendered":"<p>SUPORT AUTO SETTY FROGGY<\/p>\n<p>Suportul Setty special conceput v\u0103 permite s\u0103 accesa\u021bi func\u021bia smartphone \u00een timp ce conduce\u021bi. Pute\u021bi s\u0103-l fixa\u021bi pe sticl\u0103 \u0219i s\u0103 seta\u021bi orice unghi pentru a asigura o vizibilitate perfect\u0103. Clipul universal se potrive\u0219te majorit\u0103\u021bii smartphone-urilor, lungimea m\u00e2nerului este de aproximativ 9 cm. M\u00e2nerul universal Setty are un cap rotativ, astfel \u00eenc\u00e2t s\u0103 putem seta smartphone-ul at\u00e2t \u00een \u200b\u200bpozi\u021bie orizontal\u0103, c\u00e2t \u0219i vertical\u0103.<\/p>\n","protected":false},"excerpt":{"rendered":"<p>SUPORT AUTO SETTY FROGGY Suportul Setty special conceput v\u0103 permite s\u0103 accesa\u021bi func\u021bia smartphone \u00een timp ce conduce\u021bi. Pute\u021bi s\u0103-l fixa\u021bi pe sticl\u0103 \u0219i s\u0103 seta\u021bi orice unghi pentru a asigura o vizibilitate perfect\u0103. Clipul universal se potrive\u0219te majorit\u0103\u021bii smartphone-urilor, lungimea m\u00e2nerului este de aproximativ 9 cm. M\u00e2nerul universal Setty are un cap rotativ, astfel \u00eenc\u00e2t s\u0103 putem seta smartphone-ul at\u00e2t \u00een \u200b\u200bpozi\u021bie orizontal\u0103, c\u00e2t \u0219i vertical\u0103.<\/p>\n","protected":false},"featured_media":7997,"comment_status":"open","ping_status":"open","template":"","meta":[],"product_brand":[],"product_cat":[90,91],"product_tag":[],"class_list":{"0":"post-7996","1":"product","2":"type-product","3":"status-publish","4":"has-post-thumbnail","6":"product_cat-accesorii-auto","7":"product_cat-suport-auto","9":"first","10":"instock","11":"shipping-taxable","12":"product-type-simple"},"_links":{"self":[{"href":"https:\/\/bafo.ro\/v22\/wp-json\/wp\/v2\/product\/7996","targetHints":{"allow":["GET"]}}],"collection":[{"href":"https:\/\/bafo.ro\/v22\/wp-json\/wp\/v2\/product"}],"about":[{"href":"https:\/\/bafo.ro\/v22\/wp-json\/wp\/v2\/types\/product"}],"replies":[{"embeddable":true,"href":"https:\/\/bafo.ro\/v22\/wp-json\/wp\/v2\/comments?post=7996"}],"version-history":[{"count":0,"href":"https:\/\/bafo.ro\/v22\/wp-json\/wp\/v2\/product\/7996\/revisions"}],"wp:featuredmedia":[{"embeddable":true,"href":"https:\/\/bafo.ro\/v22\/wp-json\/wp\/v2\/media\/7997"}],"wp:attachment":[{"href":"https:\/\/bafo.ro\/v22\/wp-json\/wp\/v2\/media?parent=7996"}],"wp:term":[{"taxonomy":"product_brand","embeddable":true,"href":"https:\/\/bafo.ro\/v22\/wp-json\/wp\/v2\/product_brand?post=7996"},{"taxonomy":"product_cat","embeddable":true,"href":"https:\/\/bafo.ro\/v22\/wp-json\/wp\/v2\/product_cat?post=7996"},{"taxonomy":"product_tag","embeddable":true,"href":"https:\/\/bafo.ro\/v22\/wp-json\/wp\/v2\/product_tag?post=7996"}],"curies":[{"name":"wp","href":"https:\/\/api.w.org\/{rel}","templated":true}]}}