{"id":7991,"date":"2020-12-28T10:08:36","date_gmt":"2020-12-28T10:08:36","guid":{"rendered":"https:\/\/bafo.ro\/v22\/product\/suport-auto-maxlife-mxch-13\/"},"modified":"2025-03-31T16:39:23","modified_gmt":"2025-03-31T16:39:23","slug":"suport-auto-maxlife-mxch-13","status":"publish","type":"product","link":"https:\/\/bafo.ro\/v22\/product\/suport-auto-maxlife-mxch-13\/","title":{"rendered":"SUPORT AUTO MAXLIFE MXCH 13"},"content":{"rendered":"<p>SUPORT AUTO MAXLIFE MXCH-13<\/p>\n<p id=\"tw-target-text\" class=\"tw-data-text tw-text-large XcVN5d tw-ta\" dir=\"ltr\" data-placeholder=\"Translation\"><span lang=\"ro\">Suportul telefonului permite amplasarea convenabil\u0103 a dispozitivului pe o gril\u0103 de ventila\u021bie. Catarama solid\u0103 ofer\u0103 for\u021ba de prindere potrivit\u0103, iar designul s\u0103u va ad\u0103uga elegan\u021b\u0103 oric\u0103rei ma\u0219ini. Suportul magnetic \u00eembun\u0103t\u0103\u021be\u0219te confortul de conducere al fiec\u0103rui \u0219ofer, iar func\u021bionarea sa u\u0219oar\u0103 \u00eel face apreciat de fiecare \u0219ofer. Dimensiuni: 6&#215;4,3&#215;4 cm<\/span><\/p>\n","protected":false},"excerpt":{"rendered":"<p>SUPORT AUTO MAXLIFE MXCH-13 Suportul telefonului permite amplasarea convenabil\u0103 a dispozitivului pe o gril\u0103 de ventila\u021bie. Catarama solid\u0103 ofer\u0103 for\u021ba de prindere potrivit\u0103, iar designul s\u0103u va ad\u0103uga elegan\u021b\u0103 oric\u0103rei ma\u0219ini. Suportul magnetic \u00eembun\u0103t\u0103\u021be\u0219te confortul de conducere al fiec\u0103rui \u0219ofer, iar func\u021bionarea sa u\u0219oar\u0103 \u00eel face apreciat de fiecare \u0219ofer. Dimensiuni: 6&#215;4,3&#215;4 cm<\/p>\n","protected":false},"featured_media":7993,"comment_status":"closed","ping_status":"open","template":"","meta":[],"product_brand":[],"product_cat":[90,91],"product_tag":[],"class_list":{"0":"post-7991","1":"product","2":"type-product","3":"status-publish","4":"has-post-thumbnail","6":"product_cat-accesorii-auto","7":"product_cat-suport-auto","9":"first","10":"outofstock","11":"shipping-taxable","12":"product-type-simple"},"_links":{"self":[{"href":"https:\/\/bafo.ro\/v22\/wp-json\/wp\/v2\/product\/7991","targetHints":{"allow":["GET"]}}],"collection":[{"href":"https:\/\/bafo.ro\/v22\/wp-json\/wp\/v2\/product"}],"about":[{"href":"https:\/\/bafo.ro\/v22\/wp-json\/wp\/v2\/types\/product"}],"replies":[{"embeddable":true,"href":"https:\/\/bafo.ro\/v22\/wp-json\/wp\/v2\/comments?post=7991"}],"version-history":[{"count":1,"href":"https:\/\/bafo.ro\/v22\/wp-json\/wp\/v2\/product\/7991\/revisions"}],"predecessor-version":[{"id":7992,"href":"https:\/\/bafo.ro\/v22\/wp-json\/wp\/v2\/product\/7991\/revisions\/7992"}],"wp:featuredmedia":[{"embeddable":true,"href":"https:\/\/bafo.ro\/v22\/wp-json\/wp\/v2\/media\/7993"}],"wp:attachment":[{"href":"https:\/\/bafo.ro\/v22\/wp-json\/wp\/v2\/media?parent=7991"}],"wp:term":[{"taxonomy":"product_brand","embeddable":true,"href":"https:\/\/bafo.ro\/v22\/wp-json\/wp\/v2\/product_brand?post=7991"},{"taxonomy":"product_cat","embeddable":true,"href":"https:\/\/bafo.ro\/v22\/wp-json\/wp\/v2\/product_cat?post=7991"},{"taxonomy":"product_tag","embeddable":true,"href":"https:\/\/bafo.ro\/v22\/wp-json\/wp\/v2\/product_tag?post=7991"}],"curies":[{"name":"wp","href":"https:\/\/api.w.org\/{rel}","templated":true}]}}