{"id":7764,"date":"2020-11-04T07:56:51","date_gmt":"2020-11-04T07:56:51","guid":{"rendered":"https:\/\/bafo.ro\/v22\/product\/suport-auto-magnetic-hoco-ca61\/"},"modified":"2025-03-31T16:38:30","modified_gmt":"2025-03-31T16:38:30","slug":"suport-auto-magnetic-hoco-ca61","status":"publish","type":"product","link":"https:\/\/bafo.ro\/v22\/product\/suport-auto-magnetic-hoco-ca61\/","title":{"rendered":"SUPORT AUTO magnetic HOCO CA61 negru"},"content":{"rendered":"<p><strong>Suport magnetic auto\u00a0 HOCO CA61<\/strong><\/p>\n<ul>\n<li>este montat pe tabloul de bord al ma\u0219inii, fabricat din componente de \u00eenalt\u0103 calitate &#8211; ABS \u0219i silicon, garanteaz\u0103 o utilizare sigur\u0103 \u0219i pe termen lung.<\/li>\n<li>faciliteaz\u0103 utilizarea telefonului \u00een timpul conducerii, asigurand confortul \u0219i siguran\u021ba<\/li>\n<li>designul compact faciliteaz\u0103 depozitarea m\u00e2nerului \u0219i nu blocheaz\u0103 vizibilitatea<\/li>\n<li>magnetul \u00eencorporat ofer\u0103 o prindere puternic\u0103 \u0219i solid\u0103 a dispozitivului \u00een timp ce conduce\u021bi<\/li>\n<li>universal &#8211; pentru a profita de propriet\u0103\u021bile magnetice ale suportului, trebuie doar s\u0103 monta\u021bi o plac\u0103 metalic\u0103 pe telefon sau carcas\u0103.<\/li>\n<li>\u00a0<em>Specifica\u021bie<\/em>:\u00a0 Material: ABS + silicon<\/li>\n<li>\u00a0 \u00a0 \u00a0 \u00a0 \u00a0 \u00a0 \u00a0 \u00a0 \u00a0 \u00a0 \u00a0Dimensiune: 160 * 45 * 43 mm<\/li>\n<li>\u00a0 \u00a0 \u00a0 \u00a0 \u00a0 \u00a0 \u00a0 \u00a0 \u00a0 \u00a0 \u00a0Greutate: 63g<\/li>\n<li>\u00a0 \u00a0 \u00a0 \u00a0 \u00a0 \u00a0 \u00a0 \u00a0 \u00a0 \u00a0 \u00a0Loca\u021bie de montare: tablou de bord<\/li>\n<\/ul>\n","protected":false},"excerpt":{"rendered":"<p>Suport magnetic auto\u00a0 HOCO CA61 este montat pe tabloul de bord al ma\u0219inii, fabricat din componente de \u00eenalt\u0103 calitate &#8211; ABS \u0219i silicon, garanteaz\u0103 o utilizare sigur\u0103 \u0219i pe termen lung. faciliteaz\u0103 utilizarea telefonului \u00een timpul conducerii, asigurand confortul \u0219i siguran\u021ba designul compact faciliteaz\u0103 depozitarea m\u00e2nerului \u0219i nu blocheaz\u0103 vizibilitatea magnetul \u00eencorporat ofer\u0103 o prindere puternic\u0103 \u0219i solid\u0103 a dispozitivului \u00een timp ce conduce\u021bi universal &#8211; pentru a profita de propriet\u0103\u021bile magnetice ale suportului, trebuie doar s\u0103 monta\u021bi o plac\u0103 metalic\u0103 pe telefon sau carcas\u0103. \u00a0Specifica\u021bie:\u00a0 Material: ABS + silicon \u00a0 \u00a0 \u00a0 \u00a0 \u00a0 \u00a0 \u00a0 \u00a0 \u00a0 \u00a0 \u00a0Dimensiune: 160 * 45 * 43 mm \u00a0 \u00a0 \u00a0 \u00a0 \u00a0 \u00a0 \u00a0 \u00a0 \u00a0 \u00a0 \u00a0Greutate: 63g \u00a0 \u00a0 \u00a0 \u00a0 \u00a0 \u00a0 \u00a0 \u00a0 \u00a0 \u00a0 \u00a0Loca\u021bie de montare: tablou de bord<\/p>\n","protected":false},"featured_media":7766,"comment_status":"closed","ping_status":"open","template":"","meta":[],"product_brand":[138],"product_cat":[90,91],"product_tag":[],"class_list":{"0":"post-7764","1":"product","2":"type-product","3":"status-publish","4":"has-post-thumbnail","6":"product_brand-hoco","7":"product_cat-accesorii-auto","8":"product_cat-suport-auto","9":"pa_brand-compatibil-hoco","10":"pa_culoare-negru","12":"first","13":"outofstock","14":"shipping-taxable","15":"product-type-simple"},"_links":{"self":[{"href":"https:\/\/bafo.ro\/v22\/wp-json\/wp\/v2\/product\/7764","targetHints":{"allow":["GET"]}}],"collection":[{"href":"https:\/\/bafo.ro\/v22\/wp-json\/wp\/v2\/product"}],"about":[{"href":"https:\/\/bafo.ro\/v22\/wp-json\/wp\/v2\/types\/product"}],"replies":[{"embeddable":true,"href":"https:\/\/bafo.ro\/v22\/wp-json\/wp\/v2\/comments?post=7764"}],"version-history":[{"count":1,"href":"https:\/\/bafo.ro\/v22\/wp-json\/wp\/v2\/product\/7764\/revisions"}],"predecessor-version":[{"id":7765,"href":"https:\/\/bafo.ro\/v22\/wp-json\/wp\/v2\/product\/7764\/revisions\/7765"}],"wp:featuredmedia":[{"embeddable":true,"href":"https:\/\/bafo.ro\/v22\/wp-json\/wp\/v2\/media\/7766"}],"wp:attachment":[{"href":"https:\/\/bafo.ro\/v22\/wp-json\/wp\/v2\/media?parent=7764"}],"wp:term":[{"taxonomy":"product_brand","embeddable":true,"href":"https:\/\/bafo.ro\/v22\/wp-json\/wp\/v2\/product_brand?post=7764"},{"taxonomy":"product_cat","embeddable":true,"href":"https:\/\/bafo.ro\/v22\/wp-json\/wp\/v2\/product_cat?post=7764"},{"taxonomy":"product_tag","embeddable":true,"href":"https:\/\/bafo.ro\/v22\/wp-json\/wp\/v2\/product_tag?post=7764"}],"curies":[{"name":"wp","href":"https:\/\/api.w.org\/{rel}","templated":true}]}}