{"id":7009,"date":"2020-07-07T12:31:47","date_gmt":"2020-07-07T12:31:47","guid":{"rendered":"https:\/\/bafo.ro\/v22\/product\/sticla-protectie-blue-star-huawei-p40-lite\/"},"modified":"2025-03-31T16:35:20","modified_gmt":"2025-03-31T16:35:20","slug":"sticla-protectie-blue-star-huawei-p40-lite","status":"publish","type":"product","link":"https:\/\/bafo.ro\/v22\/product\/sticla-protectie-blue-star-huawei-p40-lite\/","title":{"rendered":"STICLA PROTECTIE BLUE STAR HUAWEI P40 LITE"},"content":{"rendered":"<p id=\"tw-target-text\" class=\"tw-data-text tw-text-large tw-ta\" dir=\"ltr\" data-placeholder=\"Translation\"><span class=\"Y2IQFc\" lang=\"ro\">Sticl\u0103 Blue Star duritate de 9H pentru a prelungi durata de via\u021b\u0103 a ecranului dispozitivului t\u0103u. Datorit\u0103 grosimii extrem de reduse de 0,3 mm, este complet nedetectabil \u0219i invizibil. Ofer\u0103 100% valoarea atingerii \u0219i libertatea de utilizare. Sticla protejeaza ecranul impotriva fisurilor, zgarieturilor si deteriorarii. Acoperirea oleofob\u0103 ofer\u0103 claritate ecranului \u0219i rezisten\u021b\u0103 la amprente \u0219i murd\u0103rie. Sticla a inclus elemente necesare pentru auto-asamblare cu autocolante speciale pentru a facilita amplasarea corect\u0103 a sticlei. Dup\u0103 aplicare, sticla ader\u0103 bine pe ecran, f\u0103r\u0103 a l\u0103sa bule de aer. Formularea neadeziv\u0103 faciliteaz\u0103 imaginea sticlei f\u0103r\u0103 a l\u0103sa urme. Marginile sticlei sunt rotunjite \u2013 siguranta garantata. <\/span><\/p>\n<p class=\"tw-data-text tw-text-large tw-ta\" dir=\"ltr\" data-placeholder=\"Translation\"><span class=\"Y2IQFc\" lang=\"ro\"><em>Propriet\u0103\u021bi:<\/em> <\/span><\/p>\n<p class=\"tw-data-text tw-text-large tw-ta\" dir=\"ltr\" data-placeholder=\"Translation\"><span class=\"Y2IQFc\" lang=\"ro\">Lipici: Pe toata suprafata<\/span><\/p>\n<p class=\"tw-data-text tw-text-large tw-ta\" dir=\"ltr\" data-placeholder=\"Translation\"><span class=\"Y2IQFc\" lang=\"ro\">Grosime: 0,3 mm <\/span><\/p>\n<p class=\"tw-data-text tw-text-large tw-ta\" dir=\"ltr\" data-placeholder=\"Translation\"><span class=\"Y2IQFc\" lang=\"ro\">Material: sticla securizata <\/span><\/p>\n<p class=\"tw-data-text tw-text-large tw-ta\" dir=\"ltr\" data-placeholder=\"Translation\"><span class=\"Y2IQFc\" lang=\"ro\">Nivel de protec\u021bie: Foarte ridicat<\/span><\/p>\n<p class=\"tw-data-text tw-text-large tw-ta\" dir=\"ltr\" data-placeholder=\"Translation\"><span class=\"Y2IQFc\" lang=\"ro\">Aspect: Elemente de culoare compatibile cu modelul de telefon <\/span><\/p>\n<p class=\"tw-data-text tw-text-large tw-ta\" dir=\"ltr\" data-placeholder=\"Translation\"><span class=\"Y2IQFc\" lang=\"ro\"><em>Setul include:<\/em><\/span><\/p>\n<p class=\"tw-data-text tw-text-large tw-ta\" dir=\"ltr\" data-placeholder=\"Translation\"><span class=\"Y2IQFc\" lang=\"ro\">&#8211; film <\/span><\/p>\n<p class=\"tw-data-text tw-text-large tw-ta\" dir=\"ltr\" data-placeholder=\"Translation\"><span class=\"Y2IQFc\" lang=\"ro\">&#8211; servetel pentru \u00eendep\u0103rtarea prafului \u0219terge ecranul degresant<\/span><\/p>\n<p class=\"tw-data-text tw-text-large tw-ta\" dir=\"ltr\" data-placeholder=\"Translation\"><span class=\"Y2IQFc\" lang=\"ro\">&#8211; servetel de cur\u0103\u021bare pentru \u00eendep\u0103rtarea bulelor de aer <\/span><\/p>\n<p class=\"tw-data-text tw-text-large tw-ta\" dir=\"ltr\" data-placeholder=\"Translation\"><span class=\"Y2IQFc\" lang=\"ro\">&#8211; set de autocolante pentru a permite pozitionarea precisa a sticlei pe ecran<\/span><\/p>\n","protected":false},"excerpt":{"rendered":"<p>Sticl\u0103 Blue Star duritate de 9H pentru a prelungi durata de via\u021b\u0103 a ecranului dispozitivului t\u0103u. Datorit\u0103 grosimii extrem de reduse de 0,3 mm, este complet nedetectabil \u0219i invizibil. Ofer\u0103 100% valoarea atingerii \u0219i libertatea de utilizare. Sticla protejeaza ecranul impotriva fisurilor, zgarieturilor si deteriorarii. Acoperirea oleofob\u0103 ofer\u0103 claritate ecranului \u0219i rezisten\u021b\u0103 la amprente \u0219i murd\u0103rie. Sticla a inclus elemente necesare pentru auto-asamblare cu autocolante speciale pentru a facilita amplasarea corect\u0103 a sticlei. Dup\u0103 aplicare, sticla ader\u0103 bine pe ecran, f\u0103r\u0103 a l\u0103sa bule de aer. Formularea neadeziv\u0103 faciliteaz\u0103 imaginea sticlei f\u0103r\u0103 a l\u0103sa urme. Marginile sticlei sunt rotunjite \u2013 siguranta garantata. Propriet\u0103\u021bi: Lipici: Pe toata suprafata Grosime: 0,3 mm Material: sticla securizata Nivel de protec\u021bie: Foarte ridicat Aspect: Elemente de culoare compatibile cu modelul de telefon Setul include: &#8211; film &#8211; servetel pentru \u00eendep\u0103rtarea prafului \u0219terge ecranul degresant &#8211; servetel de cur\u0103\u021bare pentru \u00eendep\u0103rtarea bulelor de aer &#8211; set de autocolante pentru a permite pozitionarea precisa a sticlei pe ecran<\/p>\n","protected":false},"featured_media":5164,"comment_status":"open","ping_status":"open","template":"","meta":[],"product_brand":[],"product_cat":[268,247],"product_tag":[],"class_list":{"0":"post-7009","1":"product","2":"type-product","3":"status-publish","4":"has-post-thumbnail","6":"product_cat-blue-star","7":"product_cat-sticle-protectie","9":"first","10":"instock","11":"shipping-taxable","12":"product-type-simple"},"_links":{"self":[{"href":"https:\/\/bafo.ro\/v22\/wp-json\/wp\/v2\/product\/7009","targetHints":{"allow":["GET"]}}],"collection":[{"href":"https:\/\/bafo.ro\/v22\/wp-json\/wp\/v2\/product"}],"about":[{"href":"https:\/\/bafo.ro\/v22\/wp-json\/wp\/v2\/types\/product"}],"replies":[{"embeddable":true,"href":"https:\/\/bafo.ro\/v22\/wp-json\/wp\/v2\/comments?post=7009"}],"version-history":[{"count":0,"href":"https:\/\/bafo.ro\/v22\/wp-json\/wp\/v2\/product\/7009\/revisions"}],"wp:featuredmedia":[{"embeddable":true,"href":"https:\/\/bafo.ro\/v22\/wp-json\/wp\/v2\/media\/5164"}],"wp:attachment":[{"href":"https:\/\/bafo.ro\/v22\/wp-json\/wp\/v2\/media?parent=7009"}],"wp:term":[{"taxonomy":"product_brand","embeddable":true,"href":"https:\/\/bafo.ro\/v22\/wp-json\/wp\/v2\/product_brand?post=7009"},{"taxonomy":"product_cat","embeddable":true,"href":"https:\/\/bafo.ro\/v22\/wp-json\/wp\/v2\/product_cat?post=7009"},{"taxonomy":"product_tag","embeddable":true,"href":"https:\/\/bafo.ro\/v22\/wp-json\/wp\/v2\/product_tag?post=7009"}],"curies":[{"name":"wp","href":"https:\/\/api.w.org\/{rel}","templated":true}]}}