{"id":6513,"date":"2020-02-13T10:12:33","date_gmt":"2020-02-13T10:12:33","guid":{"rendered":"https:\/\/bafo.ro\/v22\/product\/brat-selfie-blun-albastru\/"},"modified":"2025-03-31T16:33:26","modified_gmt":"2025-03-31T16:33:26","slug":"brat-selfie-blun-albastru","status":"publish","type":"product","link":"https:\/\/bafo.ro\/v22\/product\/brat-selfie-blun-albastru\/","title":{"rendered":"BRAT SELFIE BLUN albastru"},"content":{"rendered":"<p id=\"tw-target-text\" class=\"tw-data-text tw-text-large tw-ta\" dir=\"ltr\" data-placeholder=\"Translation\"><span class=\"Y2IQFc\" lang=\"ro\">Selfie stick universal cu cablu de alimentare. Are un buton care v\u0103 permite s\u0103 face\u021bi o fotografie f\u0103r\u0103 autodeclan\u0219ator. Ideal pentru persoanele c\u0103rora le place s\u0103 fac\u0103 poze cu ei \u00een\u0219i\u0219i \u0219i pe cei dragi, de exemplu \u00een timpul vacan\u021belor. M\u00e2nerul are un unghi de \u00eenclinare reglabil de 180 de grade, ceea ce v\u0103 permite s\u0103 ajusta\u021bi dispozitivul la nevoile dumneavoastr\u0103. M\u00e2nerul lung reglabil v\u0103 asigur\u0103 c\u0103 pute\u021bi captura o mare parte a imaginii din fotografia pe care o face\u021bi. Capul ranforsat, reglabil si rigid va permite sa mentineti stabilitatea deplina a pozitiei chiar si in conditii dificile, iar manerul cauciucat previne caderea manerului din mana. Piuli\u021ba de control \u00eencorporat\u0103 permite pozi\u021bionarea corect\u0103 \u0219i montarea stabil\u0103 a camerei, iar suportul standard cu filet de 1\/4 &#8220;, situat \u00een partea de jos a m\u00e2nerului, v\u0103 permite s\u0103 \u00eel conecta\u021bi la un alt element cu un filet, de exemplu o fotografie. trepied. <\/span><\/p>\n<p class=\"tw-data-text tw-text-large tw-ta\" dir=\"ltr\" data-placeholder=\"Translation\"><span class=\"Y2IQFc\" lang=\"ro\">Culoare neagra <\/span><\/p>\n<p class=\"tw-data-text tw-text-large tw-ta\" dir=\"ltr\" data-placeholder=\"Translation\"><span class=\"Y2IQFc\" lang=\"ro\">Inaltime maxima: 80 cm<\/span><\/p>\n<p class=\"tw-data-text tw-text-large tw-ta\" dir=\"ltr\" data-placeholder=\"Translation\"><span class=\"Y2IQFc\" lang=\"ro\">Lungime minima: 20 cm <\/span><\/p>\n<p class=\"tw-data-text tw-text-large tw-ta\" dir=\"ltr\" data-placeholder=\"Translation\"><span class=\"Y2IQFc\" lang=\"ro\">Greutate: 153 g<\/span><\/p>\n<p class=\"tw-data-text tw-text-large tw-ta\" dir=\"ltr\" data-placeholder=\"Translation\"><span class=\"Y2IQFc\" lang=\"ro\">Cap plutitor cu filet de 1\/4 inch <\/span><\/p>\n<p class=\"tw-data-text tw-text-large tw-ta\" dir=\"ltr\" data-placeholder=\"Translation\"><span class=\"Y2IQFc\" lang=\"ro\">Sarcina maxima: 0,5 kg<\/span><\/p>\n","protected":false},"excerpt":{"rendered":"<p>Selfie stick universal cu cablu de alimentare. Are un buton care v\u0103 permite s\u0103 face\u021bi o fotografie f\u0103r\u0103 autodeclan\u0219ator. Ideal pentru persoanele c\u0103rora le place s\u0103 fac\u0103 poze cu ei \u00een\u0219i\u0219i \u0219i pe cei dragi, de exemplu \u00een timpul vacan\u021belor. M\u00e2nerul are un unghi de \u00eenclinare reglabil de 180 de grade, ceea ce v\u0103 permite s\u0103 ajusta\u021bi dispozitivul la nevoile dumneavoastr\u0103. M\u00e2nerul lung reglabil v\u0103 asigur\u0103 c\u0103 pute\u021bi captura o mare parte a imaginii din fotografia pe care o face\u021bi. Capul ranforsat, reglabil si rigid va permite sa mentineti stabilitatea deplina a pozitiei chiar si in conditii dificile, iar manerul cauciucat previne caderea manerului din mana. Piuli\u021ba de control \u00eencorporat\u0103 permite pozi\u021bionarea corect\u0103 \u0219i montarea stabil\u0103 a camerei, iar suportul standard cu filet de 1\/4 &#8220;, situat \u00een partea de jos a m\u00e2nerului, v\u0103 permite s\u0103 \u00eel conecta\u021bi la un alt element cu un filet, de exemplu o fotografie. trepied. Culoare neagra Inaltime maxima: 80 cm Lungime minima: 20 cm Greutate: 153 g Cap plutitor cu filet de 1\/4 inch Sarcina maxima: 0,5 kg<\/p>\n","protected":false},"featured_media":6515,"comment_status":"closed","ping_status":"open","template":"","meta":[],"product_brand":[],"product_cat":[379,380],"product_tag":[],"class_list":{"0":"post-6513","1":"product","2":"type-product","3":"status-publish","4":"has-post-thumbnail","6":"product_cat-accesorii","7":"product_cat-brat-selfie","9":"first","10":"outofstock","11":"shipping-taxable","12":"product-type-simple"},"_links":{"self":[{"href":"https:\/\/bafo.ro\/v22\/wp-json\/wp\/v2\/product\/6513","targetHints":{"allow":["GET"]}}],"collection":[{"href":"https:\/\/bafo.ro\/v22\/wp-json\/wp\/v2\/product"}],"about":[{"href":"https:\/\/bafo.ro\/v22\/wp-json\/wp\/v2\/types\/product"}],"replies":[{"embeddable":true,"href":"https:\/\/bafo.ro\/v22\/wp-json\/wp\/v2\/comments?post=6513"}],"version-history":[{"count":1,"href":"https:\/\/bafo.ro\/v22\/wp-json\/wp\/v2\/product\/6513\/revisions"}],"predecessor-version":[{"id":6514,"href":"https:\/\/bafo.ro\/v22\/wp-json\/wp\/v2\/product\/6513\/revisions\/6514"}],"wp:featuredmedia":[{"embeddable":true,"href":"https:\/\/bafo.ro\/v22\/wp-json\/wp\/v2\/media\/6515"}],"wp:attachment":[{"href":"https:\/\/bafo.ro\/v22\/wp-json\/wp\/v2\/media?parent=6513"}],"wp:term":[{"taxonomy":"product_brand","embeddable":true,"href":"https:\/\/bafo.ro\/v22\/wp-json\/wp\/v2\/product_brand?post=6513"},{"taxonomy":"product_cat","embeddable":true,"href":"https:\/\/bafo.ro\/v22\/wp-json\/wp\/v2\/product_cat?post=6513"},{"taxonomy":"product_tag","embeddable":true,"href":"https:\/\/bafo.ro\/v22\/wp-json\/wp\/v2\/product_tag?post=6513"}],"curies":[{"name":"wp","href":"https:\/\/api.w.org\/{rel}","templated":true}]}}