{"id":6274,"date":"2019-11-28T09:52:02","date_gmt":"2019-11-28T09:52:02","guid":{"rendered":"https:\/\/bafo.ro\/v22\/product\/husa-silicon-forcell-lite-samsung-galaxy-a70-negru\/"},"modified":"2025-03-31T16:32:34","modified_gmt":"2025-03-31T16:32:34","slug":"husa-silicon-forcell-lite-samsung-galaxy-a70-negru","status":"publish","type":"product","link":"https:\/\/bafo.ro\/v22\/product\/husa-silicon-forcell-lite-samsung-galaxy-a70-negru\/","title":{"rendered":"HUSA SILICON FORCELL LITE SAMSUNG GALAXY A70 NEGRU"},"content":{"rendered":"<p><span class=\"Y2IQFc\" lang=\"ro\">Design minimalist \u0219i elegant ca complement perfect pentru smartphone-ul t\u0103u. Siliconul de \u00eenalt\u0103 calitate \u0219i c\u0103ptu\u0219eala interioar\u0103 din microfibr\u0103 asigur\u0103 o protec\u021bie fiabil\u0103 a dispozitivului \u00eempotriva zg\u00e2rieturilor. \u00cenveli\u0219ul Soft-Touch face carcasa extrem de pl\u0103cut\u0103 la atingere \u0219i se potrive\u0219te perfect \u00een m\u00e2n\u0103. Construc\u021bia mat\u0103 din cauciuc protejeaz\u0103 \u00eempotriva alunec\u0103rii accidentale a telefonului \u0219i garanteaz\u0103 o prindere sigur\u0103. Carcasa are decupaje precise pentru func\u021bii pentru priza \u00eenc\u0103rc\u0103torului \u0219i camer\u0103. Capacele pentru nasturi din plastic flexibil maximizeaz\u0103 confortul utiliz\u0103rii. Forcell Silicone este compatibil cu \u00eenc\u0103rc\u0103toarele wireless \u0219i nu trebuie s\u0103 scoate\u021bi capacul \u00een timpul \u00eenc\u0103rc\u0103rii.<\/span><\/p>\n","protected":false},"excerpt":{"rendered":"<p>Design minimalist \u0219i elegant ca complement perfect pentru smartphone-ul t\u0103u. Siliconul de \u00eenalt\u0103 calitate \u0219i c\u0103ptu\u0219eala interioar\u0103 din microfibr\u0103 asigur\u0103 o protec\u021bie fiabil\u0103 a dispozitivului \u00eempotriva zg\u00e2rieturilor. \u00cenveli\u0219ul Soft-Touch face carcasa extrem de pl\u0103cut\u0103 la atingere \u0219i se potrive\u0219te perfect \u00een m\u00e2n\u0103. Construc\u021bia mat\u0103 din cauciuc protejeaz\u0103 \u00eempotriva alunec\u0103rii accidentale a telefonului \u0219i garanteaz\u0103 o prindere sigur\u0103. Carcasa are decupaje precise pentru func\u021bii pentru priza \u00eenc\u0103rc\u0103torului \u0219i camer\u0103. Capacele pentru nasturi din plastic flexibil maximizeaz\u0103 confortul utiliz\u0103rii. Forcell Silicone este compatibil cu \u00eenc\u0103rc\u0103toarele wireless \u0219i nu trebuie s\u0103 scoate\u021bi capacul \u00een timpul \u00eenc\u0103rc\u0103rii.<\/p>\n","protected":false},"featured_media":6270,"comment_status":"open","ping_status":"open","template":"","meta":[],"product_brand":[263],"product_cat":[366,244],"product_tag":[],"class_list":{"0":"post-6274","1":"product","2":"type-product","3":"status-publish","4":"has-post-thumbnail","6":"product_brand-forcell","7":"product_cat-husa-silicon-forcell-lite","8":"product_cat-huse","10":"first","11":"outofstock","12":"shipping-taxable","13":"product-type-simple"},"_links":{"self":[{"href":"https:\/\/bafo.ro\/v22\/wp-json\/wp\/v2\/product\/6274","targetHints":{"allow":["GET"]}}],"collection":[{"href":"https:\/\/bafo.ro\/v22\/wp-json\/wp\/v2\/product"}],"about":[{"href":"https:\/\/bafo.ro\/v22\/wp-json\/wp\/v2\/types\/product"}],"replies":[{"embeddable":true,"href":"https:\/\/bafo.ro\/v22\/wp-json\/wp\/v2\/comments?post=6274"}],"version-history":[{"count":0,"href":"https:\/\/bafo.ro\/v22\/wp-json\/wp\/v2\/product\/6274\/revisions"}],"wp:featuredmedia":[{"embeddable":true,"href":"https:\/\/bafo.ro\/v22\/wp-json\/wp\/v2\/media\/6270"}],"wp:attachment":[{"href":"https:\/\/bafo.ro\/v22\/wp-json\/wp\/v2\/media?parent=6274"}],"wp:term":[{"taxonomy":"product_brand","embeddable":true,"href":"https:\/\/bafo.ro\/v22\/wp-json\/wp\/v2\/product_brand?post=6274"},{"taxonomy":"product_cat","embeddable":true,"href":"https:\/\/bafo.ro\/v22\/wp-json\/wp\/v2\/product_cat?post=6274"},{"taxonomy":"product_tag","embeddable":true,"href":"https:\/\/bafo.ro\/v22\/wp-json\/wp\/v2\/product_tag?post=6274"}],"curies":[{"name":"wp","href":"https:\/\/api.w.org\/{rel}","templated":true}]}}