{"id":6032,"date":"2019-08-09T10:08:01","date_gmt":"2019-08-09T10:08:01","guid":{"rendered":"https:\/\/bafo.ro\/v22\/product\/spliter-auto-3in1-forever-708cablu\/"},"modified":"2025-03-31T16:31:44","modified_gmt":"2025-03-31T16:31:44","slug":"spliter-auto-3in1-forever-708cablu","status":"publish","type":"product","link":"https:\/\/bafo.ro\/v22\/product\/spliter-auto-3in1-forever-708cablu\/","title":{"rendered":"SPLITER AUTO 3IN1 FOREVER 708+CABLU"},"content":{"rendered":"<p id=\"tw-target-text\" class=\"tw-data-text tw-text-large tw-ta\" dir=\"ltr\" data-placeholder=\"Translation\" aria-label=\"Translated text\" data-ved=\"2ahUKEwiKtaiP0bqHAxXMQvEDHSB7B_MQ3ewLegQICRAU\"><span class=\"Y2IQFc\" lang=\"ro\">Splitter de priz\u0103 Forever 3 \u00een 1 cu cablu USB CSS-03 &#8211;\u00a0 v\u0103 permite s\u0103 conecta\u021bi trei prize electronice de brichet\u0103 \u00eentr-o singur\u0103 dat\u0103. Aparatul este util mai ales persoanelor care folosesc adesea \u00eentr-o ma\u0219in\u0103 mai multe dispozitive electronice \u00een acela\u0219i timp, de ex. Telefon, laptop, player MP3, \u00eenc\u0103rc\u0103tor etc. Adaptorul poate fi conectat la aproape toate dispozitivele electronice care utilizeaz\u0103 o tensiune de intrare a sursei de alimentare de 12 V.<\/span><\/p>\n<p>&nbsp;<\/p>\n","protected":false},"excerpt":{"rendered":"<p>Splitter de priz\u0103 Forever 3 \u00een 1 cu cablu USB CSS-03 &#8211;\u00a0 v\u0103 permite s\u0103 conecta\u021bi trei prize electronice de brichet\u0103 \u00eentr-o singur\u0103 dat\u0103. Aparatul este util mai ales persoanelor care folosesc adesea \u00eentr-o ma\u0219in\u0103 mai multe dispozitive electronice \u00een acela\u0219i timp, de ex. Telefon, laptop, player MP3, \u00eenc\u0103rc\u0103tor etc. Adaptorul poate fi conectat la aproape toate dispozitivele electronice care utilizeaz\u0103 o tensiune de intrare a sursei de alimentare de 12 V. &nbsp;<\/p>\n","protected":false},"featured_media":6034,"comment_status":"closed","ping_status":"open","template":"","meta":[],"product_brand":[],"product_cat":[90,354],"product_tag":[],"class_list":{"0":"post-6032","1":"product","2":"type-product","3":"status-publish","4":"has-post-thumbnail","6":"product_cat-accesorii-auto","7":"product_cat-splitter-auto","9":"first","10":"instock","11":"shipping-taxable","12":"product-type-simple"},"_links":{"self":[{"href":"https:\/\/bafo.ro\/v22\/wp-json\/wp\/v2\/product\/6032","targetHints":{"allow":["GET"]}}],"collection":[{"href":"https:\/\/bafo.ro\/v22\/wp-json\/wp\/v2\/product"}],"about":[{"href":"https:\/\/bafo.ro\/v22\/wp-json\/wp\/v2\/types\/product"}],"replies":[{"embeddable":true,"href":"https:\/\/bafo.ro\/v22\/wp-json\/wp\/v2\/comments?post=6032"}],"version-history":[{"count":1,"href":"https:\/\/bafo.ro\/v22\/wp-json\/wp\/v2\/product\/6032\/revisions"}],"predecessor-version":[{"id":6033,"href":"https:\/\/bafo.ro\/v22\/wp-json\/wp\/v2\/product\/6032\/revisions\/6033"}],"wp:featuredmedia":[{"embeddable":true,"href":"https:\/\/bafo.ro\/v22\/wp-json\/wp\/v2\/media\/6034"}],"wp:attachment":[{"href":"https:\/\/bafo.ro\/v22\/wp-json\/wp\/v2\/media?parent=6032"}],"wp:term":[{"taxonomy":"product_brand","embeddable":true,"href":"https:\/\/bafo.ro\/v22\/wp-json\/wp\/v2\/product_brand?post=6032"},{"taxonomy":"product_cat","embeddable":true,"href":"https:\/\/bafo.ro\/v22\/wp-json\/wp\/v2\/product_cat?post=6032"},{"taxonomy":"product_tag","embeddable":true,"href":"https:\/\/bafo.ro\/v22\/wp-json\/wp\/v2\/product_tag?post=6032"}],"curies":[{"name":"wp","href":"https:\/\/api.w.org\/{rel}","templated":true}]}}