{"id":5821,"date":"2019-05-17T07:57:24","date_gmt":"2019-05-17T07:57:24","guid":{"rendered":"https:\/\/bafo.ro\/v22\/product\/cablu-date-borofone-iphone-bx14-linkjet-1m-alb\/"},"modified":"2025-03-31T16:31:01","modified_gmt":"2025-03-31T16:31:01","slug":"cablu-date-borofone-iphone-bx14-linkjet-1m-alb","status":"publish","type":"product","link":"https:\/\/bafo.ro\/v22\/product\/cablu-date-borofone-iphone-bx14-linkjet-1m-alb\/","title":{"rendered":"CABLU DATE BOROFONE IPHONE BX14 Linkjet 1m alb"},"content":{"rendered":"<p>CABLU DATE BOROFONE IPHONE BX14 Linkjet 1m ALB<\/p>\n<p id=\"tw-target-text\" class=\"tw-data-text tw-text-large tw-ta\" dir=\"ltr\" data-placeholder=\"Translation\"><span class=\"Y2IQFc\" lang=\"ro\">Lungime: 1 m<\/span><\/p>\n<p class=\"tw-data-text tw-text-large tw-ta\" dir=\"ltr\" data-placeholder=\"Translation\"><span class=\"Y2IQFc\" lang=\"ro\">Culoare alb\u0103 <\/span><\/p>\n<p class=\"tw-data-text tw-text-large tw-ta\" dir=\"ltr\" data-placeholder=\"Translation\"><span class=\"Y2IQFc\" lang=\"ro\">Tip: Fulge<\/span><span class=\"Y2IQFc\" lang=\"ro\">r<\/span><\/p>\n<p class=\"tw-data-text tw-text-large tw-ta\" dir=\"ltr\" data-placeholder=\"Translation\"><span class=\"Y2IQFc\" lang=\"ro\">Conector: TPE<\/span><\/p>\n<p class=\"tw-data-text tw-text-large tw-ta\" dir=\"ltr\" data-placeholder=\"Translation\"><span class=\"Y2IQFc\" lang=\"ro\">Plac exterior: PVC<\/span><\/p>\n<p class=\"tw-data-text tw-text-large tw-ta\" dir=\"ltr\" data-placeholder=\"Translation\"><span class=\"Y2IQFc\" lang=\"ro\">Miez de s\u00e2rm\u0103: s\u00e2rm\u0103 de cupru placat\u0103 cu staniu, (20\/0.1)*2C+(10\/0.1)*2C, PVC OD3.5MM <\/span><\/p>\n<p class=\"tw-data-text tw-text-large tw-ta\" dir=\"ltr\" data-placeholder=\"Translation\"><span class=\"Y2IQFc\" lang=\"ro\">Curent maxim: 2,4 A<\/span><\/p>\n<p class=\"tw-data-text tw-text-large tw-ta\" dir=\"ltr\" data-placeholder=\"Translation\"><span class=\"Y2IQFc\" lang=\"ro\">Suport\u0103 \u00eenc\u0103rcarea \u0219i transferul de date \u00een acela\u0219i timp<\/span><\/p>\n","protected":false},"excerpt":{"rendered":"<p>CABLU DATE BOROFONE IPHONE BX14 Linkjet 1m ALB Lungime: 1 m Culoare alb\u0103 Tip: Fulger Conector: TPE Plac exterior: PVC Miez de s\u00e2rm\u0103: s\u00e2rm\u0103 de cupru placat\u0103 cu staniu, (20\/0.1)*2C+(10\/0.1)*2C, PVC OD3.5MM Curent maxim: 2,4 A Suport\u0103 \u00eenc\u0103rcarea \u0219i transferul de date \u00een acela\u0219i timp<\/p>\n","protected":false},"featured_media":5823,"comment_status":"closed","ping_status":"open","template":"","meta":[],"product_brand":[104],"product_cat":[235,234],"product_tag":[],"class_list":{"0":"post-5821","1":"product","2":"type-product","3":"status-publish","4":"has-post-thumbnail","6":"product_brand-borofone","7":"product_cat-cablu-date-iphone","8":"product_cat-cabluri-de-date","10":"first","11":"outofstock","12":"shipping-taxable","13":"product-type-simple"},"_links":{"self":[{"href":"https:\/\/bafo.ro\/v22\/wp-json\/wp\/v2\/product\/5821","targetHints":{"allow":["GET"]}}],"collection":[{"href":"https:\/\/bafo.ro\/v22\/wp-json\/wp\/v2\/product"}],"about":[{"href":"https:\/\/bafo.ro\/v22\/wp-json\/wp\/v2\/types\/product"}],"replies":[{"embeddable":true,"href":"https:\/\/bafo.ro\/v22\/wp-json\/wp\/v2\/comments?post=5821"}],"version-history":[{"count":1,"href":"https:\/\/bafo.ro\/v22\/wp-json\/wp\/v2\/product\/5821\/revisions"}],"predecessor-version":[{"id":5822,"href":"https:\/\/bafo.ro\/v22\/wp-json\/wp\/v2\/product\/5821\/revisions\/5822"}],"wp:featuredmedia":[{"embeddable":true,"href":"https:\/\/bafo.ro\/v22\/wp-json\/wp\/v2\/media\/5823"}],"wp:attachment":[{"href":"https:\/\/bafo.ro\/v22\/wp-json\/wp\/v2\/media?parent=5821"}],"wp:term":[{"taxonomy":"product_brand","embeddable":true,"href":"https:\/\/bafo.ro\/v22\/wp-json\/wp\/v2\/product_brand?post=5821"},{"taxonomy":"product_cat","embeddable":true,"href":"https:\/\/bafo.ro\/v22\/wp-json\/wp\/v2\/product_cat?post=5821"},{"taxonomy":"product_tag","embeddable":true,"href":"https:\/\/bafo.ro\/v22\/wp-json\/wp\/v2\/product_tag?post=5821"}],"curies":[{"name":"wp","href":"https:\/\/api.w.org\/{rel}","templated":true}]}}