{"id":5768,"date":"2019-04-15T07:48:11","date_gmt":"2019-04-15T07:48:11","guid":{"rendered":"https:\/\/bafo.ro\/v22\/product\/husa-silicon-forcell-carbon-samsung-galaxy-a10-negru\/"},"modified":"2025-03-31T16:30:47","modified_gmt":"2025-03-31T16:30:47","slug":"husa-silicon-forcell-carbon-samsung-galaxy-a10-negru","status":"publish","type":"product","link":"https:\/\/bafo.ro\/v22\/product\/husa-silicon-forcell-carbon-samsung-galaxy-a10-negru\/","title":{"rendered":"HUSA SILICON FORCELL CARBON SAMSUNG GALAXY A10 NEGRU"},"content":{"rendered":"<p>HUSA SILICON FORCELL CARBON &#8211; <span class=\"Y2IQFc\" lang=\"ro\">este o hus\u0103 elegant\u0103 care ofer\u0103 protec\u021bie complet\u0103 a dispozitivului \u00een toate condi\u021biile. Aspectul s\u0103u \u00eel face s\u0103 atrag\u0103 chiar \u0219i cei mai preten\u021bio\u0219i utilizatori. Este confectionat din cauciuc rezistent la socuri care se potriveste perfect modelului de telefon dedicat. Perfect pentru sporturi extreme sau munca in conditii solicitante. Col\u021burile \u00eent\u0103rite ale carcasei asigur\u0103 o absorb\u021bie suplimentar\u0103 a \u0219ocurilor \u00een caz de c\u0103dere, iar jantele u\u0219or proeminente protejeaz\u0103 \u0219i ecranul. Combina\u021bia dintre un motiv de carbon cu aluminiu periat pe spate face carcasa unic\u0103 \u0219i atemporal\u0103. Ofer\u0103 acces complet la butoane, conectori \u0219i nu interfereaz\u0103 cu utilizarea camerei.<\/span><\/p>\n","protected":false},"excerpt":{"rendered":"<p>HUSA SILICON FORCELL CARBON &#8211; este o hus\u0103 elegant\u0103 care ofer\u0103 protec\u021bie complet\u0103 a dispozitivului \u00een toate condi\u021biile. Aspectul s\u0103u \u00eel face s\u0103 atrag\u0103 chiar \u0219i cei mai preten\u021bio\u0219i utilizatori. Este confectionat din cauciuc rezistent la socuri care se potriveste perfect modelului de telefon dedicat. Perfect pentru sporturi extreme sau munca in conditii solicitante. Col\u021burile \u00eent\u0103rite ale carcasei asigur\u0103 o absorb\u021bie suplimentar\u0103 a \u0219ocurilor \u00een caz de c\u0103dere, iar jantele u\u0219or proeminente protejeaz\u0103 \u0219i ecranul. Combina\u021bia dintre un motiv de carbon cu aluminiu periat pe spate face carcasa unic\u0103 \u0219i atemporal\u0103. Ofer\u0103 acces complet la butoane, conectori \u0219i nu interfereaz\u0103 cu utilizarea camerei.<\/p>\n","protected":false},"featured_media":5725,"comment_status":"open","ping_status":"open","template":"","meta":[],"product_brand":[263],"product_cat":[311,244],"product_tag":[],"class_list":{"0":"post-5768","1":"product","2":"type-product","3":"status-publish","4":"has-post-thumbnail","6":"product_brand-forcell","7":"product_cat-husa-silicon-forcell-carbon","8":"product_cat-huse","10":"first","11":"instock","12":"shipping-taxable","13":"product-type-simple"},"_links":{"self":[{"href":"https:\/\/bafo.ro\/v22\/wp-json\/wp\/v2\/product\/5768","targetHints":{"allow":["GET"]}}],"collection":[{"href":"https:\/\/bafo.ro\/v22\/wp-json\/wp\/v2\/product"}],"about":[{"href":"https:\/\/bafo.ro\/v22\/wp-json\/wp\/v2\/types\/product"}],"replies":[{"embeddable":true,"href":"https:\/\/bafo.ro\/v22\/wp-json\/wp\/v2\/comments?post=5768"}],"version-history":[{"count":0,"href":"https:\/\/bafo.ro\/v22\/wp-json\/wp\/v2\/product\/5768\/revisions"}],"wp:featuredmedia":[{"embeddable":true,"href":"https:\/\/bafo.ro\/v22\/wp-json\/wp\/v2\/media\/5725"}],"wp:attachment":[{"href":"https:\/\/bafo.ro\/v22\/wp-json\/wp\/v2\/media?parent=5768"}],"wp:term":[{"taxonomy":"product_brand","embeddable":true,"href":"https:\/\/bafo.ro\/v22\/wp-json\/wp\/v2\/product_brand?post=5768"},{"taxonomy":"product_cat","embeddable":true,"href":"https:\/\/bafo.ro\/v22\/wp-json\/wp\/v2\/product_cat?post=5768"},{"taxonomy":"product_tag","embeddable":true,"href":"https:\/\/bafo.ro\/v22\/wp-json\/wp\/v2\/product_tag?post=5768"}],"curies":[{"name":"wp","href":"https:\/\/api.w.org\/{rel}","templated":true}]}}