{"id":4285,"date":"2018-11-06T13:42:29","date_gmt":"2018-11-06T13:42:29","guid":{"rendered":"https:\/\/bafo.ro\/v22\/product\/acumulator-blue-star-nokia-3310-2017-230-225-1200-mah\/"},"modified":"2025-03-31T16:24:22","modified_gmt":"2025-03-31T16:24:22","slug":"acumulator-blue-star-nokia-3310-2017-230-225-1200-mah","status":"publish","type":"product","link":"https:\/\/bafo.ro\/v22\/product\/acumulator-blue-star-nokia-3310-2017-230-225-1200-mah\/","title":{"rendered":"ACUMULATOR BLUE STAR NOKIA 3310 (2017)\/230\/225 1200 mAh"},"content":{"rendered":"<p id=\"tw-target-text\" class=\"tw-data-text tw-text-large tw-ta\" dir=\"ltr\" data-placeholder=\"Translation\"><span class=\"Y2IQFc\" lang=\"ro\">Bateria este echipat\u0103 cu dou\u0103 circuite de protec\u021bie IC \u0219i nu prezint\u0103 efect de memorie. <\/span><\/p>\n<p class=\"tw-data-text tw-text-large tw-ta\" dir=\"ltr\" data-placeholder=\"Translation\"><span class=\"Y2IQFc\" lang=\"ro\">Celulele moderne cu litiu-ion permit o utilizare \u00eendelungat\u0103 a telefonului mobil. <\/span><\/p>\n<p class=\"tw-data-text tw-text-large tw-ta\" dir=\"ltr\" data-placeholder=\"Translation\"><span class=\"Y2IQFc\" lang=\"ro\">Sort: Li-Ion <\/span><\/p>\n<p class=\"tw-data-text tw-text-large tw-ta\" dir=\"ltr\" data-placeholder=\"Translation\"><span class=\"Y2IQFc\" lang=\"ro\">Capacitate: 1200 mAh<\/span><\/p>\n","protected":false},"excerpt":{"rendered":"<p>Bateria este echipat\u0103 cu dou\u0103 circuite de protec\u021bie IC \u0219i nu prezint\u0103 efect de memorie. Celulele moderne cu litiu-ion permit o utilizare \u00eendelungat\u0103 a telefonului mobil. Sort: Li-Ion Capacitate: 1200 mAh<\/p>\n","protected":false},"featured_media":4287,"comment_status":"closed","ping_status":"open","template":"","meta":[],"product_brand":[191],"product_cat":[178,179],"product_tag":[],"class_list":{"0":"post-4285","1":"product","2":"type-product","3":"status-publish","4":"has-post-thumbnail","6":"product_brand-blue-star","7":"product_cat-acumulatori","8":"product_cat-acumulatori-acumulatori","10":"first","11":"instock","12":"shipping-taxable","13":"product-type-simple"},"_links":{"self":[{"href":"https:\/\/bafo.ro\/v22\/wp-json\/wp\/v2\/product\/4285","targetHints":{"allow":["GET"]}}],"collection":[{"href":"https:\/\/bafo.ro\/v22\/wp-json\/wp\/v2\/product"}],"about":[{"href":"https:\/\/bafo.ro\/v22\/wp-json\/wp\/v2\/types\/product"}],"replies":[{"embeddable":true,"href":"https:\/\/bafo.ro\/v22\/wp-json\/wp\/v2\/comments?post=4285"}],"version-history":[{"count":1,"href":"https:\/\/bafo.ro\/v22\/wp-json\/wp\/v2\/product\/4285\/revisions"}],"predecessor-version":[{"id":4286,"href":"https:\/\/bafo.ro\/v22\/wp-json\/wp\/v2\/product\/4285\/revisions\/4286"}],"wp:featuredmedia":[{"embeddable":true,"href":"https:\/\/bafo.ro\/v22\/wp-json\/wp\/v2\/media\/4287"}],"wp:attachment":[{"href":"https:\/\/bafo.ro\/v22\/wp-json\/wp\/v2\/media?parent=4285"}],"wp:term":[{"taxonomy":"product_brand","embeddable":true,"href":"https:\/\/bafo.ro\/v22\/wp-json\/wp\/v2\/product_brand?post=4285"},{"taxonomy":"product_cat","embeddable":true,"href":"https:\/\/bafo.ro\/v22\/wp-json\/wp\/v2\/product_cat?post=4285"},{"taxonomy":"product_tag","embeddable":true,"href":"https:\/\/bafo.ro\/v22\/wp-json\/wp\/v2\/product_tag?post=4285"}],"curies":[{"name":"wp","href":"https:\/\/api.w.org\/{rel}","templated":true}]}}