{"id":26302,"date":"2025-03-31T09:47:32","date_gmt":"2025-03-31T09:47:32","guid":{"rendered":"https:\/\/bafo.ro\/v22\/product\/husa-silicon-shine-samsung-galaxy-a56-5g-transparent\/"},"modified":"2025-03-31T17:56:20","modified_gmt":"2025-03-31T17:56:20","slug":"husa-silicon-shine-samsung-galaxy-a56-5g-transparent","status":"publish","type":"product","link":"https:\/\/bafo.ro\/v22\/product\/husa-silicon-shine-samsung-galaxy-a56-5g-transparent\/","title":{"rendered":"HUSA SILICON SHINE Samsung Galaxy A56 5G transparent"},"content":{"rendered":"<p id=\"tw-target-text\" class=\"tw-data-text tw-text-large tw-ta\" dir=\"ltr\" data-placeholder=\"Translation\"><span class=\"Y2IQFc\" lang=\"ro\">Husa Shine\u00a0 transparenta <\/span><\/p>\n<p class=\"tw-data-text tw-text-large tw-ta\" dir=\"ltr\" data-placeholder=\"Translation\"><span class=\"Y2IQFc\" lang=\"ro\">Shine sunt huse transparente clasice pentru smartphone-uri cu adaos de sclipici. Este un tip de protec\u021bie universal \u0219i estetic. Produsele din material TPU arat\u0103 grozav datorit\u0103 cadrului mai gros. Husele Shine sunt suprapuneri de 2 mm grosime. Produsul u\u0219or \u0219i flexibil se potrive\u0219te perfect cu dispozitivul. Husa nu m\u0103re\u0219te greutatea \u0219i dimensiunea smartphone-urilor. Spa\u021biile \u00een relief pentru butoane \u0219i decupaje precise pentru porturi faciliteaz\u0103 utilizarea telefonului. <\/span><\/p>\n<p class=\"tw-data-text tw-text-large tw-ta\" dir=\"ltr\" data-placeholder=\"Translation\"><span class=\"Y2IQFc\" lang=\"ro\">\u2022 Stralucirea suprapunerii de 2 mm nu interfereaz\u0103 cu \u00eenc\u0103rcarea inductiv\u0103; <\/span><\/p>\n<p class=\"tw-data-text tw-text-large tw-ta\" dir=\"ltr\" data-placeholder=\"Translation\"><span class=\"Y2IQFc\" lang=\"ro\">\u2022 produsul este potrivit pentru imprimare; <\/span><\/p>\n<p class=\"tw-data-text tw-text-large tw-ta\" dir=\"ltr\" data-placeholder=\"Translation\"><span class=\"Y2IQFc\" lang=\"ro\">\u2022 protec\u021bia smartphone-urilor \u00eempotriva deterior\u0103rii; <\/span><\/p>\n<p class=\"tw-data-text tw-text-large tw-ta\" dir=\"ltr\" data-placeholder=\"Translation\"><span class=\"Y2IQFc\" lang=\"ro\">\u2022 utilizarea \u00een siguran\u021b\u0103 a suporturilor auto;<\/span><\/p>\n<p class=\"tw-data-text tw-text-large tw-ta\" dir=\"ltr\" data-placeholder=\"Translation\"><span class=\"Y2IQFc\" lang=\"ro\">Nu este recomandat s\u0103 expune\u021bi suprapunerile la lumina intens\u0103 a soarelui pentru o perioad\u0103 lung\u0103 de timp. Expunerea produsului la radia\u021bii UV afecteaz\u0103 negativ aspectul acestuia.<\/span><\/p>\n","protected":false},"excerpt":{"rendered":"<p>Husa Shine\u00a0 transparenta Shine sunt huse transparente clasice pentru smartphone-uri cu adaos de sclipici. Este un tip de protec\u021bie universal \u0219i estetic. Produsele din material TPU arat\u0103 grozav datorit\u0103 cadrului mai gros. Husele Shine sunt suprapuneri de 2 mm grosime. Produsul u\u0219or \u0219i flexibil se potrive\u0219te perfect cu dispozitivul. Husa nu m\u0103re\u0219te greutatea \u0219i dimensiunea smartphone-urilor. Spa\u021biile \u00een relief pentru butoane \u0219i decupaje precise pentru porturi faciliteaz\u0103 utilizarea telefonului. \u2022 Stralucirea suprapunerii de 2 mm nu interfereaz\u0103 cu \u00eenc\u0103rcarea inductiv\u0103; \u2022 produsul este potrivit pentru imprimare; \u2022 protec\u021bia smartphone-urilor \u00eempotriva deterior\u0103rii; \u2022 utilizarea \u00een siguran\u021b\u0103 a suporturilor auto; Nu este recomandat s\u0103 expune\u021bi suprapunerile la lumina intens\u0103 a soarelui pentru o perioad\u0103 lung\u0103 de timp. Expunerea produsului la radia\u021bii UV afecteaz\u0103 negativ aspectul acestuia.<\/p>\n","protected":false},"featured_media":18535,"comment_status":"closed","ping_status":"open","template":"","meta":[],"product_brand":[],"product_cat":[567,244,126],"product_tag":[],"class_list":{"0":"post-26302","1":"product","2":"type-product","3":"status-publish","4":"has-post-thumbnail","6":"product_cat-husa-silicon-shine","7":"product_cat-huse","8":"product_cat-noutati","10":"first","11":"instock","12":"shipping-taxable","13":"product-type-simple"},"_links":{"self":[{"href":"https:\/\/bafo.ro\/v22\/wp-json\/wp\/v2\/product\/26302","targetHints":{"allow":["GET"]}}],"collection":[{"href":"https:\/\/bafo.ro\/v22\/wp-json\/wp\/v2\/product"}],"about":[{"href":"https:\/\/bafo.ro\/v22\/wp-json\/wp\/v2\/types\/product"}],"replies":[{"embeddable":true,"href":"https:\/\/bafo.ro\/v22\/wp-json\/wp\/v2\/comments?post=26302"}],"version-history":[{"count":1,"href":"https:\/\/bafo.ro\/v22\/wp-json\/wp\/v2\/product\/26302\/revisions"}],"predecessor-version":[{"id":26303,"href":"https:\/\/bafo.ro\/v22\/wp-json\/wp\/v2\/product\/26302\/revisions\/26303"}],"wp:featuredmedia":[{"embeddable":true,"href":"https:\/\/bafo.ro\/v22\/wp-json\/wp\/v2\/media\/18535"}],"wp:attachment":[{"href":"https:\/\/bafo.ro\/v22\/wp-json\/wp\/v2\/media?parent=26302"}],"wp:term":[{"taxonomy":"product_brand","embeddable":true,"href":"https:\/\/bafo.ro\/v22\/wp-json\/wp\/v2\/product_brand?post=26302"},{"taxonomy":"product_cat","embeddable":true,"href":"https:\/\/bafo.ro\/v22\/wp-json\/wp\/v2\/product_cat?post=26302"},{"taxonomy":"product_tag","embeddable":true,"href":"https:\/\/bafo.ro\/v22\/wp-json\/wp\/v2\/product_tag?post=26302"}],"curies":[{"name":"wp","href":"https:\/\/api.w.org\/{rel}","templated":true}]}}