{"id":26110,"date":"2025-03-12T09:41:38","date_gmt":"2025-03-12T09:41:38","guid":{"rendered":"https:\/\/bafo.ro\/v22\/product\/suport-auto-hoco-h53-negru\/"},"modified":"2025-03-31T17:55:27","modified_gmt":"2025-03-31T17:55:27","slug":"suport-auto-hoco-h53-negru","status":"publish","type":"product","link":"https:\/\/bafo.ro\/v22\/product\/suport-auto-hoco-h53-negru\/","title":{"rendered":"SUPORT AUTO HOCO H53 negru"},"content":{"rendered":"<div>\n<p id=\"tw-target-text\" class=\"tw-data-text tw-text-large tw-ta\" dir=\"ltr\" data-placeholder=\"Translation\" aria-label=\"Translated text: Suport auto universal Hoco montat pe orificiul de ventila\u021bie. Bra\u021bul cu cap mobil cu o gam\u0103 de mi\u0219care de 360\u00b0 v\u0103 permite s\u0103 regla\u021bi perfect pozi\u021bia dispozitivului la propriile nevoi, pe vertical\u0103 sau pe orizontal\u0103.\n\nBratul cu cap mobil iti permite sa pozitionezi accesoriul si dispozitivul montat in el dupa preferinte, pe verticala sau pe orizontala \u2013 pentru a nu bloca vizibilitatea si pentru a putea folosi navigatia confortabil.\n\nMontat pe orificiul de ventila\u021bie, v\u0103 permite s\u0103 folosi\u021bi \u00een siguran\u021b\u0103 smartphone-ul \u00een timp ce conduce\u021bi. Inser\u021biile speciale de pe cleme protejeaz\u0103 dispozitivul de zg\u00e2rieturi \u00een timpul c\u0103l\u0103toriei.\n\nCaietul de sarcini:\nLoca\u021bie de montare: aerisire\nMontare telefon: cleme\nCompatibilitate: smartphone-uri cu diagonala ecranului de 4,5-7,0\u201d\nDistan\u021ba dintre bra\u021be: 55-85 mm\nMaterial: ABS + silicon\nDimensiune: 102 \u00d7 68 \u00d7 115 mm\nGreutate: 82 g\" data-ved=\"2ahUKEwiEl4OCmoSMAxXRW_EDHW9kMgUQ3ewLegQICxAV\"><span class=\"Y2IQFc\" lang=\"ro\">Suport auto universal Hoco montat pe orificiul de ventila\u021bie. Bra\u021bul cu cap mobil cu o gam\u0103 de mi\u0219care de 360\u00b0 v\u0103 permite s\u0103 regla\u021bi perfect pozi\u021bia dispozitivului la propriile nevoi, pe vertical\u0103 sau pe orizontal\u0103. Bratul cu cap mobil iti permite sa pozitionezi accesoriul si dispozitivul montat in el dupa preferinte, pe verticala sau pe orizontala \u2013 pentru a nu bloca vizibilitatea si pentru a putea folosi navigatia confortabil. Montat pe orificiul de ventila\u021bie, v\u0103 permite s\u0103 folosi\u021bi \u00een siguran\u021b\u0103 smartphone-ul \u00een timp ce conduce\u021bi. Inser\u021biile speciale de pe cleme protejeaz\u0103 dispozitivul de zg\u00e2rieturi \u00een timpul c\u0103l\u0103toriei.<\/span><\/p>\n<p class=\"tw-data-text tw-text-large tw-ta\" dir=\"ltr\" data-placeholder=\"Translation\" aria-label=\"Translated text: Suport auto universal Hoco montat pe orificiul de ventila\u021bie. Bra\u021bul cu cap mobil cu o gam\u0103 de mi\u0219care de 360\u00b0 v\u0103 permite s\u0103 regla\u021bi perfect pozi\u021bia dispozitivului la propriile nevoi, pe vertical\u0103 sau pe orizontal\u0103.\n\nBratul cu cap mobil iti permite sa pozitionezi accesoriul si dispozitivul montat in el dupa preferinte, pe verticala sau pe orizontala \u2013 pentru a nu bloca vizibilitatea si pentru a putea folosi navigatia confortabil.\n\nMontat pe orificiul de ventila\u021bie, v\u0103 permite s\u0103 folosi\u021bi \u00een siguran\u021b\u0103 smartphone-ul \u00een timp ce conduce\u021bi. Inser\u021biile speciale de pe cleme protejeaz\u0103 dispozitivul de zg\u00e2rieturi \u00een timpul c\u0103l\u0103toriei.\n\nCaietul de sarcini:\nLoca\u021bie de montare: aerisire\nMontare telefon: cleme\nCompatibilitate: smartphone-uri cu diagonala ecranului de 4,5-7,0\u201d\nDistan\u021ba dintre bra\u021be: 55-85 mm\nMaterial: ABS + silicon\nDimensiune: 102 \u00d7 68 \u00d7 115 mm\nGreutate: 82 g\" data-ved=\"2ahUKEwiEl4OCmoSMAxXRW_EDHW9kMgUQ3ewLegQICxAV\"><em><span class=\"Y2IQFc\" lang=\"ro\">Caietul de sarcini: <\/span><\/em><\/p>\n<p class=\"tw-data-text tw-text-large tw-ta\" dir=\"ltr\" data-placeholder=\"Translation\" aria-label=\"Translated text: Suport auto universal Hoco montat pe orificiul de ventila\u021bie. Bra\u021bul cu cap mobil cu o gam\u0103 de mi\u0219care de 360\u00b0 v\u0103 permite s\u0103 regla\u021bi perfect pozi\u021bia dispozitivului la propriile nevoi, pe vertical\u0103 sau pe orizontal\u0103.\n\nBratul cu cap mobil iti permite sa pozitionezi accesoriul si dispozitivul montat in el dupa preferinte, pe verticala sau pe orizontala \u2013 pentru a nu bloca vizibilitatea si pentru a putea folosi navigatia confortabil.\n\nMontat pe orificiul de ventila\u021bie, v\u0103 permite s\u0103 folosi\u021bi \u00een siguran\u021b\u0103 smartphone-ul \u00een timp ce conduce\u021bi. Inser\u021biile speciale de pe cleme protejeaz\u0103 dispozitivul de zg\u00e2rieturi \u00een timpul c\u0103l\u0103toriei.\n\nCaietul de sarcini:\nLoca\u021bie de montare: aerisire\nMontare telefon: cleme\nCompatibilitate: smartphone-uri cu diagonala ecranului de 4,5-7,0\u201d\nDistan\u021ba dintre bra\u021be: 55-85 mm\nMaterial: ABS + silicon\nDimensiune: 102 \u00d7 68 \u00d7 115 mm\nGreutate: 82 g\" data-ved=\"2ahUKEwiEl4OCmoSMAxXRW_EDHW9kMgUQ3ewLegQICxAV\"><span class=\"Y2IQFc\" lang=\"ro\">Loca\u021bie de montare: aerisire<\/span><\/p>\n<p class=\"tw-data-text tw-text-large tw-ta\" dir=\"ltr\" data-placeholder=\"Translation\" aria-label=\"Translated text: Suport auto universal Hoco montat pe orificiul de ventila\u021bie. Bra\u021bul cu cap mobil cu o gam\u0103 de mi\u0219care de 360\u00b0 v\u0103 permite s\u0103 regla\u021bi perfect pozi\u021bia dispozitivului la propriile nevoi, pe vertical\u0103 sau pe orizontal\u0103.\n\nBratul cu cap mobil iti permite sa pozitionezi accesoriul si dispozitivul montat in el dupa preferinte, pe verticala sau pe orizontala \u2013 pentru a nu bloca vizibilitatea si pentru a putea folosi navigatia confortabil.\n\nMontat pe orificiul de ventila\u021bie, v\u0103 permite s\u0103 folosi\u021bi \u00een siguran\u021b\u0103 smartphone-ul \u00een timp ce conduce\u021bi. Inser\u021biile speciale de pe cleme protejeaz\u0103 dispozitivul de zg\u00e2rieturi \u00een timpul c\u0103l\u0103toriei.\n\nCaietul de sarcini:\nLoca\u021bie de montare: aerisire\nMontare telefon: cleme\nCompatibilitate: smartphone-uri cu diagonala ecranului de 4,5-7,0\u201d\nDistan\u021ba dintre bra\u021be: 55-85 mm\nMaterial: ABS + silicon\nDimensiune: 102 \u00d7 68 \u00d7 115 mm\nGreutate: 82 g\" data-ved=\"2ahUKEwiEl4OCmoSMAxXRW_EDHW9kMgUQ3ewLegQICxAV\"><span class=\"Y2IQFc\" lang=\"ro\">Montare telefon: cleme<\/span><\/p>\n<p class=\"tw-data-text tw-text-large tw-ta\" dir=\"ltr\" data-placeholder=\"Translation\" aria-label=\"Translated text: Suport auto universal Hoco montat pe orificiul de ventila\u021bie. Bra\u021bul cu cap mobil cu o gam\u0103 de mi\u0219care de 360\u00b0 v\u0103 permite s\u0103 regla\u021bi perfect pozi\u021bia dispozitivului la propriile nevoi, pe vertical\u0103 sau pe orizontal\u0103.\n\nBratul cu cap mobil iti permite sa pozitionezi accesoriul si dispozitivul montat in el dupa preferinte, pe verticala sau pe orizontala \u2013 pentru a nu bloca vizibilitatea si pentru a putea folosi navigatia confortabil.\n\nMontat pe orificiul de ventila\u021bie, v\u0103 permite s\u0103 folosi\u021bi \u00een siguran\u021b\u0103 smartphone-ul \u00een timp ce conduce\u021bi. Inser\u021biile speciale de pe cleme protejeaz\u0103 dispozitivul de zg\u00e2rieturi \u00een timpul c\u0103l\u0103toriei.\n\nCaietul de sarcini:\nLoca\u021bie de montare: aerisire\nMontare telefon: cleme\nCompatibilitate: smartphone-uri cu diagonala ecranului de 4,5-7,0\u201d\nDistan\u021ba dintre bra\u021be: 55-85 mm\nMaterial: ABS + silicon\nDimensiune: 102 \u00d7 68 \u00d7 115 mm\nGreutate: 82 g\" data-ved=\"2ahUKEwiEl4OCmoSMAxXRW_EDHW9kMgUQ3ewLegQICxAV\"><span class=\"Y2IQFc\" lang=\"ro\">Compatibilitate: smartphone-uri cu diagonala ecranului de 4,5-7,0\u201d <\/span><\/p>\n<p class=\"tw-data-text tw-text-large tw-ta\" dir=\"ltr\" data-placeholder=\"Translation\" aria-label=\"Translated text: Suport auto universal Hoco montat pe orificiul de ventila\u021bie. Bra\u021bul cu cap mobil cu o gam\u0103 de mi\u0219care de 360\u00b0 v\u0103 permite s\u0103 regla\u021bi perfect pozi\u021bia dispozitivului la propriile nevoi, pe vertical\u0103 sau pe orizontal\u0103.\n\nBratul cu cap mobil iti permite sa pozitionezi accesoriul si dispozitivul montat in el dupa preferinte, pe verticala sau pe orizontala \u2013 pentru a nu bloca vizibilitatea si pentru a putea folosi navigatia confortabil.\n\nMontat pe orificiul de ventila\u021bie, v\u0103 permite s\u0103 folosi\u021bi \u00een siguran\u021b\u0103 smartphone-ul \u00een timp ce conduce\u021bi. Inser\u021biile speciale de pe cleme protejeaz\u0103 dispozitivul de zg\u00e2rieturi \u00een timpul c\u0103l\u0103toriei.\n\nCaietul de sarcini:\nLoca\u021bie de montare: aerisire\nMontare telefon: cleme\nCompatibilitate: smartphone-uri cu diagonala ecranului de 4,5-7,0\u201d\nDistan\u021ba dintre bra\u021be: 55-85 mm\nMaterial: ABS + silicon\nDimensiune: 102 \u00d7 68 \u00d7 115 mm\nGreutate: 82 g\" data-ved=\"2ahUKEwiEl4OCmoSMAxXRW_EDHW9kMgUQ3ewLegQICxAV\"><span class=\"Y2IQFc\" lang=\"ro\">Distan\u021ba dintre bra\u021be: 55-85 mm Material: ABS + silicon <\/span><\/p>\n<p class=\"tw-data-text tw-text-large tw-ta\" dir=\"ltr\" data-placeholder=\"Translation\" aria-label=\"Translated text: Suport auto universal Hoco montat pe orificiul de ventila\u021bie. Bra\u021bul cu cap mobil cu o gam\u0103 de mi\u0219care de 360\u00b0 v\u0103 permite s\u0103 regla\u021bi perfect pozi\u021bia dispozitivului la propriile nevoi, pe vertical\u0103 sau pe orizontal\u0103.\n\nBratul cu cap mobil iti permite sa pozitionezi accesoriul si dispozitivul montat in el dupa preferinte, pe verticala sau pe orizontala \u2013 pentru a nu bloca vizibilitatea si pentru a putea folosi navigatia confortabil.\n\nMontat pe orificiul de ventila\u021bie, v\u0103 permite s\u0103 folosi\u021bi \u00een siguran\u021b\u0103 smartphone-ul \u00een timp ce conduce\u021bi. Inser\u021biile speciale de pe cleme protejeaz\u0103 dispozitivul de zg\u00e2rieturi \u00een timpul c\u0103l\u0103toriei.\n\nCaietul de sarcini:\nLoca\u021bie de montare: aerisire\nMontare telefon: cleme\nCompatibilitate: smartphone-uri cu diagonala ecranului de 4,5-7,0\u201d\nDistan\u021ba dintre bra\u021be: 55-85 mm\nMaterial: ABS + silicon\nDimensiune: 102 \u00d7 68 \u00d7 115 mm\nGreutate: 82 g\" data-ved=\"2ahUKEwiEl4OCmoSMAxXRW_EDHW9kMgUQ3ewLegQICxAV\"><span class=\"Y2IQFc\" lang=\"ro\">Dimensiune: 102 \u00d7 68 \u00d7 115 mm <\/span><\/p>\n<p class=\"tw-data-text tw-text-large tw-ta\" dir=\"ltr\" data-placeholder=\"Translation\" aria-label=\"Translated text: Suport auto universal Hoco montat pe orificiul de ventila\u021bie. Bra\u021bul cu cap mobil cu o gam\u0103 de mi\u0219care de 360\u00b0 v\u0103 permite s\u0103 regla\u021bi perfect pozi\u021bia dispozitivului la propriile nevoi, pe vertical\u0103 sau pe orizontal\u0103.\n\nBratul cu cap mobil iti permite sa pozitionezi accesoriul si dispozitivul montat in el dupa preferinte, pe verticala sau pe orizontala \u2013 pentru a nu bloca vizibilitatea si pentru a putea folosi navigatia confortabil.\n\nMontat pe orificiul de ventila\u021bie, v\u0103 permite s\u0103 folosi\u021bi \u00een siguran\u021b\u0103 smartphone-ul \u00een timp ce conduce\u021bi. Inser\u021biile speciale de pe cleme protejeaz\u0103 dispozitivul de zg\u00e2rieturi \u00een timpul c\u0103l\u0103toriei.\n\nCaietul de sarcini:\nLoca\u021bie de montare: aerisire\nMontare telefon: cleme\nCompatibilitate: smartphone-uri cu diagonala ecranului de 4,5-7,0\u201d\nDistan\u021ba dintre bra\u021be: 55-85 mm\nMaterial: ABS + silicon\nDimensiune: 102 \u00d7 68 \u00d7 115 mm\nGreutate: 82 g\" data-ved=\"2ahUKEwiEl4OCmoSMAxXRW_EDHW9kMgUQ3ewLegQICxAV\"><span class=\"Y2IQFc\" lang=\"ro\">Greutate: 82 g<\/span><\/p>\n<\/div>\n<div><\/div>\n","protected":false},"excerpt":{"rendered":"<p>Suport auto universal Hoco montat pe orificiul de ventila\u021bie. Bra\u021bul cu cap mobil cu o gam\u0103 de mi\u0219care de 360\u00b0 v\u0103 permite s\u0103 regla\u021bi perfect pozi\u021bia dispozitivului la propriile nevoi, pe vertical\u0103 sau pe orizontal\u0103. Bratul cu cap mobil iti permite sa pozitionezi accesoriul si dispozitivul montat in el dupa preferinte, pe verticala sau pe orizontala \u2013 pentru a nu bloca vizibilitatea si pentru a putea folosi navigatia confortabil. Montat pe orificiul de ventila\u021bie, v\u0103 permite s\u0103 folosi\u021bi \u00een siguran\u021b\u0103 smartphone-ul \u00een timp ce conduce\u021bi. Inser\u021biile speciale de pe cleme protejeaz\u0103 dispozitivul de zg\u00e2rieturi \u00een timpul c\u0103l\u0103toriei. Caietul de sarcini: Loca\u021bie de montare: aerisire Montare telefon: cleme Compatibilitate: smartphone-uri cu diagonala ecranului de 4,5-7,0\u201d Distan\u021ba dintre bra\u021be: 55-85 mm Material: ABS + silicon Dimensiune: 102 \u00d7 68 \u00d7 115 mm Greutate: 82 g<\/p>\n","protected":false},"featured_media":26112,"comment_status":"closed","ping_status":"open","template":"","meta":[],"product_brand":[],"product_cat":[90,126,91],"product_tag":[],"class_list":{"0":"post-26110","1":"product","2":"type-product","3":"status-publish","4":"has-post-thumbnail","6":"product_cat-accesorii-auto","7":"product_cat-noutati","8":"product_cat-suport-auto","10":"first","11":"instock","12":"shipping-taxable","13":"product-type-simple"},"_links":{"self":[{"href":"https:\/\/bafo.ro\/v22\/wp-json\/wp\/v2\/product\/26110","targetHints":{"allow":["GET"]}}],"collection":[{"href":"https:\/\/bafo.ro\/v22\/wp-json\/wp\/v2\/product"}],"about":[{"href":"https:\/\/bafo.ro\/v22\/wp-json\/wp\/v2\/types\/product"}],"replies":[{"embeddable":true,"href":"https:\/\/bafo.ro\/v22\/wp-json\/wp\/v2\/comments?post=26110"}],"version-history":[{"count":1,"href":"https:\/\/bafo.ro\/v22\/wp-json\/wp\/v2\/product\/26110\/revisions"}],"predecessor-version":[{"id":26111,"href":"https:\/\/bafo.ro\/v22\/wp-json\/wp\/v2\/product\/26110\/revisions\/26111"}],"wp:featuredmedia":[{"embeddable":true,"href":"https:\/\/bafo.ro\/v22\/wp-json\/wp\/v2\/media\/26112"}],"wp:attachment":[{"href":"https:\/\/bafo.ro\/v22\/wp-json\/wp\/v2\/media?parent=26110"}],"wp:term":[{"taxonomy":"product_brand","embeddable":true,"href":"https:\/\/bafo.ro\/v22\/wp-json\/wp\/v2\/product_brand?post=26110"},{"taxonomy":"product_cat","embeddable":true,"href":"https:\/\/bafo.ro\/v22\/wp-json\/wp\/v2\/product_cat?post=26110"},{"taxonomy":"product_tag","embeddable":true,"href":"https:\/\/bafo.ro\/v22\/wp-json\/wp\/v2\/product_tag?post=26110"}],"curies":[{"name":"wp","href":"https:\/\/api.w.org\/{rel}","templated":true}]}}