{"id":26031,"date":"2025-03-11T07:39:20","date_gmt":"2025-03-11T07:39:20","guid":{"rendered":"https:\/\/bafo.ro\/v22\/product\/husa-matte-tpu-silicon-honor-200-smart-albastru-inchis\/"},"modified":"2025-03-31T17:55:09","modified_gmt":"2025-03-31T17:55:09","slug":"husa-matte-tpu-silicon-honor-200-smart-albastru-inchis","status":"publish","type":"product","link":"https:\/\/bafo.ro\/v22\/product\/husa-matte-tpu-silicon-honor-200-smart-albastru-inchis\/","title":{"rendered":"HUSA MATTE TPU SILICON Honor 200 Smart albastru inchis"},"content":{"rendered":"<p id=\"tw-target-text\" class=\"tw-data-text tw-text-large tw-ta\" dir=\"ltr\" data-placeholder=\"Translation\"><span class=\"Y2IQFc\" lang=\"ro\">\u00a0HUSA MATTE TPU SILICON este produsul perfect pentru iubitorii de clasici. Siliconul de \u00eenalt\u0103 calitate \u00een combina\u021bie cu o c\u0103ptu\u0219eal\u0103 intern\u0103 din microfibr\u0103 asigur\u0103 protec\u021bia telefonului la cel mai \u00eenalt nivel. \u00cenveli\u0219ul mat, cauciucat, protejeaz\u0103 \u00eempotriva alunec\u0103rii accidentale a dispozitivului din m\u00e2n\u0103, f\u0103c\u00e2nd utilizarea telefonului \u0219i mai pl\u0103cut\u0103 dec\u00e2t \u00eenainte. Decupaje precise pentru butoanele de func\u021bionare, priza \u00eenc\u0103rc\u0103torului \u0219i camer\u0103 asigur\u0103 func\u021bionalitatea deplin\u0103 a smartphone-ului. Important este c\u0103 pentru cei care apreciaz\u0103 noile tehnologii, suprapunerea este compatibil\u0103 cu \u00eenc\u0103rc\u0103toarele wireless.<\/span><\/p>\n","protected":false},"excerpt":{"rendered":"<p>\u00a0HUSA MATTE TPU SILICON este produsul perfect pentru iubitorii de clasici. Siliconul de \u00eenalt\u0103 calitate \u00een combina\u021bie cu o c\u0103ptu\u0219eal\u0103 intern\u0103 din microfibr\u0103 asigur\u0103 protec\u021bia telefonului la cel mai \u00eenalt nivel. \u00cenveli\u0219ul mat, cauciucat, protejeaz\u0103 \u00eempotriva alunec\u0103rii accidentale a dispozitivului din m\u00e2n\u0103, f\u0103c\u00e2nd utilizarea telefonului \u0219i mai pl\u0103cut\u0103 dec\u00e2t \u00eenainte. Decupaje precise pentru butoanele de func\u021bionare, priza \u00eenc\u0103rc\u0103torului \u0219i camer\u0103 asigur\u0103 func\u021bionalitatea deplin\u0103 a smartphone-ului. Important este c\u0103 pentru cei care apreciaz\u0103 noile tehnologii, suprapunerea este compatibil\u0103 cu \u00eenc\u0103rc\u0103toarele wireless.<\/p>\n","protected":false},"featured_media":17319,"comment_status":"closed","ping_status":"open","template":"","meta":[],"product_brand":[],"product_cat":[522,244,126],"product_tag":[],"class_list":{"0":"post-26031","1":"product","2":"type-product","3":"status-publish","4":"has-post-thumbnail","6":"product_cat-husa-matte-tpu-silicon","7":"product_cat-huse","8":"product_cat-noutati","10":"first","11":"instock","12":"shipping-taxable","13":"product-type-simple"},"_links":{"self":[{"href":"https:\/\/bafo.ro\/v22\/wp-json\/wp\/v2\/product\/26031","targetHints":{"allow":["GET"]}}],"collection":[{"href":"https:\/\/bafo.ro\/v22\/wp-json\/wp\/v2\/product"}],"about":[{"href":"https:\/\/bafo.ro\/v22\/wp-json\/wp\/v2\/types\/product"}],"replies":[{"embeddable":true,"href":"https:\/\/bafo.ro\/v22\/wp-json\/wp\/v2\/comments?post=26031"}],"version-history":[{"count":1,"href":"https:\/\/bafo.ro\/v22\/wp-json\/wp\/v2\/product\/26031\/revisions"}],"predecessor-version":[{"id":26032,"href":"https:\/\/bafo.ro\/v22\/wp-json\/wp\/v2\/product\/26031\/revisions\/26032"}],"wp:featuredmedia":[{"embeddable":true,"href":"https:\/\/bafo.ro\/v22\/wp-json\/wp\/v2\/media\/17319"}],"wp:attachment":[{"href":"https:\/\/bafo.ro\/v22\/wp-json\/wp\/v2\/media?parent=26031"}],"wp:term":[{"taxonomy":"product_brand","embeddable":true,"href":"https:\/\/bafo.ro\/v22\/wp-json\/wp\/v2\/product_brand?post=26031"},{"taxonomy":"product_cat","embeddable":true,"href":"https:\/\/bafo.ro\/v22\/wp-json\/wp\/v2\/product_cat?post=26031"},{"taxonomy":"product_tag","embeddable":true,"href":"https:\/\/bafo.ro\/v22\/wp-json\/wp\/v2\/product_tag?post=26031"}],"curies":[{"name":"wp","href":"https:\/\/api.w.org\/{rel}","templated":true}]}}