{"id":25825,"date":"2025-02-18T14:21:00","date_gmt":"2025-02-18T14:21:00","guid":{"rendered":"https:\/\/bafo.ro\/v22\/product\/husa-spate-mag-safe-bling-samsung-galaxy-s25-negru\/"},"modified":"2025-03-31T17:54:20","modified_gmt":"2025-03-31T17:54:20","slug":"husa-spate-mag-safe-bling-samsung-galaxy-s25-negru","status":"publish","type":"product","link":"https:\/\/bafo.ro\/v22\/product\/husa-spate-mag-safe-bling-samsung-galaxy-s25-negru\/","title":{"rendered":"HUSA SPATE MAG SAFE Bling Samsung Galaxy S25 negru"},"content":{"rendered":"<p id=\"tw-target-text\" class=\"tw-data-text tw-text-large tw-ta\" dir=\"ltr\" data-placeholder=\"Translation\" aria-label=\"Translated text: Descriere produs Bling MagSafe Case - o hus\u0103 elegant\u0103 care combin\u0103 func\u021bionalitatea \u0219i elegan\u021ba. Fabricat din TPU flexibil, ofer\u0103 protec\u021bie complet\u0103 pentru smartphone-ul t\u0103u. Magne\u021bii \u00eencorpora\u021bi \u00eel fac compatibil cu accesoriile Apple MagSafe. Fabricat din TPU flexibil Protec\u021bie complet\u0103 \u00eempotriva zg\u00e2rieturilor \u0219i c\u0103derilor Inel magnetic compatibil cu accesoriile MagSafe Borduri \u0219i insul\u0103 de camer\u0103 \u00eempodobite cu strasuri str\u0103lucitoare Element MagSafe \u0219i insul\u0103 pentru camer\u0103 acoperite cu sclipici str\u0103lucitoare Sticl\u0103 de protec\u021bie \u00eencorporat\u0103 pentru obiectivele camerei Margini \u00een\u0103l\u021bate pentru protec\u021bie suplimentar\u0103 a ecranului Ata\u0219are \u0219nur pentru un plus de confort Decupaje precise asigur\u0103 acces facil la toate porturile Butoane integrate pentru a evita praful \u0219i resturile Material anti-alunecare pentru o prindere sigura\" data-ved=\"2ahUKEwid_fKCmrGKAxWIX_EDHZ-jPPwQ3ewLegQIDhAU\"><span class=\"Y2IQFc\" lang=\"ro\">Descriere produs <\/span><\/p>\n<p class=\"tw-data-text tw-text-large tw-ta\" dir=\"ltr\" data-placeholder=\"Translation\" aria-label=\"Translated text: Descriere produs Bling MagSafe Case - o hus\u0103 elegant\u0103 care combin\u0103 func\u021bionalitatea \u0219i elegan\u021ba. Fabricat din TPU flexibil, ofer\u0103 protec\u021bie complet\u0103 pentru smartphone-ul t\u0103u. Magne\u021bii \u00eencorpora\u021bi \u00eel fac compatibil cu accesoriile Apple MagSafe. Fabricat din TPU flexibil Protec\u021bie complet\u0103 \u00eempotriva zg\u00e2rieturilor \u0219i c\u0103derilor Inel magnetic compatibil cu accesoriile MagSafe Borduri \u0219i insul\u0103 de camer\u0103 \u00eempodobite cu strasuri str\u0103lucitoare Element MagSafe \u0219i insul\u0103 pentru camer\u0103 acoperite cu sclipici str\u0103lucitoare Sticl\u0103 de protec\u021bie \u00eencorporat\u0103 pentru obiectivele camerei Margini \u00een\u0103l\u021bate pentru protec\u021bie suplimentar\u0103 a ecranului Ata\u0219are \u0219nur pentru un plus de confort Decupaje precise asigur\u0103 acces facil la toate porturile Butoane integrate pentru a evita praful \u0219i resturile Material anti-alunecare pentru o prindere sigura\" data-ved=\"2ahUKEwid_fKCmrGKAxWIX_EDHZ-jPPwQ3ewLegQIDhAU\"><span class=\"Y2IQFc\" lang=\"ro\">Bling MagSafe Case &#8211; o hus\u0103 elegant\u0103 care combin\u0103 func\u021bionalitatea \u0219i elegan\u021ba. Fabricat din TPU flexibil, ofer\u0103 protec\u021bie complet\u0103 pentru smartphone-ul t\u0103u. Magne\u021bii \u00eencorpora\u021bi \u00eel fac compatibil cu accesoriile Apple MagSafe. <\/span><\/p>\n<p class=\"tw-data-text tw-text-large tw-ta\" dir=\"ltr\" data-placeholder=\"Translation\" aria-label=\"Translated text: Descriere produs Bling MagSafe Case - o hus\u0103 elegant\u0103 care combin\u0103 func\u021bionalitatea \u0219i elegan\u021ba. Fabricat din TPU flexibil, ofer\u0103 protec\u021bie complet\u0103 pentru smartphone-ul t\u0103u. Magne\u021bii \u00eencorpora\u021bi \u00eel fac compatibil cu accesoriile Apple MagSafe. Fabricat din TPU flexibil Protec\u021bie complet\u0103 \u00eempotriva zg\u00e2rieturilor \u0219i c\u0103derilor Inel magnetic compatibil cu accesoriile MagSafe Borduri \u0219i insul\u0103 de camer\u0103 \u00eempodobite cu strasuri str\u0103lucitoare Element MagSafe \u0219i insul\u0103 pentru camer\u0103 acoperite cu sclipici str\u0103lucitoare Sticl\u0103 de protec\u021bie \u00eencorporat\u0103 pentru obiectivele camerei Margini \u00een\u0103l\u021bate pentru protec\u021bie suplimentar\u0103 a ecranului Ata\u0219are \u0219nur pentru un plus de confort Decupaje precise asigur\u0103 acces facil la toate porturile Butoane integrate pentru a evita praful \u0219i resturile Material anti-alunecare pentru o prindere sigura\" data-ved=\"2ahUKEwid_fKCmrGKAxWIX_EDHZ-jPPwQ3ewLegQIDhAU\"><span class=\"Y2IQFc\" lang=\"ro\">-Fabricat din TPU flexibil <\/span><\/p>\n<p class=\"tw-data-text tw-text-large tw-ta\" dir=\"ltr\" data-placeholder=\"Translation\" aria-label=\"Translated text: Descriere produs Bling MagSafe Case - o hus\u0103 elegant\u0103 care combin\u0103 func\u021bionalitatea \u0219i elegan\u021ba. Fabricat din TPU flexibil, ofer\u0103 protec\u021bie complet\u0103 pentru smartphone-ul t\u0103u. Magne\u021bii \u00eencorpora\u021bi \u00eel fac compatibil cu accesoriile Apple MagSafe. Fabricat din TPU flexibil Protec\u021bie complet\u0103 \u00eempotriva zg\u00e2rieturilor \u0219i c\u0103derilor Inel magnetic compatibil cu accesoriile MagSafe Borduri \u0219i insul\u0103 de camer\u0103 \u00eempodobite cu strasuri str\u0103lucitoare Element MagSafe \u0219i insul\u0103 pentru camer\u0103 acoperite cu sclipici str\u0103lucitoare Sticl\u0103 de protec\u021bie \u00eencorporat\u0103 pentru obiectivele camerei Margini \u00een\u0103l\u021bate pentru protec\u021bie suplimentar\u0103 a ecranului Ata\u0219are \u0219nur pentru un plus de confort Decupaje precise asigur\u0103 acces facil la toate porturile Butoane integrate pentru a evita praful \u0219i resturile Material anti-alunecare pentru o prindere sigura\" data-ved=\"2ahUKEwid_fKCmrGKAxWIX_EDHZ-jPPwQ3ewLegQIDhAU\"><span class=\"Y2IQFc\" lang=\"ro\">-Protec\u021bie complet\u0103 \u00eempotriva zg\u00e2rieturilor \u0219i c\u0103derilor<\/span><\/p>\n<p class=\"tw-data-text tw-text-large tw-ta\" dir=\"ltr\" data-placeholder=\"Translation\" aria-label=\"Translated text: Descriere produs Bling MagSafe Case - o hus\u0103 elegant\u0103 care combin\u0103 func\u021bionalitatea \u0219i elegan\u021ba. Fabricat din TPU flexibil, ofer\u0103 protec\u021bie complet\u0103 pentru smartphone-ul t\u0103u. Magne\u021bii \u00eencorpora\u021bi \u00eel fac compatibil cu accesoriile Apple MagSafe. Fabricat din TPU flexibil Protec\u021bie complet\u0103 \u00eempotriva zg\u00e2rieturilor \u0219i c\u0103derilor Inel magnetic compatibil cu accesoriile MagSafe Borduri \u0219i insul\u0103 de camer\u0103 \u00eempodobite cu strasuri str\u0103lucitoare Element MagSafe \u0219i insul\u0103 pentru camer\u0103 acoperite cu sclipici str\u0103lucitoare Sticl\u0103 de protec\u021bie \u00eencorporat\u0103 pentru obiectivele camerei Margini \u00een\u0103l\u021bate pentru protec\u021bie suplimentar\u0103 a ecranului Ata\u0219are \u0219nur pentru un plus de confort Decupaje precise asigur\u0103 acces facil la toate porturile Butoane integrate pentru a evita praful \u0219i resturile Material anti-alunecare pentru o prindere sigura\" data-ved=\"2ahUKEwid_fKCmrGKAxWIX_EDHZ-jPPwQ3ewLegQIDhAU\"><span class=\"Y2IQFc\" lang=\"ro\">-Inel magnetic compatibil cu accesoriile MagSafe Borduri \u0219i insul\u0103 de camer\u0103 \u00eempodobite cu strasuri str\u0103lucitoare -Element MagSafe \u0219i insul\u0103 pentru camer\u0103 acoperite cu sclipici str\u0103lucitoare<\/span><\/p>\n<p class=\"tw-data-text tw-text-large tw-ta\" dir=\"ltr\" data-placeholder=\"Translation\" aria-label=\"Translated text: Descriere produs Bling MagSafe Case - o hus\u0103 elegant\u0103 care combin\u0103 func\u021bionalitatea \u0219i elegan\u021ba. Fabricat din TPU flexibil, ofer\u0103 protec\u021bie complet\u0103 pentru smartphone-ul t\u0103u. Magne\u021bii \u00eencorpora\u021bi \u00eel fac compatibil cu accesoriile Apple MagSafe. Fabricat din TPU flexibil Protec\u021bie complet\u0103 \u00eempotriva zg\u00e2rieturilor \u0219i c\u0103derilor Inel magnetic compatibil cu accesoriile MagSafe Borduri \u0219i insul\u0103 de camer\u0103 \u00eempodobite cu strasuri str\u0103lucitoare Element MagSafe \u0219i insul\u0103 pentru camer\u0103 acoperite cu sclipici str\u0103lucitoare Sticl\u0103 de protec\u021bie \u00eencorporat\u0103 pentru obiectivele camerei Margini \u00een\u0103l\u021bate pentru protec\u021bie suplimentar\u0103 a ecranului Ata\u0219are \u0219nur pentru un plus de confort Decupaje precise asigur\u0103 acces facil la toate porturile Butoane integrate pentru a evita praful \u0219i resturile Material anti-alunecare pentru o prindere sigura\" data-ved=\"2ahUKEwid_fKCmrGKAxWIX_EDHZ-jPPwQ3ewLegQIDhAU\"><span class=\"Y2IQFc\" lang=\"ro\">-Sticl\u0103 de protec\u021bie \u00eencorporat\u0103 pentru obiectivele camerei <\/span><\/p>\n<p class=\"tw-data-text tw-text-large tw-ta\" dir=\"ltr\" data-placeholder=\"Translation\" aria-label=\"Translated text: Descriere produs Bling MagSafe Case - o hus\u0103 elegant\u0103 care combin\u0103 func\u021bionalitatea \u0219i elegan\u021ba. Fabricat din TPU flexibil, ofer\u0103 protec\u021bie complet\u0103 pentru smartphone-ul t\u0103u. Magne\u021bii \u00eencorpora\u021bi \u00eel fac compatibil cu accesoriile Apple MagSafe. Fabricat din TPU flexibil Protec\u021bie complet\u0103 \u00eempotriva zg\u00e2rieturilor \u0219i c\u0103derilor Inel magnetic compatibil cu accesoriile MagSafe Borduri \u0219i insul\u0103 de camer\u0103 \u00eempodobite cu strasuri str\u0103lucitoare Element MagSafe \u0219i insul\u0103 pentru camer\u0103 acoperite cu sclipici str\u0103lucitoare Sticl\u0103 de protec\u021bie \u00eencorporat\u0103 pentru obiectivele camerei Margini \u00een\u0103l\u021bate pentru protec\u021bie suplimentar\u0103 a ecranului Ata\u0219are \u0219nur pentru un plus de confort Decupaje precise asigur\u0103 acces facil la toate porturile Butoane integrate pentru a evita praful \u0219i resturile Material anti-alunecare pentru o prindere sigura\" data-ved=\"2ahUKEwid_fKCmrGKAxWIX_EDHZ-jPPwQ3ewLegQIDhAU\"><span class=\"Y2IQFc\" lang=\"ro\">-Margini \u00een\u0103l\u021bate pentru protec\u021bie suplimentar\u0103 a ecranului <\/span><\/p>\n<p class=\"tw-data-text tw-text-large tw-ta\" dir=\"ltr\" data-placeholder=\"Translation\" aria-label=\"Translated text: Descriere produs Bling MagSafe Case - o hus\u0103 elegant\u0103 care combin\u0103 func\u021bionalitatea \u0219i elegan\u021ba. Fabricat din TPU flexibil, ofer\u0103 protec\u021bie complet\u0103 pentru smartphone-ul t\u0103u. Magne\u021bii \u00eencorpora\u021bi \u00eel fac compatibil cu accesoriile Apple MagSafe. Fabricat din TPU flexibil Protec\u021bie complet\u0103 \u00eempotriva zg\u00e2rieturilor \u0219i c\u0103derilor Inel magnetic compatibil cu accesoriile MagSafe Borduri \u0219i insul\u0103 de camer\u0103 \u00eempodobite cu strasuri str\u0103lucitoare Element MagSafe \u0219i insul\u0103 pentru camer\u0103 acoperite cu sclipici str\u0103lucitoare Sticl\u0103 de protec\u021bie \u00eencorporat\u0103 pentru obiectivele camerei Margini \u00een\u0103l\u021bate pentru protec\u021bie suplimentar\u0103 a ecranului Ata\u0219are \u0219nur pentru un plus de confort Decupaje precise asigur\u0103 acces facil la toate porturile Butoane integrate pentru a evita praful \u0219i resturile Material anti-alunecare pentru o prindere sigura\" data-ved=\"2ahUKEwid_fKCmrGKAxWIX_EDHZ-jPPwQ3ewLegQIDhAU\"><span class=\"Y2IQFc\" lang=\"ro\">-Ata\u0219are \u0219nur pentru un plus de confort<\/span><\/p>\n<p class=\"tw-data-text tw-text-large tw-ta\" dir=\"ltr\" data-placeholder=\"Translation\" aria-label=\"Translated text: Descriere produs Bling MagSafe Case - o hus\u0103 elegant\u0103 care combin\u0103 func\u021bionalitatea \u0219i elegan\u021ba. Fabricat din TPU flexibil, ofer\u0103 protec\u021bie complet\u0103 pentru smartphone-ul t\u0103u. Magne\u021bii \u00eencorpora\u021bi \u00eel fac compatibil cu accesoriile Apple MagSafe. Fabricat din TPU flexibil Protec\u021bie complet\u0103 \u00eempotriva zg\u00e2rieturilor \u0219i c\u0103derilor Inel magnetic compatibil cu accesoriile MagSafe Borduri \u0219i insul\u0103 de camer\u0103 \u00eempodobite cu strasuri str\u0103lucitoare Element MagSafe \u0219i insul\u0103 pentru camer\u0103 acoperite cu sclipici str\u0103lucitoare Sticl\u0103 de protec\u021bie \u00eencorporat\u0103 pentru obiectivele camerei Margini \u00een\u0103l\u021bate pentru protec\u021bie suplimentar\u0103 a ecranului Ata\u0219are \u0219nur pentru un plus de confort Decupaje precise asigur\u0103 acces facil la toate porturile Butoane integrate pentru a evita praful \u0219i resturile Material anti-alunecare pentru o prindere sigura\" data-ved=\"2ahUKEwid_fKCmrGKAxWIX_EDHZ-jPPwQ3ewLegQIDhAU\"><span class=\"Y2IQFc\" lang=\"ro\">-Decupaje precise asigur\u0103 acces facil la toate porturile <\/span><\/p>\n<p class=\"tw-data-text tw-text-large tw-ta\" dir=\"ltr\" data-placeholder=\"Translation\" aria-label=\"Translated text: Descriere produs Bling MagSafe Case - o hus\u0103 elegant\u0103 care combin\u0103 func\u021bionalitatea \u0219i elegan\u021ba. Fabricat din TPU flexibil, ofer\u0103 protec\u021bie complet\u0103 pentru smartphone-ul t\u0103u. Magne\u021bii \u00eencorpora\u021bi \u00eel fac compatibil cu accesoriile Apple MagSafe. Fabricat din TPU flexibil Protec\u021bie complet\u0103 \u00eempotriva zg\u00e2rieturilor \u0219i c\u0103derilor Inel magnetic compatibil cu accesoriile MagSafe Borduri \u0219i insul\u0103 de camer\u0103 \u00eempodobite cu strasuri str\u0103lucitoare Element MagSafe \u0219i insul\u0103 pentru camer\u0103 acoperite cu sclipici str\u0103lucitoare Sticl\u0103 de protec\u021bie \u00eencorporat\u0103 pentru obiectivele camerei Margini \u00een\u0103l\u021bate pentru protec\u021bie suplimentar\u0103 a ecranului Ata\u0219are \u0219nur pentru un plus de confort Decupaje precise asigur\u0103 acces facil la toate porturile Butoane integrate pentru a evita praful \u0219i resturile Material anti-alunecare pentru o prindere sigura\" data-ved=\"2ahUKEwid_fKCmrGKAxWIX_EDHZ-jPPwQ3ewLegQIDhAU\"><span class=\"Y2IQFc\" lang=\"ro\">-Butoane integrate pentru a evita praful \u0219i resturile<\/span><\/p>\n<p class=\"tw-data-text tw-text-large tw-ta\" dir=\"ltr\" data-placeholder=\"Translation\" aria-label=\"Translated text: Descriere produs Bling MagSafe Case - o hus\u0103 elegant\u0103 care combin\u0103 func\u021bionalitatea \u0219i elegan\u021ba. Fabricat din TPU flexibil, ofer\u0103 protec\u021bie complet\u0103 pentru smartphone-ul t\u0103u. Magne\u021bii \u00eencorpora\u021bi \u00eel fac compatibil cu accesoriile Apple MagSafe. Fabricat din TPU flexibil Protec\u021bie complet\u0103 \u00eempotriva zg\u00e2rieturilor \u0219i c\u0103derilor Inel magnetic compatibil cu accesoriile MagSafe Borduri \u0219i insul\u0103 de camer\u0103 \u00eempodobite cu strasuri str\u0103lucitoare Element MagSafe \u0219i insul\u0103 pentru camer\u0103 acoperite cu sclipici str\u0103lucitoare Sticl\u0103 de protec\u021bie \u00eencorporat\u0103 pentru obiectivele camerei Margini \u00een\u0103l\u021bate pentru protec\u021bie suplimentar\u0103 a ecranului Ata\u0219are \u0219nur pentru un plus de confort Decupaje precise asigur\u0103 acces facil la toate porturile Butoane integrate pentru a evita praful \u0219i resturile Material anti-alunecare pentru o prindere sigura\" data-ved=\"2ahUKEwid_fKCmrGKAxWIX_EDHZ-jPPwQ3ewLegQIDhAU\"><span class=\"Y2IQFc\" lang=\"ro\">-Material anti-alunecare pentru o prindere sigura<\/span><\/p>\n","protected":false},"excerpt":{"rendered":"<p>Descriere produs Bling MagSafe Case &#8211; o hus\u0103 elegant\u0103 care combin\u0103 func\u021bionalitatea \u0219i elegan\u021ba. Fabricat din TPU flexibil, ofer\u0103 protec\u021bie complet\u0103 pentru smartphone-ul t\u0103u. Magne\u021bii \u00eencorpora\u021bi \u00eel fac compatibil cu accesoriile Apple MagSafe. -Fabricat din TPU flexibil -Protec\u021bie complet\u0103 \u00eempotriva zg\u00e2rieturilor \u0219i c\u0103derilor -Inel magnetic compatibil cu accesoriile MagSafe Borduri \u0219i insul\u0103 de camer\u0103 \u00eempodobite cu strasuri str\u0103lucitoare -Element MagSafe \u0219i insul\u0103 pentru camer\u0103 acoperite cu sclipici str\u0103lucitoare -Sticl\u0103 de protec\u021bie \u00eencorporat\u0103 pentru obiectivele camerei -Margini \u00een\u0103l\u021bate pentru protec\u021bie suplimentar\u0103 a ecranului -Ata\u0219are \u0219nur pentru un plus de confort -Decupaje precise asigur\u0103 acces facil la toate porturile -Butoane integrate pentru a evita praful \u0219i resturile -Material anti-alunecare pentru o prindere sigura<\/p>\n","protected":false},"featured_media":25802,"comment_status":"closed","ping_status":"open","template":"","meta":[],"product_brand":[],"product_cat":[620,244,126],"product_tag":[],"class_list":{"0":"post-25825","1":"product","2":"type-product","3":"status-publish","4":"has-post-thumbnail","6":"product_cat-husa-mag-safe-bling","7":"product_cat-huse","8":"product_cat-noutati","10":"first","11":"instock","12":"shipping-taxable","13":"product-type-simple"},"_links":{"self":[{"href":"https:\/\/bafo.ro\/v22\/wp-json\/wp\/v2\/product\/25825","targetHints":{"allow":["GET"]}}],"collection":[{"href":"https:\/\/bafo.ro\/v22\/wp-json\/wp\/v2\/product"}],"about":[{"href":"https:\/\/bafo.ro\/v22\/wp-json\/wp\/v2\/types\/product"}],"replies":[{"embeddable":true,"href":"https:\/\/bafo.ro\/v22\/wp-json\/wp\/v2\/comments?post=25825"}],"version-history":[{"count":1,"href":"https:\/\/bafo.ro\/v22\/wp-json\/wp\/v2\/product\/25825\/revisions"}],"predecessor-version":[{"id":25826,"href":"https:\/\/bafo.ro\/v22\/wp-json\/wp\/v2\/product\/25825\/revisions\/25826"}],"wp:featuredmedia":[{"embeddable":true,"href":"https:\/\/bafo.ro\/v22\/wp-json\/wp\/v2\/media\/25802"}],"wp:attachment":[{"href":"https:\/\/bafo.ro\/v22\/wp-json\/wp\/v2\/media?parent=25825"}],"wp:term":[{"taxonomy":"product_brand","embeddable":true,"href":"https:\/\/bafo.ro\/v22\/wp-json\/wp\/v2\/product_brand?post=25825"},{"taxonomy":"product_cat","embeddable":true,"href":"https:\/\/bafo.ro\/v22\/wp-json\/wp\/v2\/product_cat?post=25825"},{"taxonomy":"product_tag","embeddable":true,"href":"https:\/\/bafo.ro\/v22\/wp-json\/wp\/v2\/product_tag?post=25825"}],"curies":[{"name":"wp","href":"https:\/\/api.w.org\/{rel}","templated":true}]}}