{"id":25653,"date":"2025-02-12T11:31:56","date_gmt":"2025-02-12T11:31:56","guid":{"rendered":"https:\/\/bafo.ro\/v22\/product\/husa-spate-mag-safe-1-5mm-acryl-samsung-galaxy-s25-ultra-transparent\/"},"modified":"2025-03-31T17:53:30","modified_gmt":"2025-03-31T17:53:30","slug":"husa-spate-mag-safe-1-5mm-acryl-samsung-galaxy-s25-ultra-transparent","status":"publish","type":"product","link":"https:\/\/bafo.ro\/v22\/product\/husa-spate-mag-safe-1-5mm-acryl-samsung-galaxy-s25-ultra-transparent\/","title":{"rendered":"Husa spate MAG SAFE 1.5mm Acryl Samsung Galaxy S25 Ultra transparent"},"content":{"rendered":"<p class=\"tw-data-text tw-text-large tw-ta\" dir=\"ltr\" data-placeholder=\"Translation\"><span class=\"Y2IQFc\" lang=\"ro\">Ofer\u0103 smartphone-ului t\u0103u o protec\u021bie excep\u021bional\u0103 cu husa Clear Mag Cover cu un strat durabil, transparent, care protejeaz\u0103 \u00eempotriva deterior\u0103rilor \u0219i zg\u00e2rieturilor. Produsul este compatibil cu tehnologia MagSafe care permite \u00eenc\u0103rcarea inductiv\u0103. Husa transparent\u0103 Clear Mag Cover pentru iPhone este o garan\u021bie a materialelor de \u00eenalt\u0103 calitate \u0219i confort deplin. Suportul pentru tehnologia inovatoare MagSafe v\u0103 va permite s\u0103 v\u0103 \u00eenc\u0103rca\u021bi telefonul f\u0103r\u0103 a utiliza cabluri. Magne\u021bii \u00eencorpora\u021bi \u00een inel \u00eenseamn\u0103 c\u0103 nu trebuie s\u0103 scoate\u021bi carcasa pentru a reumple bateria telefonului \u00een mod inductiv. De asemenea, pute\u021bi utiliza liber suporturi magnetice pentru ma\u0219in\u0103, f\u0103r\u0103 s\u0103 v\u0103 face\u021bi griji cu privire la soliditatea suportului \u00een timpul conducerii. Carcasa este realizat\u0103 din plastic flexibil, care este suficient de durabil pentru a rezista mult timp. Protejeaz\u0103 telefonul de efectele nedorite ale c\u0103derii de la \u00een\u0103l\u021bime, precum \u0219i de zg\u00e2rieturile pe o suprafa\u021b\u0103 neted\u0103. Designul curat v\u0103 permite s\u0103 men\u021bine\u021bi estetica original\u0103 a dispozitivelor dvs. Apple, astfel \u00eenc\u00e2t va r\u0103m\u00e2ne la fel de elegant ca \u00eenainte. \u00cenveli\u0219ul anti-alunecare previne alunecarea carcasei \u0219i, prin urmare, se potrive\u0219te confortabil \u00een m\u00e2n\u0103. Marginile rotunjite, proeminente protejeaz\u0103 suplimentar marginile smartphone-ului, iar decupajele necesare faciliteaz\u0103 accesul la porturi, astfel \u00eenc\u00e2t s\u0103 pute\u021bi utiliza cu u\u0219urin\u021b\u0103 toate func\u021bionalit\u0103\u021bile. Specifica\u021bie: Material: Plastic &#8211; PC (spate), TPU (margini) Culoare: Transparent Suport\u0103 tehnologia de \u00eenc\u0103rcare f\u0103r\u0103 fir MagSafe. Carcasa nu are husa pentru insula camerei.<\/span><\/p>\n","protected":false},"excerpt":{"rendered":"<p>Ofer\u0103 smartphone-ului t\u0103u o protec\u021bie excep\u021bional\u0103 cu husa Clear Mag Cover cu un strat durabil, transparent, care protejeaz\u0103 \u00eempotriva deterior\u0103rilor \u0219i zg\u00e2rieturilor. Produsul este compatibil cu tehnologia MagSafe care permite \u00eenc\u0103rcarea inductiv\u0103. Husa transparent\u0103 Clear Mag Cover pentru iPhone este o garan\u021bie a materialelor de \u00eenalt\u0103 calitate \u0219i confort deplin. Suportul pentru tehnologia inovatoare MagSafe v\u0103 va permite s\u0103 v\u0103 \u00eenc\u0103rca\u021bi telefonul f\u0103r\u0103 a utiliza cabluri. Magne\u021bii \u00eencorpora\u021bi \u00een inel \u00eenseamn\u0103 c\u0103 nu trebuie s\u0103 scoate\u021bi carcasa pentru a reumple bateria telefonului \u00een mod inductiv. De asemenea, pute\u021bi utiliza liber suporturi magnetice pentru ma\u0219in\u0103, f\u0103r\u0103 s\u0103 v\u0103 face\u021bi griji cu privire la soliditatea suportului \u00een timpul conducerii. Carcasa este realizat\u0103 din plastic flexibil, care este suficient de durabil pentru a rezista mult timp. Protejeaz\u0103 telefonul de efectele nedorite ale c\u0103derii de la \u00een\u0103l\u021bime, precum \u0219i de zg\u00e2rieturile pe o suprafa\u021b\u0103 neted\u0103. Designul curat v\u0103 permite s\u0103 men\u021bine\u021bi estetica original\u0103 a dispozitivelor dvs. Apple, astfel \u00eenc\u00e2t va r\u0103m\u00e2ne la fel de elegant ca \u00eenainte. \u00cenveli\u0219ul anti-alunecare previne alunecarea carcasei \u0219i, prin urmare, se potrive\u0219te confortabil \u00een m\u00e2n\u0103. Marginile rotunjite, proeminente protejeaz\u0103 suplimentar marginile smartphone-ului, iar decupajele necesare faciliteaz\u0103 accesul la porturi, astfel \u00eenc\u00e2t s\u0103 pute\u021bi utiliza cu u\u0219urin\u021b\u0103 toate func\u021bionalit\u0103\u021bile. Specifica\u021bie: Material: Plastic &#8211; PC (spate), TPU (margini) Culoare: Transparent Suport\u0103 tehnologia de \u00eenc\u0103rcare f\u0103r\u0103 fir MagSafe. Carcasa nu are husa pentru insula camerei.<\/p>\n","protected":false},"featured_media":17411,"comment_status":"closed","ping_status":"open","template":"","meta":[],"product_brand":[],"product_cat":[550,244],"product_tag":[],"class_list":{"0":"post-25653","1":"product","2":"type-product","3":"status-publish","4":"has-post-thumbnail","6":"product_cat-husa-mag-safe","7":"product_cat-huse","9":"first","10":"instock","11":"shipping-taxable","12":"product-type-simple"},"_links":{"self":[{"href":"https:\/\/bafo.ro\/v22\/wp-json\/wp\/v2\/product\/25653","targetHints":{"allow":["GET"]}}],"collection":[{"href":"https:\/\/bafo.ro\/v22\/wp-json\/wp\/v2\/product"}],"about":[{"href":"https:\/\/bafo.ro\/v22\/wp-json\/wp\/v2\/types\/product"}],"replies":[{"embeddable":true,"href":"https:\/\/bafo.ro\/v22\/wp-json\/wp\/v2\/comments?post=25653"}],"version-history":[{"count":1,"href":"https:\/\/bafo.ro\/v22\/wp-json\/wp\/v2\/product\/25653\/revisions"}],"predecessor-version":[{"id":25654,"href":"https:\/\/bafo.ro\/v22\/wp-json\/wp\/v2\/product\/25653\/revisions\/25654"}],"wp:featuredmedia":[{"embeddable":true,"href":"https:\/\/bafo.ro\/v22\/wp-json\/wp\/v2\/media\/17411"}],"wp:attachment":[{"href":"https:\/\/bafo.ro\/v22\/wp-json\/wp\/v2\/media?parent=25653"}],"wp:term":[{"taxonomy":"product_brand","embeddable":true,"href":"https:\/\/bafo.ro\/v22\/wp-json\/wp\/v2\/product_brand?post=25653"},{"taxonomy":"product_cat","embeddable":true,"href":"https:\/\/bafo.ro\/v22\/wp-json\/wp\/v2\/product_cat?post=25653"},{"taxonomy":"product_tag","embeddable":true,"href":"https:\/\/bafo.ro\/v22\/wp-json\/wp\/v2\/product_tag?post=25653"}],"curies":[{"name":"wp","href":"https:\/\/api.w.org\/{rel}","templated":true}]}}