{"id":25637,"date":"2025-02-12T10:10:23","date_gmt":"2025-02-12T10:10:23","guid":{"rendered":"https:\/\/bafo.ro\/v22\/product\/husa-smart-view-magnet-samsung-galaxy-s25-negru\/"},"modified":"2025-03-31T17:53:21","modified_gmt":"2025-03-31T17:53:21","slug":"husa-smart-view-magnet-samsung-galaxy-s25-negru","status":"publish","type":"product","link":"https:\/\/bafo.ro\/v22\/product\/husa-smart-view-magnet-samsung-galaxy-s25-negru\/","title":{"rendered":"HUSA SMART VIEW MAGNET SAMSUNG GALAXY S25 negru"},"content":{"rendered":"<p id=\"tw-target-text\" class=\"tw-data-text tw-text-large tw-ta\" dir=\"ltr\" data-placeholder=\"Translation\"><span class=\"Y2IQFc\" lang=\"ro\">Smart View &#8211; o husa modern\u0103 cu protec\u021bie excelent\u0103 a dispozitivului \u00eempotriva deterior\u0103rii, zg\u00e2rieturilor \u0219i murd\u0103riei. Carcasa are un decupaj pentru difuzorul pentru apeluri, astfel \u00eenc\u00e2t s\u0103 po\u021bi folosi telefonul cu clapa \u00eenchis\u0103. Fabricat din piele ecologica si poliuretan termoplastic. Tehnologia Smart View &#8211; o fereastr\u0103 special\u0103 care afi\u0219eaz\u0103 ora dup\u0103 instalarea aplica\u021biei Func\u021bia de trezire \/ somn &#8211; activare ecran la deschiderea carcasei \u0219i somn la \u00eenchidere .Are decupaje necesare (pentru camer\u0103, \u00eenc\u0103rc\u0103tor, c\u0103\u0219ti etc.) Protejeaz\u0103 telefonul \u00eempotriva c\u0103derii \u0219i absoarbe \u0219ocurile. Func\u021bia stand pentru vizionarea confortabil\u0103 a filmelor \u0219i navigarea con\u021binutului de pe telefon .\u00cenc\u0103rcarea telefonului f\u0103r\u0103 a-l scoate din carcas\u0103 Potrivire perfect\u0103 pentru telefonul t\u0103u Not\u0103: Aplica\u021bia trebuie instalat\u0103 pentru func\u021bionarea corect\u0103 a func\u021biei Wake Up \u0219i afi\u0219area datei \u0219i orei. Autocolantul cu codul QR este situat pe interiorul ambalajului. Scana\u021bi codul QR \u0219i deschide\u021bi linkul citit. Instala\u021bi \u0219i activa\u021bi aplica\u021bia cu num\u0103rul S\/N specificat &#8211; selecta\u021bi versiunea \u201eSide Window\u201d pentru instalare. Lansa\u021bi aplica\u021bia pentru a activa func\u021biile clapei.<\/span><\/p>\n","protected":false},"excerpt":{"rendered":"<p>Smart View &#8211; o husa modern\u0103 cu protec\u021bie excelent\u0103 a dispozitivului \u00eempotriva deterior\u0103rii, zg\u00e2rieturilor \u0219i murd\u0103riei. Carcasa are un decupaj pentru difuzorul pentru apeluri, astfel \u00eenc\u00e2t s\u0103 po\u021bi folosi telefonul cu clapa \u00eenchis\u0103. Fabricat din piele ecologica si poliuretan termoplastic. Tehnologia Smart View &#8211; o fereastr\u0103 special\u0103 care afi\u0219eaz\u0103 ora dup\u0103 instalarea aplica\u021biei Func\u021bia de trezire \/ somn &#8211; activare ecran la deschiderea carcasei \u0219i somn la \u00eenchidere .Are decupaje necesare (pentru camer\u0103, \u00eenc\u0103rc\u0103tor, c\u0103\u0219ti etc.) Protejeaz\u0103 telefonul \u00eempotriva c\u0103derii \u0219i absoarbe \u0219ocurile. Func\u021bia stand pentru vizionarea confortabil\u0103 a filmelor \u0219i navigarea con\u021binutului de pe telefon .\u00cenc\u0103rcarea telefonului f\u0103r\u0103 a-l scoate din carcas\u0103 Potrivire perfect\u0103 pentru telefonul t\u0103u Not\u0103: Aplica\u021bia trebuie instalat\u0103 pentru func\u021bionarea corect\u0103 a func\u021biei Wake Up \u0219i afi\u0219area datei \u0219i orei. Autocolantul cu codul QR este situat pe interiorul ambalajului. Scana\u021bi codul QR \u0219i deschide\u021bi linkul citit. Instala\u021bi \u0219i activa\u021bi aplica\u021bia cu num\u0103rul S\/N specificat &#8211; selecta\u021bi versiunea \u201eSide Window\u201d pentru instalare. Lansa\u021bi aplica\u021bia pentru a activa func\u021biile clapei.<\/p>\n","protected":false},"featured_media":11197,"comment_status":"closed","ping_status":"open","template":"","meta":[],"product_brand":[],"product_cat":[501,244],"product_tag":[],"class_list":{"0":"post-25637","1":"product","2":"type-product","3":"status-publish","4":"has-post-thumbnail","6":"product_cat-husa-smart-view-magnet","7":"product_cat-huse","9":"first","10":"outofstock","11":"shipping-taxable","12":"product-type-simple"},"_links":{"self":[{"href":"https:\/\/bafo.ro\/v22\/wp-json\/wp\/v2\/product\/25637","targetHints":{"allow":["GET"]}}],"collection":[{"href":"https:\/\/bafo.ro\/v22\/wp-json\/wp\/v2\/product"}],"about":[{"href":"https:\/\/bafo.ro\/v22\/wp-json\/wp\/v2\/types\/product"}],"replies":[{"embeddable":true,"href":"https:\/\/bafo.ro\/v22\/wp-json\/wp\/v2\/comments?post=25637"}],"version-history":[{"count":1,"href":"https:\/\/bafo.ro\/v22\/wp-json\/wp\/v2\/product\/25637\/revisions"}],"predecessor-version":[{"id":25638,"href":"https:\/\/bafo.ro\/v22\/wp-json\/wp\/v2\/product\/25637\/revisions\/25638"}],"wp:featuredmedia":[{"embeddable":true,"href":"https:\/\/bafo.ro\/v22\/wp-json\/wp\/v2\/media\/11197"}],"wp:attachment":[{"href":"https:\/\/bafo.ro\/v22\/wp-json\/wp\/v2\/media?parent=25637"}],"wp:term":[{"taxonomy":"product_brand","embeddable":true,"href":"https:\/\/bafo.ro\/v22\/wp-json\/wp\/v2\/product_brand?post=25637"},{"taxonomy":"product_cat","embeddable":true,"href":"https:\/\/bafo.ro\/v22\/wp-json\/wp\/v2\/product_cat?post=25637"},{"taxonomy":"product_tag","embeddable":true,"href":"https:\/\/bafo.ro\/v22\/wp-json\/wp\/v2\/product_tag?post=25637"}],"curies":[{"name":"wp","href":"https:\/\/api.w.org\/{rel}","templated":true}]}}