{"id":25426,"date":"2025-02-06T13:03:29","date_gmt":"2025-02-06T13:03:29","guid":{"rendered":"https:\/\/bafo.ro\/v22\/product\/husa-silicon-matt-samsung-galaxy-s25-ultra-negru\/"},"modified":"2025-03-31T17:52:13","modified_gmt":"2025-03-31T17:52:13","slug":"husa-silicon-matt-samsung-galaxy-s25-ultra-negru","status":"publish","type":"product","link":"https:\/\/bafo.ro\/v22\/product\/husa-silicon-matt-samsung-galaxy-s25-ultra-negru\/","title":{"rendered":"HUSA SILICON MATT Samsung Galaxy S25 Ultra negru"},"content":{"rendered":"<p><span class=\"Y2IQFc\" lang=\"ro\">Suprapunere clasic\u0103 din silicon moale mat. Se potrive\u0219te bine telefonului, iar marginile u\u0219or rotunjite protejeaz\u0103 telefonul. Husa este extrem de placuta la atingere si are o textura mata delicata, facandu-i un finisaj elegant al telefonului. Are decupaje func\u021bionale pentru priza \u00eenc\u0103rc\u0103torului, camer\u0103 sau difuzoare \u0219i capace pentru butoane \u00eencorporate.<\/span><\/p>\n","protected":false},"excerpt":{"rendered":"<p>Suprapunere clasic\u0103 din silicon moale mat. Se potrive\u0219te bine telefonului, iar marginile u\u0219or rotunjite protejeaz\u0103 telefonul. Husa este extrem de placuta la atingere si are o textura mata delicata, facandu-i un finisaj elegant al telefonului. Are decupaje func\u021bionale pentru priza \u00eenc\u0103rc\u0103torului, camer\u0103 sau difuzoare \u0219i capace pentru butoane \u00eencorporate.<\/p>\n","protected":false},"featured_media":14360,"comment_status":"closed","ping_status":"open","template":"","meta":[],"product_brand":[],"product_cat":[290,289,244],"product_tag":[],"class_list":{"0":"post-25426","1":"product","2":"type-product","3":"status-publish","4":"has-post-thumbnail","6":"product_cat-black","7":"product_cat-husa-matte-tpu","8":"product_cat-huse","10":"first","11":"instock","12":"shipping-taxable","13":"product-type-simple"},"_links":{"self":[{"href":"https:\/\/bafo.ro\/v22\/wp-json\/wp\/v2\/product\/25426","targetHints":{"allow":["GET"]}}],"collection":[{"href":"https:\/\/bafo.ro\/v22\/wp-json\/wp\/v2\/product"}],"about":[{"href":"https:\/\/bafo.ro\/v22\/wp-json\/wp\/v2\/types\/product"}],"replies":[{"embeddable":true,"href":"https:\/\/bafo.ro\/v22\/wp-json\/wp\/v2\/comments?post=25426"}],"version-history":[{"count":1,"href":"https:\/\/bafo.ro\/v22\/wp-json\/wp\/v2\/product\/25426\/revisions"}],"predecessor-version":[{"id":25427,"href":"https:\/\/bafo.ro\/v22\/wp-json\/wp\/v2\/product\/25426\/revisions\/25427"}],"wp:featuredmedia":[{"embeddable":true,"href":"https:\/\/bafo.ro\/v22\/wp-json\/wp\/v2\/media\/14360"}],"wp:attachment":[{"href":"https:\/\/bafo.ro\/v22\/wp-json\/wp\/v2\/media?parent=25426"}],"wp:term":[{"taxonomy":"product_brand","embeddable":true,"href":"https:\/\/bafo.ro\/v22\/wp-json\/wp\/v2\/product_brand?post=25426"},{"taxonomy":"product_cat","embeddable":true,"href":"https:\/\/bafo.ro\/v22\/wp-json\/wp\/v2\/product_cat?post=25426"},{"taxonomy":"product_tag","embeddable":true,"href":"https:\/\/bafo.ro\/v22\/wp-json\/wp\/v2\/product_tag?post=25426"}],"curies":[{"name":"wp","href":"https:\/\/api.w.org\/{rel}","templated":true}]}}