{"id":25414,"date":"2025-02-06T12:27:48","date_gmt":"2025-02-06T12:27:48","guid":{"rendered":"https:\/\/bafo.ro\/v22\/product\/husa-spate-matrix-clear-samsung-galaxy-s25-plus-negru\/"},"modified":"2025-03-31T17:52:10","modified_gmt":"2025-03-31T17:52:10","slug":"husa-spate-matrix-clear-samsung-galaxy-s25-plus-negru","status":"publish","type":"product","link":"https:\/\/bafo.ro\/v22\/product\/husa-spate-matrix-clear-samsung-galaxy-s25-plus-negru\/","title":{"rendered":"HUSA SPATE MATRIX CLEAR Samsung Galaxy S25 Plus negru"},"content":{"rendered":"<p id=\"tw-target-text\" class=\"tw-data-text tw-text-large tw-ta\" dir=\"ltr\" data-placeholder=\"Translation\" aria-label=\"Translated text: Carcasa Matrix se distinge prin designul clasic \u0219i marginile transparente. Realizat\u0103 din mai multe straturi de plastic, carcasa ofer\u0103 o bun\u0103 protec\u021bie \u00een timpul utiliz\u0103rii de zi cu zi. Cadrul transparent din PU \u0219i umplutura moale \u0219i colorat\u0103 din TPU garanteaz\u0103 protec\u021bia telefonului \u0219i reduc formarea zg\u00e2rieturilor. \u00cen plus, p\u0103r\u021bile laterale \u0219i col\u021burile \u00eent\u0103rite, precum \u0219i marginea ridicat\u0103 din jurul insulei camerei ofer\u0103 protec\u021bie suplimentar\u0103 \u00eempotriva deterior\u0103rii. Culorile vibrante fac din carcasa un plus perfect pentru o varietate de stiluri.\" data-ved=\"2ahUKEwjG7v6k6YWJAxWIRvEDHYzVOHsQ3ewLegQIDxAU\"><span class=\"Y2IQFc\" lang=\"ro\">Husa Matrix se distinge prin designul clasic \u0219i marginile transparente. Realizat\u0103 din mai multe straturi de plastic, carcasa ofer\u0103 o bun\u0103 protec\u021bie \u00een timpul utiliz\u0103rii de zi cu zi. Cadrul transparent din PU \u0219i umplutura moale \u0219i colorat\u0103 din TPU garanteaz\u0103 protec\u021bia telefonului \u0219i reduc formarea zg\u00e2rieturilor. \u00cen plus, p\u0103r\u021bile laterale \u0219i col\u021burile \u00eent\u0103rite, precum \u0219i marginea ridicat\u0103 din jurul insulei camerei ofer\u0103 protec\u021bie suplimentar\u0103 \u00eempotriva deterior\u0103rii. Culorile vibrante fac din carcasa un plus perfect pentru o varietate de stiluri.<\/span><\/p>\n","protected":false},"excerpt":{"rendered":"<p>Husa Matrix se distinge prin designul clasic \u0219i marginile transparente. Realizat\u0103 din mai multe straturi de plastic, carcasa ofer\u0103 o bun\u0103 protec\u021bie \u00een timpul utiliz\u0103rii de zi cu zi. Cadrul transparent din PU \u0219i umplutura moale \u0219i colorat\u0103 din TPU garanteaz\u0103 protec\u021bia telefonului \u0219i reduc formarea zg\u00e2rieturilor. \u00cen plus, p\u0103r\u021bile laterale \u0219i col\u021burile \u00eent\u0103rite, precum \u0219i marginea ridicat\u0103 din jurul insulei camerei ofer\u0103 protec\u021bie suplimentar\u0103 \u00eempotriva deterior\u0103rii. Culorile vibrante fac din carcasa un plus perfect pentru o varietate de stiluri.<\/p>\n","protected":false},"featured_media":24043,"comment_status":"closed","ping_status":"open","template":"","meta":[],"product_brand":[],"product_cat":[612,244,126],"product_tag":[],"class_list":{"0":"post-25414","1":"product","2":"type-product","3":"status-publish","4":"has-post-thumbnail","6":"product_cat-husa-spate-matrix","7":"product_cat-huse","8":"product_cat-noutati","10":"first","11":"instock","12":"shipping-taxable","13":"product-type-simple"},"_links":{"self":[{"href":"https:\/\/bafo.ro\/v22\/wp-json\/wp\/v2\/product\/25414","targetHints":{"allow":["GET"]}}],"collection":[{"href":"https:\/\/bafo.ro\/v22\/wp-json\/wp\/v2\/product"}],"about":[{"href":"https:\/\/bafo.ro\/v22\/wp-json\/wp\/v2\/types\/product"}],"replies":[{"embeddable":true,"href":"https:\/\/bafo.ro\/v22\/wp-json\/wp\/v2\/comments?post=25414"}],"version-history":[{"count":1,"href":"https:\/\/bafo.ro\/v22\/wp-json\/wp\/v2\/product\/25414\/revisions"}],"predecessor-version":[{"id":25415,"href":"https:\/\/bafo.ro\/v22\/wp-json\/wp\/v2\/product\/25414\/revisions\/25415"}],"wp:featuredmedia":[{"embeddable":true,"href":"https:\/\/bafo.ro\/v22\/wp-json\/wp\/v2\/media\/24043"}],"wp:attachment":[{"href":"https:\/\/bafo.ro\/v22\/wp-json\/wp\/v2\/media?parent=25414"}],"wp:term":[{"taxonomy":"product_brand","embeddable":true,"href":"https:\/\/bafo.ro\/v22\/wp-json\/wp\/v2\/product_brand?post=25414"},{"taxonomy":"product_cat","embeddable":true,"href":"https:\/\/bafo.ro\/v22\/wp-json\/wp\/v2\/product_cat?post=25414"},{"taxonomy":"product_tag","embeddable":true,"href":"https:\/\/bafo.ro\/v22\/wp-json\/wp\/v2\/product_tag?post=25414"}],"curies":[{"name":"wp","href":"https:\/\/api.w.org\/{rel}","templated":true}]}}