{"id":25188,"date":"2025-01-23T10:43:16","date_gmt":"2025-01-23T10:43:16","guid":{"rendered":"https:\/\/bafo.ro\/v22\/product\/incarcator-auto-blue-star-typec-typec-3a-25w-usb-a-pd-qc3-0-cc396-5791-negru\/"},"modified":"2025-03-31T17:51:08","modified_gmt":"2025-03-31T17:51:08","slug":"incarcator-auto-blue-star-typec-typec-3a-25w-usb-a-pd-qc3-0-cc396-5791-negru","status":"publish","type":"product","link":"https:\/\/bafo.ro\/v22\/product\/incarcator-auto-blue-star-typec-typec-3a-25w-usb-a-pd-qc3-0-cc396-5791-negru\/","title":{"rendered":"INCARCATOR AUTO BLUE STAR TypeC-TypeC 3A 25W +USB A PD QC3.0 CC396  5791 negru"},"content":{"rendered":"<p id=\"tw-target-text\" class=\"tw-data-text tw-text-large tw-ta\" dir=\"ltr\" data-placeholder=\"Translation\" aria-label=\"Translated text: \u00cenc\u0103rc\u0103tor auto Blue Star cu dou\u0103 porturi: USB -C \u0219i USB -A. Accept\u0103 standardele de \u00eenc\u0103rcare Power Delivery, Quick Charge 3.0 \u0219i Samsung Adaptive Fast Charging, permi\u021b\u00e2nd \u00eenc\u0103rcarea fulger\u0103toare a dispozitivelor care accept\u0103 \u00eenc\u0103rcare rapid\u0103. \u00cenc\u0103rcare rapid\u0103 \u00cenc\u0103rc\u0103torul Blue Star accept\u0103 tehnologiile Power Delivery, Quick Charge 3.0 \u0219i Samsung Adaptive Fast Charging, care v\u0103 permit s\u0103 scurta\u021bi timpul de \u00eenc\u0103rcare a dispozitivelor dvs. la minimum. \u00cenc\u0103rcarea a dou\u0103 dispozitive \u00cenc\u0103rc\u0103torul are dou\u0103 porturi: USB -C cu o putere de 25 W \u0219i USB -A cu o putere de 18 W , care v\u0103 permit s\u0103 \u00eenc\u0103rca\u021bi dou\u0103 dispozitive simultan. Compact \u0219i versatil \u00cenc\u0103rc\u0103torul este conceput at\u00e2t pentru telefoane, c\u00e2t \u0219i pentru tablete. Are o dimensiune mic\u0103, compact\u0103, care \u00eel face u\u0219or de transportat \u0219i depozitat. Caietul de sarcini: Material: PC + ABS Porturi: USB -C, USB -A Putere de iesire: - USB -C: max. 25 W - USB -A: max. 18 W Tensiune de iesire: - USB -C: 5 V \/ 3 A, 9 V \/ 2,77 A, 12 V \/ 2,08 A, - USB -A: 3,6-6,5 V \/ 3 A, 6,5-9 V \/ 2 A, 9-12 V \/ 1,5 A, - USB -C + USB -A: 5 V \/ 3 A Cablu: niciunul \u00cen plus: func\u021bie de \u00eenc\u0103rcare rapid\u0103 Power Delivery \u0219i Quick Charge 3.0, Samsung Adaptive Fast Charging, PPS \u2013 surs\u0103 de alimentare programabil\u0103\" data-ved=\"2ahUKEwialK6DyouLAxUtcvEDHZliIeUQ3ewLegQIFBAV\"><span class=\"Y2IQFc\" lang=\"ro\">\u00cenc\u0103rc\u0103tor auto Blue Star cu dou\u0103 porturi: USB -C \u0219i USB -A. Accept\u0103 standardele de \u00eenc\u0103rcare Power Delivery, Quick Charge 3.0 \u0219i Samsung Adaptive Fast Charging, permi\u021b\u00e2nd \u00eenc\u0103rcarea fulger\u0103toare a dispozitivelor care accept\u0103 \u00eenc\u0103rcare rapid\u0103. \u00cenc\u0103rcare rapid\u0103 \u00cenc\u0103rc\u0103torul Blue Star accept\u0103 tehnologiile Power Delivery, Quick Charge 3.0 \u0219i Samsung Adaptive Fast Charging, care v\u0103 permit s\u0103 scurta\u021bi timpul de \u00eenc\u0103rcare a dispozitivelor dvs. la minimum. \u00cenc\u0103rcarea a dou\u0103 dispozitive \u00cenc\u0103rc\u0103torul are dou\u0103 porturi: USB -C cu o putere de 25 W \u0219i USB -A cu o putere de 18 W , care v\u0103 permit s\u0103 \u00eenc\u0103rca\u021bi dou\u0103 dispozitive simultan. Compact \u0219i versatil \u00cenc\u0103rc\u0103torul este conceput at\u00e2t pentru telefoane, c\u00e2t \u0219i pentru tablete. Are o dimensiune mic\u0103, compact\u0103, care \u00eel face u\u0219or de transportat \u0219i depozitat.<\/span><\/p>\n<p class=\"tw-data-text tw-text-large tw-ta\" dir=\"ltr\" data-placeholder=\"Translation\" aria-label=\"Translated text: \u00cenc\u0103rc\u0103tor auto Blue Star cu dou\u0103 porturi: USB -C \u0219i USB -A. Accept\u0103 standardele de \u00eenc\u0103rcare Power Delivery, Quick Charge 3.0 \u0219i Samsung Adaptive Fast Charging, permi\u021b\u00e2nd \u00eenc\u0103rcarea fulger\u0103toare a dispozitivelor care accept\u0103 \u00eenc\u0103rcare rapid\u0103. \u00cenc\u0103rcare rapid\u0103 \u00cenc\u0103rc\u0103torul Blue Star accept\u0103 tehnologiile Power Delivery, Quick Charge 3.0 \u0219i Samsung Adaptive Fast Charging, care v\u0103 permit s\u0103 scurta\u021bi timpul de \u00eenc\u0103rcare a dispozitivelor dvs. la minimum. \u00cenc\u0103rcarea a dou\u0103 dispozitive \u00cenc\u0103rc\u0103torul are dou\u0103 porturi: USB -C cu o putere de 25 W \u0219i USB -A cu o putere de 18 W , care v\u0103 permit s\u0103 \u00eenc\u0103rca\u021bi dou\u0103 dispozitive simultan. Compact \u0219i versatil \u00cenc\u0103rc\u0103torul este conceput at\u00e2t pentru telefoane, c\u00e2t \u0219i pentru tablete. Are o dimensiune mic\u0103, compact\u0103, care \u00eel face u\u0219or de transportat \u0219i depozitat. Caietul de sarcini: Material: PC + ABS Porturi: USB -C, USB -A Putere de iesire: - USB -C: max. 25 W - USB -A: max. 18 W Tensiune de iesire: - USB -C: 5 V \/ 3 A, 9 V \/ 2,77 A, 12 V \/ 2,08 A, - USB -A: 3,6-6,5 V \/ 3 A, 6,5-9 V \/ 2 A, 9-12 V \/ 1,5 A, - USB -C + USB -A: 5 V \/ 3 A Cablu: niciunul \u00cen plus: func\u021bie de \u00eenc\u0103rcare rapid\u0103 Power Delivery \u0219i Quick Charge 3.0, Samsung Adaptive Fast Charging, PPS \u2013 surs\u0103 de alimentare programabil\u0103\" data-ved=\"2ahUKEwialK6DyouLAxUtcvEDHZliIeUQ3ewLegQIFBAV\"><span class=\"Y2IQFc\" lang=\"ro\">Caietul de sarcini: Material: PC + ABS Porturi: USB -C, USB -A Putere de iesire: &#8211; USB -C: max. 25 W &#8211; USB -A: max. 18 W Tensiune de iesire: &#8211; USB -C: 5 V \/ 3 A, 9 V \/ 2,77 A, 12 V \/ 2,08 A, &#8211; USB -A: 3,6-6,5 V \/ 3 A, 6,5-9 V \/ 2 A, 9-12 V \/ 1,5 A, &#8211; USB -C + USB -A: 5 V \/ 3 A Cablu: niciunul \u00cen plus: func\u021bie de \u00eenc\u0103rcare rapid\u0103 Power Delivery \u0219i Quick Charge 3.0, Samsung Adaptive Fast Charging, PPS \u2013 surs\u0103 de alimentare programabil\u0103<\/span><\/p>\n","protected":false},"excerpt":{"rendered":"<p>\u00cenc\u0103rc\u0103tor auto Blue Star cu dou\u0103 porturi: USB -C \u0219i USB -A. Accept\u0103 standardele de \u00eenc\u0103rcare Power Delivery, Quick Charge 3.0 \u0219i Samsung Adaptive Fast Charging, permi\u021b\u00e2nd \u00eenc\u0103rcarea fulger\u0103toare a dispozitivelor care accept\u0103 \u00eenc\u0103rcare rapid\u0103. \u00cenc\u0103rcare rapid\u0103 \u00cenc\u0103rc\u0103torul Blue Star accept\u0103 tehnologiile Power Delivery, Quick Charge 3.0 \u0219i Samsung Adaptive Fast Charging, care v\u0103 permit s\u0103 scurta\u021bi timpul de \u00eenc\u0103rcare a dispozitivelor dvs. la minimum. \u00cenc\u0103rcarea a dou\u0103 dispozitive \u00cenc\u0103rc\u0103torul are dou\u0103 porturi: USB -C cu o putere de 25 W \u0219i USB -A cu o putere de 18 W , care v\u0103 permit s\u0103 \u00eenc\u0103rca\u021bi dou\u0103 dispozitive simultan. Compact \u0219i versatil \u00cenc\u0103rc\u0103torul este conceput at\u00e2t pentru telefoane, c\u00e2t \u0219i pentru tablete. Are o dimensiune mic\u0103, compact\u0103, care \u00eel face u\u0219or de transportat \u0219i depozitat. Caietul de sarcini: Material: PC + ABS Porturi: USB -C, USB -A Putere de iesire: &#8211; USB -C: max. 25 W &#8211; USB -A: max. 18 W Tensiune de iesire: &#8211; USB -C: 5 V \/ 3 A, 9 V \/ 2,77 A, 12 V \/ 2,08 A, &#8211; USB -A: 3,6-6,5 V \/ 3 A, 6,5-9 V \/ 2 A, 9-12 V \/ 1,5 A, &#8211; USB -C + USB -A: 5 V \/ 3 A Cablu: niciunul \u00cen plus: func\u021bie de \u00eenc\u0103rcare rapid\u0103 Power Delivery \u0219i Quick Charge 3.0, Samsung Adaptive Fast Charging, PPS \u2013 surs\u0103 de alimentare programabil\u0103<\/p>\n","protected":false},"featured_media":25190,"comment_status":"closed","ping_status":"open","template":"","meta":[],"product_brand":[],"product_cat":[90,226,105,374,227,126],"product_tag":[],"class_list":{"0":"post-25188","1":"product","2":"type-product","3":"status-publish","4":"has-post-thumbnail","6":"product_cat-accesorii-auto","7":"product_cat-incarcatoare","8":"product_cat-incarcator-auto","9":"product_cat-incarcator-cablu-de-date-type-c","10":"product_cat-incarcator-retea","11":"product_cat-noutati","13":"first","14":"outofstock","15":"shipping-taxable","16":"product-type-simple"},"_links":{"self":[{"href":"https:\/\/bafo.ro\/v22\/wp-json\/wp\/v2\/product\/25188","targetHints":{"allow":["GET"]}}],"collection":[{"href":"https:\/\/bafo.ro\/v22\/wp-json\/wp\/v2\/product"}],"about":[{"href":"https:\/\/bafo.ro\/v22\/wp-json\/wp\/v2\/types\/product"}],"replies":[{"embeddable":true,"href":"https:\/\/bafo.ro\/v22\/wp-json\/wp\/v2\/comments?post=25188"}],"version-history":[{"count":1,"href":"https:\/\/bafo.ro\/v22\/wp-json\/wp\/v2\/product\/25188\/revisions"}],"predecessor-version":[{"id":25189,"href":"https:\/\/bafo.ro\/v22\/wp-json\/wp\/v2\/product\/25188\/revisions\/25189"}],"wp:featuredmedia":[{"embeddable":true,"href":"https:\/\/bafo.ro\/v22\/wp-json\/wp\/v2\/media\/25190"}],"wp:attachment":[{"href":"https:\/\/bafo.ro\/v22\/wp-json\/wp\/v2\/media?parent=25188"}],"wp:term":[{"taxonomy":"product_brand","embeddable":true,"href":"https:\/\/bafo.ro\/v22\/wp-json\/wp\/v2\/product_brand?post=25188"},{"taxonomy":"product_cat","embeddable":true,"href":"https:\/\/bafo.ro\/v22\/wp-json\/wp\/v2\/product_cat?post=25188"},{"taxonomy":"product_tag","embeddable":true,"href":"https:\/\/bafo.ro\/v22\/wp-json\/wp\/v2\/product_tag?post=25188"}],"curies":[{"name":"wp","href":"https:\/\/api.w.org\/{rel}","templated":true}]}}