{"id":24984,"date":"2025-01-15T08:48:14","date_gmt":"2025-01-15T08:48:14","guid":{"rendered":"https:\/\/bafo.ro\/v22\/product\/husa-silicon-rim-tpu-samsung-galaxy-a06-negru\/"},"modified":"2025-03-31T17:50:07","modified_gmt":"2025-03-31T17:50:07","slug":"husa-silicon-rim-tpu-samsung-galaxy-a06-negru","status":"publish","type":"product","link":"https:\/\/bafo.ro\/v22\/product\/husa-silicon-rim-tpu-samsung-galaxy-a06-negru\/","title":{"rendered":"HUSA SILICON RIM TPU Samsung Galaxy A06 negru"},"content":{"rendered":"<p id=\"tw-target-text\" class=\"tw-data-text tw-text-large tw-ta\" dir=\"ltr\" data-placeholder=\"Translation\" aria-label=\"Translated text\" data-ved=\"2ahUKEwiBttTMns6HAxWFBNsEHRmKFAMQ3ewLegQIBxAU\"><span class=\"Y2IQFc\" lang=\"ro\">Carcasa RIM TPU ofer\u0103 o protec\u021bie excelent\u0103 \u0219i un design minimalist original. Datorit\u0103 insulei de camer\u0103 ridicat\u0103 distinct \u0219i marginilor din jurul acesteia, husa absoarbe eficient \u0219ocurile \u0219i \u00eent\u0103re\u0219te protec\u021bia telefonului. Decupaje precise ale camerei se potrivesc perfect cu forma obiectivului, iar marginile ridicate asigur\u0103 securitatea maxim\u0103 pentru dispozitiv. Fabricat \u00een \u00eentregime din TPU moale mat, un material durabil \u0219i flexibil care protejeaz\u0103 perfect telefonul de deteriorare \u0219i asigur\u0103 aplicarea \u0219i \u00eendep\u0103rtarea u\u0219oar\u0103 a capacului de pe smartphone. Materialul este potrivit pentru orice imprimare pe carcas\u0103, permi\u021b\u00e2nd personalizarea complet\u0103 a carcasei. Disponibil \u00een mai multe variante de culoare.<\/span><\/p>\n","protected":false},"excerpt":{"rendered":"<p>Carcasa RIM TPU ofer\u0103 o protec\u021bie excelent\u0103 \u0219i un design minimalist original. Datorit\u0103 insulei de camer\u0103 ridicat\u0103 distinct \u0219i marginilor din jurul acesteia, husa absoarbe eficient \u0219ocurile \u0219i \u00eent\u0103re\u0219te protec\u021bia telefonului. Decupaje precise ale camerei se potrivesc perfect cu forma obiectivului, iar marginile ridicate asigur\u0103 securitatea maxim\u0103 pentru dispozitiv. Fabricat \u00een \u00eentregime din TPU moale mat, un material durabil \u0219i flexibil care protejeaz\u0103 perfect telefonul de deteriorare \u0219i asigur\u0103 aplicarea \u0219i \u00eendep\u0103rtarea u\u0219oar\u0103 a capacului de pe smartphone. Materialul este potrivit pentru orice imprimare pe carcas\u0103, permi\u021b\u00e2nd personalizarea complet\u0103 a carcasei. Disponibil \u00een mai multe variante de culoare.<\/p>\n","protected":false},"featured_media":21965,"comment_status":"closed","ping_status":"open","template":"","meta":[],"product_brand":[],"product_cat":[601,244,126],"product_tag":[],"class_list":{"0":"post-24984","1":"product","2":"type-product","3":"status-publish","4":"has-post-thumbnail","6":"product_cat-husa-silicon-rim-tpu","7":"product_cat-huse","8":"product_cat-noutati","10":"first","11":"instock","12":"shipping-taxable","13":"product-type-simple"},"_links":{"self":[{"href":"https:\/\/bafo.ro\/v22\/wp-json\/wp\/v2\/product\/24984","targetHints":{"allow":["GET"]}}],"collection":[{"href":"https:\/\/bafo.ro\/v22\/wp-json\/wp\/v2\/product"}],"about":[{"href":"https:\/\/bafo.ro\/v22\/wp-json\/wp\/v2\/types\/product"}],"replies":[{"embeddable":true,"href":"https:\/\/bafo.ro\/v22\/wp-json\/wp\/v2\/comments?post=24984"}],"version-history":[{"count":1,"href":"https:\/\/bafo.ro\/v22\/wp-json\/wp\/v2\/product\/24984\/revisions"}],"predecessor-version":[{"id":24985,"href":"https:\/\/bafo.ro\/v22\/wp-json\/wp\/v2\/product\/24984\/revisions\/24985"}],"wp:featuredmedia":[{"embeddable":true,"href":"https:\/\/bafo.ro\/v22\/wp-json\/wp\/v2\/media\/21965"}],"wp:attachment":[{"href":"https:\/\/bafo.ro\/v22\/wp-json\/wp\/v2\/media?parent=24984"}],"wp:term":[{"taxonomy":"product_brand","embeddable":true,"href":"https:\/\/bafo.ro\/v22\/wp-json\/wp\/v2\/product_brand?post=24984"},{"taxonomy":"product_cat","embeddable":true,"href":"https:\/\/bafo.ro\/v22\/wp-json\/wp\/v2\/product_cat?post=24984"},{"taxonomy":"product_tag","embeddable":true,"href":"https:\/\/bafo.ro\/v22\/wp-json\/wp\/v2\/product_tag?post=24984"}],"curies":[{"name":"wp","href":"https:\/\/api.w.org\/{rel}","templated":true}]}}