{"id":24953,"date":"2025-01-14T14:04:32","date_gmt":"2025-01-14T14:04:32","guid":{"rendered":"https:\/\/bafo.ro\/v22\/product\/husa-silicon-glam-samsung-galaxy-s25-plus-gri\/"},"modified":"2025-03-31T17:49:57","modified_gmt":"2025-03-31T17:49:57","slug":"husa-silicon-glam-samsung-galaxy-s25-plus-gri","status":"publish","type":"product","link":"https:\/\/bafo.ro\/v22\/product\/husa-silicon-glam-samsung-galaxy-s25-plus-gri\/","title":{"rendered":"HUSA SILICON GLAM Samsung Galaxy S25 Plus gri"},"content":{"rendered":"<p id=\"tw-target-text\" class=\"tw-data-text tw-text-large tw-ta\" dir=\"ltr\" data-placeholder=\"Translation\" aria-label=\"Translated text\" data-ved=\"2ahUKEwjOhZeEgdGHAxWcSPEDHbVTNbsQ3ewLegQIFBAU\"><span class=\"Y2IQFc\" lang=\"ro\">Husa Glam este un accesoriu la mod\u0103 \u0219i o garan\u021bie a siguran\u021bei. Aceasta este o carcas\u0103 unic\u0103 cu margini decorative, cu un cadru original pe spate. Pentru cea mai bun\u0103 protec\u021bie a telefonului, carcasa are margini ridicate \u00een jurul ecranului \u0219i o insul\u0103 pentru camer\u0103 \u00eencorporat\u0103 cu protec\u021bie suplimentar\u0103 pentru obiective. Design original <\/span><\/p>\n<p class=\"tw-data-text tw-text-large tw-ta\" dir=\"ltr\" data-placeholder=\"Translation\" aria-label=\"Translated text\" data-ved=\"2ahUKEwjOhZeEgdGHAxWcSPEDHbVTNbsQ3ewLegQIFBAU\"><span class=\"Y2IQFc\" lang=\"ro\">Are un design neobi\u0219nuit \u0219i este o propunere ideal\u0103 pentru cei c\u0103rora le plac solu\u021biile neconven\u021bionale. Spatele carcasei este transparent, iar rama decorativa distinge produsul de concurenta. Insul\u0103 pentru camer\u0103 \u00eencorporat\u0103 Finisarea atent\u0103 \u0219i materialele utilizate &#8211; TPU &#8211; sunt avantajele sale suplimentare. Carcasa are, de asemenea, protec\u021bie unic\u0103 a camerei sub form\u0103 de insul\u0103 \u00eencorporat\u0103 \u0219i protec\u021bii pentru obiectiv. Ecranul telefonului este protejat suplimentar de margini \u00een\u0103l\u021bate pe margini. Impotriva cetii Structura materialului din interiorul carcasei previne formarea aburii. Acest lucru ofer\u0103 protec\u021bie \u00eempotriva umezelii, care ar putea deteriora componentele electronice. <\/span><\/p>\n<p class=\"tw-data-text tw-text-large tw-ta\" dir=\"ltr\" data-placeholder=\"Translation\" aria-label=\"Translated text\" data-ved=\"2ahUKEwjOhZeEgdGHAxWcSPEDHbVTNbsQ3ewLegQIFBAU\"><span class=\"Y2IQFc\" lang=\"ro\">Specifica\u021bie: <\/span><\/p>\n<p class=\"tw-data-text tw-text-large tw-ta\" dir=\"ltr\" data-placeholder=\"Translation\" aria-label=\"Translated text\" data-ved=\"2ahUKEwjOhZeEgdGHAxWcSPEDHbVTNbsQ3ewLegQIFBAU\"><span class=\"Y2IQFc\" lang=\"ro\">Material: TPU <\/span><\/p>\n<p class=\"tw-data-text tw-text-large tw-ta\" dir=\"ltr\" data-placeholder=\"Translation\" aria-label=\"Translated text\" data-ved=\"2ahUKEwjOhZeEgdGHAxWcSPEDHbVTNbsQ3ewLegQIFBAU\"><span class=\"Y2IQFc\" lang=\"ro\">Nivel de flexibilitate: mediu <\/span><\/p>\n<p class=\"tw-data-text tw-text-large tw-ta\" dir=\"ltr\" data-placeholder=\"Translation\" aria-label=\"Translated text\" data-ved=\"2ahUKEwjOhZeEgdGHAxWcSPEDHbVTNbsQ3ewLegQIFBAU\"><span class=\"Y2IQFc\" lang=\"ro\">Disponibil \u00een mai multe culori<\/span><\/p>\n","protected":false},"excerpt":{"rendered":"<p>Husa Glam este un accesoriu la mod\u0103 \u0219i o garan\u021bie a siguran\u021bei. Aceasta este o carcas\u0103 unic\u0103 cu margini decorative, cu un cadru original pe spate. Pentru cea mai bun\u0103 protec\u021bie a telefonului, carcasa are margini ridicate \u00een jurul ecranului \u0219i o insul\u0103 pentru camer\u0103 \u00eencorporat\u0103 cu protec\u021bie suplimentar\u0103 pentru obiective. Design original Are un design neobi\u0219nuit \u0219i este o propunere ideal\u0103 pentru cei c\u0103rora le plac solu\u021biile neconven\u021bionale. Spatele carcasei este transparent, iar rama decorativa distinge produsul de concurenta. Insul\u0103 pentru camer\u0103 \u00eencorporat\u0103 Finisarea atent\u0103 \u0219i materialele utilizate &#8211; TPU &#8211; sunt avantajele sale suplimentare. Carcasa are, de asemenea, protec\u021bie unic\u0103 a camerei sub form\u0103 de insul\u0103 \u00eencorporat\u0103 \u0219i protec\u021bii pentru obiectiv. Ecranul telefonului este protejat suplimentar de margini \u00een\u0103l\u021bate pe margini. Impotriva cetii Structura materialului din interiorul carcasei previne formarea aburii. Acest lucru ofer\u0103 protec\u021bie \u00eempotriva umezelii, care ar putea deteriora componentele electronice. Specifica\u021bie: Material: TPU Nivel de flexibilitate: mediu Disponibil \u00een mai multe culori<\/p>\n","protected":false},"featured_media":23102,"comment_status":"closed","ping_status":"open","template":"","meta":[],"product_brand":[],"product_cat":[603,244,126],"product_tag":[],"class_list":{"0":"post-24953","1":"product","2":"type-product","3":"status-publish","4":"has-post-thumbnail","6":"product_cat-husa-silicon-glam","7":"product_cat-huse","8":"product_cat-noutati","10":"first","11":"instock","12":"shipping-taxable","13":"product-type-simple"},"_links":{"self":[{"href":"https:\/\/bafo.ro\/v22\/wp-json\/wp\/v2\/product\/24953","targetHints":{"allow":["GET"]}}],"collection":[{"href":"https:\/\/bafo.ro\/v22\/wp-json\/wp\/v2\/product"}],"about":[{"href":"https:\/\/bafo.ro\/v22\/wp-json\/wp\/v2\/types\/product"}],"replies":[{"embeddable":true,"href":"https:\/\/bafo.ro\/v22\/wp-json\/wp\/v2\/comments?post=24953"}],"version-history":[{"count":1,"href":"https:\/\/bafo.ro\/v22\/wp-json\/wp\/v2\/product\/24953\/revisions"}],"predecessor-version":[{"id":24954,"href":"https:\/\/bafo.ro\/v22\/wp-json\/wp\/v2\/product\/24953\/revisions\/24954"}],"wp:featuredmedia":[{"embeddable":true,"href":"https:\/\/bafo.ro\/v22\/wp-json\/wp\/v2\/media\/23102"}],"wp:attachment":[{"href":"https:\/\/bafo.ro\/v22\/wp-json\/wp\/v2\/media?parent=24953"}],"wp:term":[{"taxonomy":"product_brand","embeddable":true,"href":"https:\/\/bafo.ro\/v22\/wp-json\/wp\/v2\/product_brand?post=24953"},{"taxonomy":"product_cat","embeddable":true,"href":"https:\/\/bafo.ro\/v22\/wp-json\/wp\/v2\/product_cat?post=24953"},{"taxonomy":"product_tag","embeddable":true,"href":"https:\/\/bafo.ro\/v22\/wp-json\/wp\/v2\/product_tag?post=24953"}],"curies":[{"name":"wp","href":"https:\/\/api.w.org\/{rel}","templated":true}]}}