{"id":23442,"date":"2024-10-14T08:34:10","date_gmt":"2024-10-14T08:34:10","guid":{"rendered":"https:\/\/bafo.ro\/v22\/product\/casca-bluetooth-hoco-tws-eq7-alb\/"},"modified":"2025-03-31T17:43:12","modified_gmt":"2025-03-31T17:43:12","slug":"casca-bluetooth-hoco-tws-eq7-alb","status":"publish","type":"product","link":"https:\/\/bafo.ro\/v22\/product\/casca-bluetooth-hoco-tws-eq7-alb\/","title":{"rendered":"CASCA BLUETOOTH HOCO TWS EQ7 alb"},"content":{"rendered":"<p id=\"tw-target-text\" class=\"tw-data-text tw-text-large tw-ta\" dir=\"ltr\" data-placeholder=\"Translation\" aria-label=\"Translated text: Descriere produs\nNu r\u0103m\u00e2ne f\u0103r\u0103 muzica ta preferat\u0103 datorit\u0103 c\u0103\u0219tilor f\u0103r\u0103 fir TWS cu carcas\u0103 de \u00eenc\u0103rcare de la Hoco.\n\nC\u0103\u0219tile TWS la \u00eendem\u00e2n\u0103 \u0219i confortabile se potrivesc bine \u00een urechi, astfel \u00eenc\u00e2t nu ve\u021bi sim\u021bi niciun disconfort chiar \u0219i dup\u0103 multe ore de utilizare. Utiliza\u021bi Bluetooth pentru a asculta muzic\u0103 sau c\u0103r\u021bi audio, precum \u0219i pentru a efectua apeluri, ceea ce este posibil datorit\u0103 microfonului \u00eencorporat. Carcasa portabila cu functie de incarcare asigura ca castile vor fi mereu incarcate, iar datorita designului compact, le puteti duce oriunde si le puteti depozita in siguranta.\n\nCaietul de sarcini:\nVersiunea Bluetooth: 5.3; Chip: JL AC6973D4\nCapacitate baterie: 300 mAh (carcasa de incarcare); 40 mAh (c\u0103\u0219ti)\nTimp de lucru: 7 h\nDimensiuni: 50 \u00d7 49,2 \u00d7 27 mm\nGreutate: 36,3 g\" data-ved=\"2ahUKEwjpgeHWuY2JAxVhVPEDHSuNOn8Q3ewLegQICxAU\"><span class=\"Y2IQFc\" lang=\"ro\">Descriere produs<\/span><\/p>\n<p class=\"tw-data-text tw-text-large tw-ta\" dir=\"ltr\" data-placeholder=\"Translation\" aria-label=\"Translated text: Descriere produs\nNu r\u0103m\u00e2ne f\u0103r\u0103 muzica ta preferat\u0103 datorit\u0103 c\u0103\u0219tilor f\u0103r\u0103 fir TWS cu carcas\u0103 de \u00eenc\u0103rcare de la Hoco.\n\nC\u0103\u0219tile TWS la \u00eendem\u00e2n\u0103 \u0219i confortabile se potrivesc bine \u00een urechi, astfel \u00eenc\u00e2t nu ve\u021bi sim\u021bi niciun disconfort chiar \u0219i dup\u0103 multe ore de utilizare. Utiliza\u021bi Bluetooth pentru a asculta muzic\u0103 sau c\u0103r\u021bi audio, precum \u0219i pentru a efectua apeluri, ceea ce este posibil datorit\u0103 microfonului \u00eencorporat. Carcasa portabila cu functie de incarcare asigura ca castile vor fi mereu incarcate, iar datorita designului compact, le puteti duce oriunde si le puteti depozita in siguranta.\n\nCaietul de sarcini:\nVersiunea Bluetooth: 5.3; Chip: JL AC6973D4\nCapacitate baterie: 300 mAh (carcasa de incarcare); 40 mAh (c\u0103\u0219ti)\nTimp de lucru: 7 h\nDimensiuni: 50 \u00d7 49,2 \u00d7 27 mm\nGreutate: 36,3 g\" data-ved=\"2ahUKEwjpgeHWuY2JAxVhVPEDHSuNOn8Q3ewLegQICxAU\"><span class=\"Y2IQFc\" lang=\"ro\">Nu r\u0103m\u00e2ne f\u0103r\u0103 muzica ta preferat\u0103 datorit\u0103 c\u0103\u0219tilor f\u0103r\u0103 fir TWS cu carcas\u0103 de \u00eenc\u0103rcare de la Hoco. C\u0103\u0219tile TWS la \u00eendem\u00e2n\u0103 \u0219i confortabile se potrivesc bine \u00een urechi, astfel \u00eenc\u00e2t nu ve\u021bi sim\u021bi niciun disconfort chiar \u0219i dup\u0103 multe ore de utilizare. Utiliza\u021bi Bluetooth pentru a asculta muzic\u0103 sau c\u0103r\u021bi audio, precum \u0219i pentru a efectua apeluri, ceea ce este posibil datorit\u0103 microfonului \u00eencorporat. Carcasa portabila cu functie de incarcare asigura ca castile vor fi mereu incarcate, iar datorita designului compact, le puteti duce oriunde si le puteti depozita in siguranta.<\/span><\/p>\n<p class=\"tw-data-text tw-text-large tw-ta\" dir=\"ltr\" data-placeholder=\"Translation\" aria-label=\"Translated text: Descriere produs\nNu r\u0103m\u00e2ne f\u0103r\u0103 muzica ta preferat\u0103 datorit\u0103 c\u0103\u0219tilor f\u0103r\u0103 fir TWS cu carcas\u0103 de \u00eenc\u0103rcare de la Hoco.\n\nC\u0103\u0219tile TWS la \u00eendem\u00e2n\u0103 \u0219i confortabile se potrivesc bine \u00een urechi, astfel \u00eenc\u00e2t nu ve\u021bi sim\u021bi niciun disconfort chiar \u0219i dup\u0103 multe ore de utilizare. Utiliza\u021bi Bluetooth pentru a asculta muzic\u0103 sau c\u0103r\u021bi audio, precum \u0219i pentru a efectua apeluri, ceea ce este posibil datorit\u0103 microfonului \u00eencorporat. Carcasa portabila cu functie de incarcare asigura ca castile vor fi mereu incarcate, iar datorita designului compact, le puteti duce oriunde si le puteti depozita in siguranta.\n\nCaietul de sarcini:\nVersiunea Bluetooth: 5.3; Chip: JL AC6973D4\nCapacitate baterie: 300 mAh (carcasa de incarcare); 40 mAh (c\u0103\u0219ti)\nTimp de lucru: 7 h\nDimensiuni: 50 \u00d7 49,2 \u00d7 27 mm\nGreutate: 36,3 g\" data-ved=\"2ahUKEwjpgeHWuY2JAxVhVPEDHSuNOn8Q3ewLegQICxAU\"><span class=\"Y2IQFc\" lang=\"ro\">Caietul de sarcini: <\/span><\/p>\n<p class=\"tw-data-text tw-text-large tw-ta\" dir=\"ltr\" data-placeholder=\"Translation\" aria-label=\"Translated text: Descriere produs\nNu r\u0103m\u00e2ne f\u0103r\u0103 muzica ta preferat\u0103 datorit\u0103 c\u0103\u0219tilor f\u0103r\u0103 fir TWS cu carcas\u0103 de \u00eenc\u0103rcare de la Hoco.\n\nC\u0103\u0219tile TWS la \u00eendem\u00e2n\u0103 \u0219i confortabile se potrivesc bine \u00een urechi, astfel \u00eenc\u00e2t nu ve\u021bi sim\u021bi niciun disconfort chiar \u0219i dup\u0103 multe ore de utilizare. Utiliza\u021bi Bluetooth pentru a asculta muzic\u0103 sau c\u0103r\u021bi audio, precum \u0219i pentru a efectua apeluri, ceea ce este posibil datorit\u0103 microfonului \u00eencorporat. Carcasa portabila cu functie de incarcare asigura ca castile vor fi mereu incarcate, iar datorita designului compact, le puteti duce oriunde si le puteti depozita in siguranta.\n\nCaietul de sarcini:\nVersiunea Bluetooth: 5.3; Chip: JL AC6973D4\nCapacitate baterie: 300 mAh (carcasa de incarcare); 40 mAh (c\u0103\u0219ti)\nTimp de lucru: 7 h\nDimensiuni: 50 \u00d7 49,2 \u00d7 27 mm\nGreutate: 36,3 g\" data-ved=\"2ahUKEwjpgeHWuY2JAxVhVPEDHSuNOn8Q3ewLegQICxAU\"><span class=\"Y2IQFc\" lang=\"ro\">Versiunea Bluetooth: 5.3; <\/span><\/p>\n<p class=\"tw-data-text tw-text-large tw-ta\" dir=\"ltr\" data-placeholder=\"Translation\" aria-label=\"Translated text: Descriere produs\nNu r\u0103m\u00e2ne f\u0103r\u0103 muzica ta preferat\u0103 datorit\u0103 c\u0103\u0219tilor f\u0103r\u0103 fir TWS cu carcas\u0103 de \u00eenc\u0103rcare de la Hoco.\n\nC\u0103\u0219tile TWS la \u00eendem\u00e2n\u0103 \u0219i confortabile se potrivesc bine \u00een urechi, astfel \u00eenc\u00e2t nu ve\u021bi sim\u021bi niciun disconfort chiar \u0219i dup\u0103 multe ore de utilizare. Utiliza\u021bi Bluetooth pentru a asculta muzic\u0103 sau c\u0103r\u021bi audio, precum \u0219i pentru a efectua apeluri, ceea ce este posibil datorit\u0103 microfonului \u00eencorporat. Carcasa portabila cu functie de incarcare asigura ca castile vor fi mereu incarcate, iar datorita designului compact, le puteti duce oriunde si le puteti depozita in siguranta.\n\nCaietul de sarcini:\nVersiunea Bluetooth: 5.3; Chip: JL AC6973D4\nCapacitate baterie: 300 mAh (carcasa de incarcare); 40 mAh (c\u0103\u0219ti)\nTimp de lucru: 7 h\nDimensiuni: 50 \u00d7 49,2 \u00d7 27 mm\nGreutate: 36,3 g\" data-ved=\"2ahUKEwjpgeHWuY2JAxVhVPEDHSuNOn8Q3ewLegQICxAU\"><span class=\"Y2IQFc\" lang=\"ro\">Chip: JL AC6973D4 <\/span><\/p>\n<p class=\"tw-data-text tw-text-large tw-ta\" dir=\"ltr\" data-placeholder=\"Translation\" aria-label=\"Translated text: Descriere produs\nNu r\u0103m\u00e2ne f\u0103r\u0103 muzica ta preferat\u0103 datorit\u0103 c\u0103\u0219tilor f\u0103r\u0103 fir TWS cu carcas\u0103 de \u00eenc\u0103rcare de la Hoco.\n\nC\u0103\u0219tile TWS la \u00eendem\u00e2n\u0103 \u0219i confortabile se potrivesc bine \u00een urechi, astfel \u00eenc\u00e2t nu ve\u021bi sim\u021bi niciun disconfort chiar \u0219i dup\u0103 multe ore de utilizare. Utiliza\u021bi Bluetooth pentru a asculta muzic\u0103 sau c\u0103r\u021bi audio, precum \u0219i pentru a efectua apeluri, ceea ce este posibil datorit\u0103 microfonului \u00eencorporat. Carcasa portabila cu functie de incarcare asigura ca castile vor fi mereu incarcate, iar datorita designului compact, le puteti duce oriunde si le puteti depozita in siguranta.\n\nCaietul de sarcini:\nVersiunea Bluetooth: 5.3; Chip: JL AC6973D4\nCapacitate baterie: 300 mAh (carcasa de incarcare); 40 mAh (c\u0103\u0219ti)\nTimp de lucru: 7 h\nDimensiuni: 50 \u00d7 49,2 \u00d7 27 mm\nGreutate: 36,3 g\" data-ved=\"2ahUKEwjpgeHWuY2JAxVhVPEDHSuNOn8Q3ewLegQICxAU\"><span class=\"Y2IQFc\" lang=\"ro\">Capacitate baterie: 300 mAh (carcasa de incarcare); 40 mAh (c\u0103\u0219ti) <\/span><\/p>\n<p class=\"tw-data-text tw-text-large tw-ta\" dir=\"ltr\" data-placeholder=\"Translation\" aria-label=\"Translated text: Descriere produs\nNu r\u0103m\u00e2ne f\u0103r\u0103 muzica ta preferat\u0103 datorit\u0103 c\u0103\u0219tilor f\u0103r\u0103 fir TWS cu carcas\u0103 de \u00eenc\u0103rcare de la Hoco.\n\nC\u0103\u0219tile TWS la \u00eendem\u00e2n\u0103 \u0219i confortabile se potrivesc bine \u00een urechi, astfel \u00eenc\u00e2t nu ve\u021bi sim\u021bi niciun disconfort chiar \u0219i dup\u0103 multe ore de utilizare. Utiliza\u021bi Bluetooth pentru a asculta muzic\u0103 sau c\u0103r\u021bi audio, precum \u0219i pentru a efectua apeluri, ceea ce este posibil datorit\u0103 microfonului \u00eencorporat. Carcasa portabila cu functie de incarcare asigura ca castile vor fi mereu incarcate, iar datorita designului compact, le puteti duce oriunde si le puteti depozita in siguranta.\n\nCaietul de sarcini:\nVersiunea Bluetooth: 5.3; Chip: JL AC6973D4\nCapacitate baterie: 300 mAh (carcasa de incarcare); 40 mAh (c\u0103\u0219ti)\nTimp de lucru: 7 h\nDimensiuni: 50 \u00d7 49,2 \u00d7 27 mm\nGreutate: 36,3 g\" data-ved=\"2ahUKEwjpgeHWuY2JAxVhVPEDHSuNOn8Q3ewLegQICxAU\"><span class=\"Y2IQFc\" lang=\"ro\">Timp de lucru: 7 h <\/span><\/p>\n<p class=\"tw-data-text tw-text-large tw-ta\" dir=\"ltr\" data-placeholder=\"Translation\" aria-label=\"Translated text: Descriere produs\nNu r\u0103m\u00e2ne f\u0103r\u0103 muzica ta preferat\u0103 datorit\u0103 c\u0103\u0219tilor f\u0103r\u0103 fir TWS cu carcas\u0103 de \u00eenc\u0103rcare de la Hoco.\n\nC\u0103\u0219tile TWS la \u00eendem\u00e2n\u0103 \u0219i confortabile se potrivesc bine \u00een urechi, astfel \u00eenc\u00e2t nu ve\u021bi sim\u021bi niciun disconfort chiar \u0219i dup\u0103 multe ore de utilizare. Utiliza\u021bi Bluetooth pentru a asculta muzic\u0103 sau c\u0103r\u021bi audio, precum \u0219i pentru a efectua apeluri, ceea ce este posibil datorit\u0103 microfonului \u00eencorporat. Carcasa portabila cu functie de incarcare asigura ca castile vor fi mereu incarcate, iar datorita designului compact, le puteti duce oriunde si le puteti depozita in siguranta.\n\nCaietul de sarcini:\nVersiunea Bluetooth: 5.3; Chip: JL AC6973D4\nCapacitate baterie: 300 mAh (carcasa de incarcare); 40 mAh (c\u0103\u0219ti)\nTimp de lucru: 7 h\nDimensiuni: 50 \u00d7 49,2 \u00d7 27 mm\nGreutate: 36,3 g\" data-ved=\"2ahUKEwjpgeHWuY2JAxVhVPEDHSuNOn8Q3ewLegQICxAU\"><span class=\"Y2IQFc\" lang=\"ro\">Dimensiuni: 50 \u00d7 49,2 \u00d7 27 mm<\/span><\/p>\n<p class=\"tw-data-text tw-text-large tw-ta\" dir=\"ltr\" data-placeholder=\"Translation\" aria-label=\"Translated text: Descriere produs\nNu r\u0103m\u00e2ne f\u0103r\u0103 muzica ta preferat\u0103 datorit\u0103 c\u0103\u0219tilor f\u0103r\u0103 fir TWS cu carcas\u0103 de \u00eenc\u0103rcare de la Hoco.\n\nC\u0103\u0219tile TWS la \u00eendem\u00e2n\u0103 \u0219i confortabile se potrivesc bine \u00een urechi, astfel \u00eenc\u00e2t nu ve\u021bi sim\u021bi niciun disconfort chiar \u0219i dup\u0103 multe ore de utilizare. Utiliza\u021bi Bluetooth pentru a asculta muzic\u0103 sau c\u0103r\u021bi audio, precum \u0219i pentru a efectua apeluri, ceea ce este posibil datorit\u0103 microfonului \u00eencorporat. Carcasa portabila cu functie de incarcare asigura ca castile vor fi mereu incarcate, iar datorita designului compact, le puteti duce oriunde si le puteti depozita in siguranta.\n\nCaietul de sarcini:\nVersiunea Bluetooth: 5.3; Chip: JL AC6973D4\nCapacitate baterie: 300 mAh (carcasa de incarcare); 40 mAh (c\u0103\u0219ti)\nTimp de lucru: 7 h\nDimensiuni: 50 \u00d7 49,2 \u00d7 27 mm\nGreutate: 36,3 g\" data-ved=\"2ahUKEwjpgeHWuY2JAxVhVPEDHSuNOn8Q3ewLegQICxAU\"><span class=\"Y2IQFc\" lang=\"ro\">Greutate: 36,3 g<\/span><\/p>\n","protected":false},"excerpt":{"rendered":"<p>Descriere produs Nu r\u0103m\u00e2ne f\u0103r\u0103 muzica ta preferat\u0103 datorit\u0103 c\u0103\u0219tilor f\u0103r\u0103 fir TWS cu carcas\u0103 de \u00eenc\u0103rcare de la Hoco. C\u0103\u0219tile TWS la \u00eendem\u00e2n\u0103 \u0219i confortabile se potrivesc bine \u00een urechi, astfel \u00eenc\u00e2t nu ve\u021bi sim\u021bi niciun disconfort chiar \u0219i dup\u0103 multe ore de utilizare. Utiliza\u021bi Bluetooth pentru a asculta muzic\u0103 sau c\u0103r\u021bi audio, precum \u0219i pentru a efectua apeluri, ceea ce este posibil datorit\u0103 microfonului \u00eencorporat. Carcasa portabila cu functie de incarcare asigura ca castile vor fi mereu incarcate, iar datorita designului compact, le puteti duce oriunde si le puteti depozita in siguranta. Caietul de sarcini: Versiunea Bluetooth: 5.3; Chip: JL AC6973D4 Capacitate baterie: 300 mAh (carcasa de incarcare); 40 mAh (c\u0103\u0219ti) Timp de lucru: 7 h Dimensiuni: 50 \u00d7 49,2 \u00d7 27 mm Greutate: 36,3 g<\/p>\n","protected":false},"featured_media":23444,"comment_status":"closed","ping_status":"open","template":"","meta":[],"product_brand":[],"product_cat":[230,233],"product_tag":[],"class_list":{"0":"post-23442","1":"product","2":"type-product","3":"status-publish","4":"has-post-thumbnail","6":"product_cat-casca-audio","7":"product_cat-casca-bluetooth","9":"first","10":"instock","11":"shipping-taxable","12":"product-type-simple"},"_links":{"self":[{"href":"https:\/\/bafo.ro\/v22\/wp-json\/wp\/v2\/product\/23442","targetHints":{"allow":["GET"]}}],"collection":[{"href":"https:\/\/bafo.ro\/v22\/wp-json\/wp\/v2\/product"}],"about":[{"href":"https:\/\/bafo.ro\/v22\/wp-json\/wp\/v2\/types\/product"}],"replies":[{"embeddable":true,"href":"https:\/\/bafo.ro\/v22\/wp-json\/wp\/v2\/comments?post=23442"}],"version-history":[{"count":1,"href":"https:\/\/bafo.ro\/v22\/wp-json\/wp\/v2\/product\/23442\/revisions"}],"predecessor-version":[{"id":23443,"href":"https:\/\/bafo.ro\/v22\/wp-json\/wp\/v2\/product\/23442\/revisions\/23443"}],"wp:featuredmedia":[{"embeddable":true,"href":"https:\/\/bafo.ro\/v22\/wp-json\/wp\/v2\/media\/23444"}],"wp:attachment":[{"href":"https:\/\/bafo.ro\/v22\/wp-json\/wp\/v2\/media?parent=23442"}],"wp:term":[{"taxonomy":"product_brand","embeddable":true,"href":"https:\/\/bafo.ro\/v22\/wp-json\/wp\/v2\/product_brand?post=23442"},{"taxonomy":"product_cat","embeddable":true,"href":"https:\/\/bafo.ro\/v22\/wp-json\/wp\/v2\/product_cat?post=23442"},{"taxonomy":"product_tag","embeddable":true,"href":"https:\/\/bafo.ro\/v22\/wp-json\/wp\/v2\/product_tag?post=23442"}],"curies":[{"name":"wp","href":"https:\/\/api.w.org\/{rel}","templated":true}]}}