{"id":23437,"date":"2024-10-14T08:30:06","date_gmt":"2024-10-14T08:30:06","guid":{"rendered":"https:\/\/bafo.ro\/v22\/product\/casca-bluetooth-hoco-tws-ew70-albastru\/"},"modified":"2025-03-31T17:43:12","modified_gmt":"2025-03-31T17:43:12","slug":"casca-bluetooth-hoco-tws-ew70-albastru","status":"publish","type":"product","link":"https:\/\/bafo.ro\/v22\/product\/casca-bluetooth-hoco-tws-ew70-albastru\/","title":{"rendered":"CASCA BLUETOOTH HOCO TWS EW70 albastru"},"content":{"rendered":"<p id=\"tw-target-text\" class=\"tw-data-text tw-text-large tw-ta\" dir=\"ltr\" data-placeholder=\"Translation\" aria-label=\"Translated text: Nu te desp\u0103r\u021bi de muzica ta preferat\u0103 cu c\u0103\u0219tile wireless cu carcas\u0103 rotativ\u0103 de \u00eenc\u0103rcare de la Hoco. C\u0103\u0219tile TWS la \u00eendem\u00e2n\u0103 \u0219i confortabil de utilizat se potrivesc bine \u00een urechi, astfel \u00eenc\u00e2t chiar \u0219i dup\u0103 multe ore de utilizare nu ve\u021bi sim\u021bi disconfort. Utiliza\u021bi conectivitatea Bluetooth pentru a asculta muzic\u0103 sau c\u0103r\u021bi audio, precum \u0219i pentru a efectua apeluri, ceea ce este posibil datorit\u0103 microfonului \u00eencorporat. Carcasa portabila cu functie de incarcare garanteaza ca castile vor fi mereu incarcate, iar datorita designului compact, le poti duce oriunde si le poti depozita in siguranta. Caietul de sarcini: Versiunea Bluetooth: 5.4; Chip: JL AC6973D4 Capacitate baterie: 300 mAh (sta\u021bie de \u00eenc\u0103rcare); 35 mAh (c\u0103\u0219ti) Timp de lucru: 6 h Dimensiuni: 56 \u00d7 56 \u00d7 21 mm Greutate: 53,8 g\" data-ved=\"2ahUKEwjpgeHWuY2JAxVhVPEDHSuNOn8Q3ewLegQICxAU\"><span class=\"Y2IQFc\" lang=\"ro\">Nu te desp\u0103r\u021bi de muzica ta preferat\u0103 cu c\u0103\u0219tile wireless cu carcas\u0103 rotativ\u0103 de \u00eenc\u0103rcare de la Hoco. C\u0103\u0219tile TWS la \u00eendem\u00e2n\u0103 \u0219i confortabil de utilizat se potrivesc bine \u00een urechi, astfel \u00eenc\u00e2t chiar \u0219i dup\u0103 multe ore de utilizare nu ve\u021bi sim\u021bi disconfort. Utiliza\u021bi conectivitatea Bluetooth pentru a asculta muzic\u0103 sau c\u0103r\u021bi audio, precum \u0219i pentru a efectua apeluri, ceea ce este posibil datorit\u0103 microfonului \u00eencorporat. Carcasa portabila cu functie de incarcare garanteaza ca castile vor fi mereu incarcate, iar datorita designului compact, le poti duce oriunde si le poti depozita in siguranta.<\/span><\/p>\n<p class=\"tw-data-text tw-text-large tw-ta\" dir=\"ltr\" data-placeholder=\"Translation\" aria-label=\"Translated text: Nu te desp\u0103r\u021bi de muzica ta preferat\u0103 cu c\u0103\u0219tile wireless cu carcas\u0103 rotativ\u0103 de \u00eenc\u0103rcare de la Hoco. C\u0103\u0219tile TWS la \u00eendem\u00e2n\u0103 \u0219i confortabil de utilizat se potrivesc bine \u00een urechi, astfel \u00eenc\u00e2t chiar \u0219i dup\u0103 multe ore de utilizare nu ve\u021bi sim\u021bi disconfort. Utiliza\u021bi conectivitatea Bluetooth pentru a asculta muzic\u0103 sau c\u0103r\u021bi audio, precum \u0219i pentru a efectua apeluri, ceea ce este posibil datorit\u0103 microfonului \u00eencorporat. Carcasa portabila cu functie de incarcare garanteaza ca castile vor fi mereu incarcate, iar datorita designului compact, le poti duce oriunde si le poti depozita in siguranta. Caietul de sarcini: Versiunea Bluetooth: 5.4; Chip: JL AC6973D4 Capacitate baterie: 300 mAh (sta\u021bie de \u00eenc\u0103rcare); 35 mAh (c\u0103\u0219ti) Timp de lucru: 6 h Dimensiuni: 56 \u00d7 56 \u00d7 21 mm Greutate: 53,8 g\" data-ved=\"2ahUKEwjpgeHWuY2JAxVhVPEDHSuNOn8Q3ewLegQICxAU\"><span class=\"Y2IQFc\" lang=\"ro\">Caietul de sarcini:<\/span><\/p>\n<p class=\"tw-data-text tw-text-large tw-ta\" dir=\"ltr\" data-placeholder=\"Translation\" aria-label=\"Translated text: Nu te desp\u0103r\u021bi de muzica ta preferat\u0103 cu c\u0103\u0219tile wireless cu carcas\u0103 rotativ\u0103 de \u00eenc\u0103rcare de la Hoco. C\u0103\u0219tile TWS la \u00eendem\u00e2n\u0103 \u0219i confortabil de utilizat se potrivesc bine \u00een urechi, astfel \u00eenc\u00e2t chiar \u0219i dup\u0103 multe ore de utilizare nu ve\u021bi sim\u021bi disconfort. Utiliza\u021bi conectivitatea Bluetooth pentru a asculta muzic\u0103 sau c\u0103r\u021bi audio, precum \u0219i pentru a efectua apeluri, ceea ce este posibil datorit\u0103 microfonului \u00eencorporat. Carcasa portabila cu functie de incarcare garanteaza ca castile vor fi mereu incarcate, iar datorita designului compact, le poti duce oriunde si le poti depozita in siguranta. Caietul de sarcini: Versiunea Bluetooth: 5.4; Chip: JL AC6973D4 Capacitate baterie: 300 mAh (sta\u021bie de \u00eenc\u0103rcare); 35 mAh (c\u0103\u0219ti) Timp de lucru: 6 h Dimensiuni: 56 \u00d7 56 \u00d7 21 mm Greutate: 53,8 g\" data-ved=\"2ahUKEwjpgeHWuY2JAxVhVPEDHSuNOn8Q3ewLegQICxAU\"><span class=\"Y2IQFc\" lang=\"ro\">Versiunea Bluetooth: 5.4; <\/span><\/p>\n<p class=\"tw-data-text tw-text-large tw-ta\" dir=\"ltr\" data-placeholder=\"Translation\" aria-label=\"Translated text: Nu te desp\u0103r\u021bi de muzica ta preferat\u0103 cu c\u0103\u0219tile wireless cu carcas\u0103 rotativ\u0103 de \u00eenc\u0103rcare de la Hoco. C\u0103\u0219tile TWS la \u00eendem\u00e2n\u0103 \u0219i confortabil de utilizat se potrivesc bine \u00een urechi, astfel \u00eenc\u00e2t chiar \u0219i dup\u0103 multe ore de utilizare nu ve\u021bi sim\u021bi disconfort. Utiliza\u021bi conectivitatea Bluetooth pentru a asculta muzic\u0103 sau c\u0103r\u021bi audio, precum \u0219i pentru a efectua apeluri, ceea ce este posibil datorit\u0103 microfonului \u00eencorporat. Carcasa portabila cu functie de incarcare garanteaza ca castile vor fi mereu incarcate, iar datorita designului compact, le poti duce oriunde si le poti depozita in siguranta. Caietul de sarcini: Versiunea Bluetooth: 5.4; Chip: JL AC6973D4 Capacitate baterie: 300 mAh (sta\u021bie de \u00eenc\u0103rcare); 35 mAh (c\u0103\u0219ti) Timp de lucru: 6 h Dimensiuni: 56 \u00d7 56 \u00d7 21 mm Greutate: 53,8 g\" data-ved=\"2ahUKEwjpgeHWuY2JAxVhVPEDHSuNOn8Q3ewLegQICxAU\"><span class=\"Y2IQFc\" lang=\"ro\">Chip: JL AC6973D4<\/span><\/p>\n<p class=\"tw-data-text tw-text-large tw-ta\" dir=\"ltr\" data-placeholder=\"Translation\" aria-label=\"Translated text: Nu te desp\u0103r\u021bi de muzica ta preferat\u0103 cu c\u0103\u0219tile wireless cu carcas\u0103 rotativ\u0103 de \u00eenc\u0103rcare de la Hoco. C\u0103\u0219tile TWS la \u00eendem\u00e2n\u0103 \u0219i confortabil de utilizat se potrivesc bine \u00een urechi, astfel \u00eenc\u00e2t chiar \u0219i dup\u0103 multe ore de utilizare nu ve\u021bi sim\u021bi disconfort. Utiliza\u021bi conectivitatea Bluetooth pentru a asculta muzic\u0103 sau c\u0103r\u021bi audio, precum \u0219i pentru a efectua apeluri, ceea ce este posibil datorit\u0103 microfonului \u00eencorporat. Carcasa portabila cu functie de incarcare garanteaza ca castile vor fi mereu incarcate, iar datorita designului compact, le poti duce oriunde si le poti depozita in siguranta. Caietul de sarcini: Versiunea Bluetooth: 5.4; Chip: JL AC6973D4 Capacitate baterie: 300 mAh (sta\u021bie de \u00eenc\u0103rcare); 35 mAh (c\u0103\u0219ti) Timp de lucru: 6 h Dimensiuni: 56 \u00d7 56 \u00d7 21 mm Greutate: 53,8 g\" data-ved=\"2ahUKEwjpgeHWuY2JAxVhVPEDHSuNOn8Q3ewLegQICxAU\"><span class=\"Y2IQFc\" lang=\"ro\">Capacitate baterie: 300 mAh (sta\u021bie de \u00eenc\u0103rcare); 35 mAh (c\u0103\u0219ti)<\/span><\/p>\n<p class=\"tw-data-text tw-text-large tw-ta\" dir=\"ltr\" data-placeholder=\"Translation\" aria-label=\"Translated text: Nu te desp\u0103r\u021bi de muzica ta preferat\u0103 cu c\u0103\u0219tile wireless cu carcas\u0103 rotativ\u0103 de \u00eenc\u0103rcare de la Hoco. C\u0103\u0219tile TWS la \u00eendem\u00e2n\u0103 \u0219i confortabil de utilizat se potrivesc bine \u00een urechi, astfel \u00eenc\u00e2t chiar \u0219i dup\u0103 multe ore de utilizare nu ve\u021bi sim\u021bi disconfort. Utiliza\u021bi conectivitatea Bluetooth pentru a asculta muzic\u0103 sau c\u0103r\u021bi audio, precum \u0219i pentru a efectua apeluri, ceea ce este posibil datorit\u0103 microfonului \u00eencorporat. Carcasa portabila cu functie de incarcare garanteaza ca castile vor fi mereu incarcate, iar datorita designului compact, le poti duce oriunde si le poti depozita in siguranta. Caietul de sarcini: Versiunea Bluetooth: 5.4; Chip: JL AC6973D4 Capacitate baterie: 300 mAh (sta\u021bie de \u00eenc\u0103rcare); 35 mAh (c\u0103\u0219ti) Timp de lucru: 6 h Dimensiuni: 56 \u00d7 56 \u00d7 21 mm Greutate: 53,8 g\" data-ved=\"2ahUKEwjpgeHWuY2JAxVhVPEDHSuNOn8Q3ewLegQICxAU\"><span class=\"Y2IQFc\" lang=\"ro\">Timp de lucru: 6 h<\/span><\/p>\n<p class=\"tw-data-text tw-text-large tw-ta\" dir=\"ltr\" data-placeholder=\"Translation\" aria-label=\"Translated text: Nu te desp\u0103r\u021bi de muzica ta preferat\u0103 cu c\u0103\u0219tile wireless cu carcas\u0103 rotativ\u0103 de \u00eenc\u0103rcare de la Hoco. C\u0103\u0219tile TWS la \u00eendem\u00e2n\u0103 \u0219i confortabil de utilizat se potrivesc bine \u00een urechi, astfel \u00eenc\u00e2t chiar \u0219i dup\u0103 multe ore de utilizare nu ve\u021bi sim\u021bi disconfort. Utiliza\u021bi conectivitatea Bluetooth pentru a asculta muzic\u0103 sau c\u0103r\u021bi audio, precum \u0219i pentru a efectua apeluri, ceea ce este posibil datorit\u0103 microfonului \u00eencorporat. Carcasa portabila cu functie de incarcare garanteaza ca castile vor fi mereu incarcate, iar datorita designului compact, le poti duce oriunde si le poti depozita in siguranta. Caietul de sarcini: Versiunea Bluetooth: 5.4; Chip: JL AC6973D4 Capacitate baterie: 300 mAh (sta\u021bie de \u00eenc\u0103rcare); 35 mAh (c\u0103\u0219ti) Timp de lucru: 6 h Dimensiuni: 56 \u00d7 56 \u00d7 21 mm Greutate: 53,8 g\" data-ved=\"2ahUKEwjpgeHWuY2JAxVhVPEDHSuNOn8Q3ewLegQICxAU\"><span class=\"Y2IQFc\" lang=\"ro\">Dimensiuni: 56 \u00d7 56 \u00d7 21 mm<\/span><\/p>\n<p class=\"tw-data-text tw-text-large tw-ta\" dir=\"ltr\" data-placeholder=\"Translation\" aria-label=\"Translated text: Nu te desp\u0103r\u021bi de muzica ta preferat\u0103 cu c\u0103\u0219tile wireless cu carcas\u0103 rotativ\u0103 de \u00eenc\u0103rcare de la Hoco. C\u0103\u0219tile TWS la \u00eendem\u00e2n\u0103 \u0219i confortabil de utilizat se potrivesc bine \u00een urechi, astfel \u00eenc\u00e2t chiar \u0219i dup\u0103 multe ore de utilizare nu ve\u021bi sim\u021bi disconfort. Utiliza\u021bi conectivitatea Bluetooth pentru a asculta muzic\u0103 sau c\u0103r\u021bi audio, precum \u0219i pentru a efectua apeluri, ceea ce este posibil datorit\u0103 microfonului \u00eencorporat. Carcasa portabila cu functie de incarcare garanteaza ca castile vor fi mereu incarcate, iar datorita designului compact, le poti duce oriunde si le poti depozita in siguranta. Caietul de sarcini: Versiunea Bluetooth: 5.4; Chip: JL AC6973D4 Capacitate baterie: 300 mAh (sta\u021bie de \u00eenc\u0103rcare); 35 mAh (c\u0103\u0219ti) Timp de lucru: 6 h Dimensiuni: 56 \u00d7 56 \u00d7 21 mm Greutate: 53,8 g\" data-ved=\"2ahUKEwjpgeHWuY2JAxVhVPEDHSuNOn8Q3ewLegQICxAU\"><span class=\"Y2IQFc\" lang=\"ro\">Greutate: 53,8 g<\/span><\/p>\n","protected":false},"excerpt":{"rendered":"<p>Nu te desp\u0103r\u021bi de muzica ta preferat\u0103 cu c\u0103\u0219tile wireless cu carcas\u0103 rotativ\u0103 de \u00eenc\u0103rcare de la Hoco. C\u0103\u0219tile TWS la \u00eendem\u00e2n\u0103 \u0219i confortabil de utilizat se potrivesc bine \u00een urechi, astfel \u00eenc\u00e2t chiar \u0219i dup\u0103 multe ore de utilizare nu ve\u021bi sim\u021bi disconfort. Utiliza\u021bi conectivitatea Bluetooth pentru a asculta muzic\u0103 sau c\u0103r\u021bi audio, precum \u0219i pentru a efectua apeluri, ceea ce este posibil datorit\u0103 microfonului \u00eencorporat. Carcasa portabila cu functie de incarcare garanteaza ca castile vor fi mereu incarcate, iar datorita designului compact, le poti duce oriunde si le poti depozita in siguranta. Caietul de sarcini: Versiunea Bluetooth: 5.4; Chip: JL AC6973D4 Capacitate baterie: 300 mAh (sta\u021bie de \u00eenc\u0103rcare); 35 mAh (c\u0103\u0219ti) Timp de lucru: 6 h Dimensiuni: 56 \u00d7 56 \u00d7 21 mm Greutate: 53,8 g<\/p>\n","protected":false},"featured_media":23439,"comment_status":"closed","ping_status":"open","template":"","meta":[],"product_brand":[],"product_cat":[230,233],"product_tag":[],"class_list":{"0":"post-23437","1":"product","2":"type-product","3":"status-publish","4":"has-post-thumbnail","6":"product_cat-casca-audio","7":"product_cat-casca-bluetooth","9":"first","10":"outofstock","11":"shipping-taxable","12":"product-type-simple"},"_links":{"self":[{"href":"https:\/\/bafo.ro\/v22\/wp-json\/wp\/v2\/product\/23437","targetHints":{"allow":["GET"]}}],"collection":[{"href":"https:\/\/bafo.ro\/v22\/wp-json\/wp\/v2\/product"}],"about":[{"href":"https:\/\/bafo.ro\/v22\/wp-json\/wp\/v2\/types\/product"}],"replies":[{"embeddable":true,"href":"https:\/\/bafo.ro\/v22\/wp-json\/wp\/v2\/comments?post=23437"}],"version-history":[{"count":1,"href":"https:\/\/bafo.ro\/v22\/wp-json\/wp\/v2\/product\/23437\/revisions"}],"predecessor-version":[{"id":23438,"href":"https:\/\/bafo.ro\/v22\/wp-json\/wp\/v2\/product\/23437\/revisions\/23438"}],"wp:featuredmedia":[{"embeddable":true,"href":"https:\/\/bafo.ro\/v22\/wp-json\/wp\/v2\/media\/23439"}],"wp:attachment":[{"href":"https:\/\/bafo.ro\/v22\/wp-json\/wp\/v2\/media?parent=23437"}],"wp:term":[{"taxonomy":"product_brand","embeddable":true,"href":"https:\/\/bafo.ro\/v22\/wp-json\/wp\/v2\/product_brand?post=23437"},{"taxonomy":"product_cat","embeddable":true,"href":"https:\/\/bafo.ro\/v22\/wp-json\/wp\/v2\/product_cat?post=23437"},{"taxonomy":"product_tag","embeddable":true,"href":"https:\/\/bafo.ro\/v22\/wp-json\/wp\/v2\/product_tag?post=23437"}],"curies":[{"name":"wp","href":"https:\/\/api.w.org\/{rel}","templated":true}]}}