{"id":22702,"date":"2024-09-04T11:08:01","date_gmt":"2024-09-04T11:08:01","guid":{"rendered":"https:\/\/bafo.ro\/v22\/product\/smartwatch-borofone-bd7-gri-inchis\/"},"modified":"2025-03-31T17:40:16","modified_gmt":"2025-03-31T17:40:16","slug":"smartwatch-borofone-bd7-gri-inchis","status":"publish","type":"product","link":"https:\/\/bafo.ro\/v22\/product\/smartwatch-borofone-bd7-gri-inchis\/","title":{"rendered":"SMARTWATCH BOROFONE BD7 gri inchis"},"content":{"rendered":"<p id=\"tw-target-text\" class=\"tw-data-text tw-text-large tw-ta\" dir=\"ltr\" data-placeholder=\"Translation\" aria-label=\"Translated text\" data-ved=\"2ahUKEwjAsvWalKmIAxVSRPEDHRYZOUMQ3ewLegQIEhAU\"><span class=\"Y2IQFc\" lang=\"ro\">Descriere produs <\/span><\/p>\n<p class=\"tw-data-text tw-text-large tw-ta\" dir=\"ltr\" data-placeholder=\"Translation\" aria-label=\"Translated text\" data-ved=\"2ahUKEwjAsvWalKmIAxVSRPEDHRYZOUMQ3ewLegQIEhAU\"><span class=\"Y2IQFc\" lang=\"ro\">1. Dimensiunea ecranului: 1.46 inch<\/span><\/p>\n<p class=\"tw-data-text tw-text-large tw-ta\" dir=\"ltr\" data-placeholder=\"Translation\" aria-label=\"Translated text\" data-ved=\"2ahUKEwjAsvWalKmIAxVSRPEDHRYZOUMQ3ewLegQIEhAU\"><span class=\"Y2IQFc\" lang=\"ro\">2. Rezolu\u021bia ecranului: 360x360px<\/span><\/p>\n<p class=\"tw-data-text tw-text-large tw-ta\" dir=\"ltr\" data-placeholder=\"Translation\" aria-label=\"Translated text\" data-ved=\"2ahUKEwjAsvWalKmIAxVSRPEDHRYZOUMQ3ewLegQIEhAU\"><span class=\"Y2IQFc\" lang=\"ro\">3. CPU: Blue Trum 8959; ROM: 128 MB <\/span><\/p>\n<p class=\"tw-data-text tw-text-large tw-ta\" dir=\"ltr\" data-placeholder=\"Translation\" aria-label=\"Translated text\" data-ved=\"2ahUKEwjAsvWalKmIAxVSRPEDHRYZOUMQ3ewLegQIEhAU\"><span class=\"Y2IQFc\" lang=\"ro\">4. Bluetooth: 5.0<\/span><\/p>\n<p class=\"tw-data-text tw-text-large tw-ta\" dir=\"ltr\" data-placeholder=\"Translation\" aria-label=\"Translated text\" data-ved=\"2ahUKEwjAsvWalKmIAxVSRPEDHRYZOUMQ3ewLegQIEhAU\"><span class=\"Y2IQFc\" lang=\"ro\">5. Capacitate baterie: 300mAh; Timp pe baterie 3-5 zile<\/span><\/p>\n<p class=\"tw-data-text tw-text-large tw-ta\" dir=\"ltr\" data-placeholder=\"Translation\" aria-label=\"Translated text\" data-ved=\"2ahUKEwjAsvWalKmIAxVSRPEDHRYZOUMQ3ewLegQIEhAU\"><span class=\"Y2IQFc\" lang=\"ro\">6. Accept\u0103 apeluri, monitorizarea ritmului cardiac, monitorizarea somnului, num\u0103rarea pa\u0219ilor de exerci\u021biu \u0219i alte func\u021bii. <\/span><\/p>\n<p class=\"tw-data-text tw-text-large tw-ta\" dir=\"ltr\" data-placeholder=\"Translation\" aria-label=\"Translated text\" data-ved=\"2ahUKEwjAsvWalKmIAxVSRPEDHRYZOUMQ3ewLegQIEhAU\"><span class=\"Y2IQFc\" lang=\"ro\">7. Limbi acceptate: chinez\u0103, englez\u0103, rus\u0103, arab\u0103, vietnamez\u0103, danez\u0103, thailandez\u0103, polonez\u0103, persan\u0103, spaniol\u0103, malaez\u0103, greac\u0103, francez\u0103, italian\u0103, german\u0103, portughez\u0103, turc\u0103, latin\u0103, rom\u00e2n\u0103, ebraic\u0103, birman\u0103, ucrainean\u0103 8. Caracteristici suplimentare: IP67 impermeabil<\/span><\/p>\n","protected":false},"excerpt":{"rendered":"<p>Descriere produs 1. Dimensiunea ecranului: 1.46 inch 2. Rezolu\u021bia ecranului: 360x360px 3. CPU: Blue Trum 8959; ROM: 128 MB 4. Bluetooth: 5.0 5. Capacitate baterie: 300mAh; Timp pe baterie 3-5 zile 6. Accept\u0103 apeluri, monitorizarea ritmului cardiac, monitorizarea somnului, num\u0103rarea pa\u0219ilor de exerci\u021biu \u0219i alte func\u021bii. 7. Limbi acceptate: chinez\u0103, englez\u0103, rus\u0103, arab\u0103, vietnamez\u0103, danez\u0103, thailandez\u0103, polonez\u0103, persan\u0103, spaniol\u0103, malaez\u0103, greac\u0103, francez\u0103, italian\u0103, german\u0103, portughez\u0103, turc\u0103, latin\u0103, rom\u00e2n\u0103, ebraic\u0103, birman\u0103, ucrainean\u0103 8. Caracteristici suplimentare: IP67 impermeabil<\/p>\n","protected":false},"featured_media":22704,"comment_status":"closed","ping_status":"open","template":"","meta":[],"product_brand":[],"product_cat":[238,234,571],"product_tag":[],"class_list":{"0":"post-22702","1":"product","2":"type-product","3":"status-publish","4":"has-post-thumbnail","6":"product_cat-altele","7":"product_cat-cabluri-de-date","8":"product_cat-smartwatch","10":"first","11":"outofstock","12":"shipping-taxable","13":"product-type-simple"},"_links":{"self":[{"href":"https:\/\/bafo.ro\/v22\/wp-json\/wp\/v2\/product\/22702","targetHints":{"allow":["GET"]}}],"collection":[{"href":"https:\/\/bafo.ro\/v22\/wp-json\/wp\/v2\/product"}],"about":[{"href":"https:\/\/bafo.ro\/v22\/wp-json\/wp\/v2\/types\/product"}],"replies":[{"embeddable":true,"href":"https:\/\/bafo.ro\/v22\/wp-json\/wp\/v2\/comments?post=22702"}],"version-history":[{"count":1,"href":"https:\/\/bafo.ro\/v22\/wp-json\/wp\/v2\/product\/22702\/revisions"}],"predecessor-version":[{"id":22703,"href":"https:\/\/bafo.ro\/v22\/wp-json\/wp\/v2\/product\/22702\/revisions\/22703"}],"wp:featuredmedia":[{"embeddable":true,"href":"https:\/\/bafo.ro\/v22\/wp-json\/wp\/v2\/media\/22704"}],"wp:attachment":[{"href":"https:\/\/bafo.ro\/v22\/wp-json\/wp\/v2\/media?parent=22702"}],"wp:term":[{"taxonomy":"product_brand","embeddable":true,"href":"https:\/\/bafo.ro\/v22\/wp-json\/wp\/v2\/product_brand?post=22702"},{"taxonomy":"product_cat","embeddable":true,"href":"https:\/\/bafo.ro\/v22\/wp-json\/wp\/v2\/product_cat?post=22702"},{"taxonomy":"product_tag","embeddable":true,"href":"https:\/\/bafo.ro\/v22\/wp-json\/wp\/v2\/product_tag?post=22702"}],"curies":[{"name":"wp","href":"https:\/\/api.w.org\/{rel}","templated":true}]}}