{"id":21801,"date":"2024-07-24T07:42:22","date_gmt":"2024-07-24T07:42:22","guid":{"rendered":"https:\/\/bafo.ro\/v22\/product\/casca-bluetooth-blue-star-tws-bk31-negru\/"},"modified":"2025-03-31T17:35:57","modified_gmt":"2025-03-31T17:35:57","slug":"casca-bluetooth-blue-star-tws-bk31-negru","status":"publish","type":"product","link":"https:\/\/bafo.ro\/v22\/product\/casca-bluetooth-blue-star-tws-bk31-negru\/","title":{"rendered":"CASCA BLUETOOTH Blue Star TWS BK31 negru"},"content":{"rendered":"<p id=\"tw-target-text\" class=\"tw-data-text tw-text-large tw-ta\" dir=\"ltr\" data-placeholder=\"Translation\" aria-label=\"Translated text\" data-ved=\"2ahUKEwjmtMXWkr-HAxUhQ_EDHYcCLHEQ3ewLegQIBxAU\"><span class=\"Y2IQFc\" lang=\"ro\">C\u0103\u0219tile f\u0103r\u0103 fir BLUE STAR TWS BK31 sunt o solu\u021bie modern\u0103 pentru iubitorii de muzic\u0103 care apreciaz\u0103 confortul \u0219i calitatea sunetului. Folosesc tehnologia Bluetooth 5.4, asigur\u00e2nd o conexiune stabil\u0103 \u0219i streaming audio fluid cu dispozitive compatibile pe o raz\u0103 de p\u00e2n\u0103 la 12 metri. Diodele LED indic\u0103 nivelul de \u00eenc\u0103rcare al c\u0103\u0219tilor \u0219i al carcasei \u00een sine. C\u0103\u0219tile au baterii \u00eencorporate de 30 mAh care ofer\u0103 p\u00e2n\u0103 la 5 ore de ascultare continu\u0103 a muzicii, iar carcasa cu o baterie suplimentar\u0103 de 300 mAh permite \u00eenc\u0103rcarea comod\u0103 din mers. Timpul de \u00eenc\u0103rcare al c\u0103\u0219tilor este de aproximativ 1,3 ore, ceea ce este extrem de eficient \u0219i v\u0103 permite s\u0103 reveni\u021bi rapid la sunetele preferate. Portul de \u00eenc\u0103rcare USB -C este acum standardul, astfel c\u0103 c\u0103\u0219tile pot fi \u00eenc\u0103rcate folosind majoritatea cablurilor \u0219i \u00eenc\u0103rc\u0103toarelor moderne. Diodele LED indic\u0103 nivelul de \u00eenc\u0103rcare al c\u0103\u0219tilor \u0219i al carcasei \u00een sine. Confortul de purtare este asigurat de c\u0103\u0219ti cu design ergonomic care se adapteaz\u0103 la forma urechii, minimiz\u00e2nd riscul c\u0103derii \u00een timpul mi\u0219c\u0103rii. \u00cen plus, c\u0103\u0219tile sunt certificate IPX4, ceea ce \u00eenseamn\u0103 c\u0103 sunt rezistente la ap\u0103 \u0219i transpira\u021bie, ceea ce este important \u00een timpul antrenamentului \u00een aer liber. Specifica\u021bie: Versiunea Bluetooth: 5.4 Raza de actiune Bluetooth: pana la 12 m Capacitate baterie: 30 mAh (c\u0103\u0219ti), 300 mAh (carcas\u0103) Timp de convorbire: 5 h Timp de redare a muzicii: 4,7 h Timp de \u00eenc\u0103rcare: 1,3 h Nivel de impermeabilitate: IPX4 Port de \u00eenc\u0103rcare: USB -C Con\u021binutul pachetului: &#8211; TWS BLUE STAR BK31 c\u0103\u0219ti &#8211; cablu de \u00eenc\u0103rcare USB -C &#8211; manual de utilizare<\/span><\/p>\n","protected":false},"excerpt":{"rendered":"<p>C\u0103\u0219tile f\u0103r\u0103 fir BLUE STAR TWS BK31 sunt o solu\u021bie modern\u0103 pentru iubitorii de muzic\u0103 care apreciaz\u0103 confortul \u0219i calitatea sunetului. Folosesc tehnologia Bluetooth 5.4, asigur\u00e2nd o conexiune stabil\u0103 \u0219i streaming audio fluid cu dispozitive compatibile pe o raz\u0103 de p\u00e2n\u0103 la 12 metri. Diodele LED indic\u0103 nivelul de \u00eenc\u0103rcare al c\u0103\u0219tilor \u0219i al carcasei \u00een sine. C\u0103\u0219tile au baterii \u00eencorporate de 30 mAh care ofer\u0103 p\u00e2n\u0103 la 5 ore de ascultare continu\u0103 a muzicii, iar carcasa cu o baterie suplimentar\u0103 de 300 mAh permite \u00eenc\u0103rcarea comod\u0103 din mers. Timpul de \u00eenc\u0103rcare al c\u0103\u0219tilor este de aproximativ 1,3 ore, ceea ce este extrem de eficient \u0219i v\u0103 permite s\u0103 reveni\u021bi rapid la sunetele preferate. Portul de \u00eenc\u0103rcare USB -C este acum standardul, astfel c\u0103 c\u0103\u0219tile pot fi \u00eenc\u0103rcate folosind majoritatea cablurilor \u0219i \u00eenc\u0103rc\u0103toarelor moderne. Diodele LED indic\u0103 nivelul de \u00eenc\u0103rcare al c\u0103\u0219tilor \u0219i al carcasei \u00een sine. Confortul de purtare este asigurat de c\u0103\u0219ti cu design ergonomic care se adapteaz\u0103 la forma urechii, minimiz\u00e2nd riscul c\u0103derii \u00een timpul mi\u0219c\u0103rii. \u00cen plus, c\u0103\u0219tile sunt certificate IPX4, ceea ce \u00eenseamn\u0103 c\u0103 sunt rezistente la ap\u0103 \u0219i transpira\u021bie, ceea ce este important \u00een timpul antrenamentului \u00een aer liber. Specifica\u021bie: Versiunea Bluetooth: 5.4 Raza de actiune Bluetooth: pana la 12 m Capacitate baterie: 30 mAh (c\u0103\u0219ti), 300 mAh (carcas\u0103) Timp de convorbire: 5 h Timp de redare a muzicii: 4,7 h Timp de \u00eenc\u0103rcare: 1,3 h Nivel de impermeabilitate: IPX4 Port de \u00eenc\u0103rcare: USB -C Con\u021binutul pachetului: &#8211; TWS BLUE STAR BK31 c\u0103\u0219ti &#8211; cablu de \u00eenc\u0103rcare USB -C &#8211; manual de utilizare<\/p>\n","protected":false},"featured_media":21803,"comment_status":"closed","ping_status":"open","template":"","meta":[],"product_brand":[],"product_cat":[230,233],"product_tag":[],"class_list":{"0":"post-21801","1":"product","2":"type-product","3":"status-publish","4":"has-post-thumbnail","6":"product_cat-casca-audio","7":"product_cat-casca-bluetooth","9":"first","10":"outofstock","11":"shipping-taxable","12":"product-type-simple"},"_links":{"self":[{"href":"https:\/\/bafo.ro\/v22\/wp-json\/wp\/v2\/product\/21801","targetHints":{"allow":["GET"]}}],"collection":[{"href":"https:\/\/bafo.ro\/v22\/wp-json\/wp\/v2\/product"}],"about":[{"href":"https:\/\/bafo.ro\/v22\/wp-json\/wp\/v2\/types\/product"}],"replies":[{"embeddable":true,"href":"https:\/\/bafo.ro\/v22\/wp-json\/wp\/v2\/comments?post=21801"}],"version-history":[{"count":1,"href":"https:\/\/bafo.ro\/v22\/wp-json\/wp\/v2\/product\/21801\/revisions"}],"predecessor-version":[{"id":21802,"href":"https:\/\/bafo.ro\/v22\/wp-json\/wp\/v2\/product\/21801\/revisions\/21802"}],"wp:featuredmedia":[{"embeddable":true,"href":"https:\/\/bafo.ro\/v22\/wp-json\/wp\/v2\/media\/21803"}],"wp:attachment":[{"href":"https:\/\/bafo.ro\/v22\/wp-json\/wp\/v2\/media?parent=21801"}],"wp:term":[{"taxonomy":"product_brand","embeddable":true,"href":"https:\/\/bafo.ro\/v22\/wp-json\/wp\/v2\/product_brand?post=21801"},{"taxonomy":"product_cat","embeddable":true,"href":"https:\/\/bafo.ro\/v22\/wp-json\/wp\/v2\/product_cat?post=21801"},{"taxonomy":"product_tag","embeddable":true,"href":"https:\/\/bafo.ro\/v22\/wp-json\/wp\/v2\/product_tag?post=21801"}],"curies":[{"name":"wp","href":"https:\/\/api.w.org\/{rel}","templated":true}]}}