{"id":21537,"date":"2024-07-03T09:24:25","date_gmt":"2024-07-03T09:24:25","guid":{"rendered":"https:\/\/bafo.ro\/v22\/product\/husa-smart-soft-xiaomi-redmi-13c-4g-mov-deschis\/"},"modified":"2025-03-31T17:34:44","modified_gmt":"2025-03-31T17:34:44","slug":"husa-smart-soft-xiaomi-redmi-13c-4g-mov-deschis","status":"publish","type":"product","link":"https:\/\/bafo.ro\/v22\/product\/husa-smart-soft-xiaomi-redmi-13c-4g-mov-deschis\/","title":{"rendered":"HUSA SMART SOFT Xiaomi Redmi 13C 4G mov deschis"},"content":{"rendered":"<p id=\"tw-target-text\" class=\"tw-data-text tw-text-large tw-ta\" dir=\"ltr\" data-placeholder=\"Translation\" data-ved=\"2ahUKEwiI9a_WvdmBAxXBVvEDHQg5AE4Q3ewLegQIBhAQ\"><span class=\"Y2IQFc\" lang=\"ro\">Husa Smart Soft este un produs care se caracterizeaz\u0103 prin calitate excelent\u0103 \u0219i protec\u021bie perfect\u0103 a telefonului \u00eempotriva deterior\u0103rii. Realizata din plastic placut la atingere, husa ofera nu doar protectie, ci si confort in utilizare. Are un spate \u00eendoit care serve\u0219te drept suport pentru smartphone, ceea ce v\u0103 permite s\u0103 vizualiza\u021bi \u00een mod convenabil con\u021binutul sau videoclipurile. Suprapunerea interioar\u0103 din material TPU durabil \u0219i solid ofer\u0103 protec\u021bie suplimentar\u0103 \u00eempotriva \u0219ocurilor \u0219i c\u0103derilor. \u00cen plus, husa are \u00een interior un buzunar care v\u0103 permite s\u0103 depozita\u021bi carduri de plat\u0103 sau documente, ceea ce o face o solu\u021bie convenabil\u0103 pentru nevoile de zi cu zi. Carcasa este echipata cu o inchidere magnetica care protejeaza suplimentar ecranul telefonului. Partea frontal\u0103 a \u00eenchiderii are un decupaj pentru difuzor, care v\u0103 permite s\u0103 vorbi\u021bi chiar \u0219i cu capacul \u00eenchis, asigur\u00e2nd confort \u0219i func\u021bionalitate. Husa arat\u0103 elegant\u0103 \u0219i ofer\u0103 un plus interesant smartphone-ului, care nu numai c\u0103 \u00eel protejeaz\u0103, dar ofer\u0103 \u0219i stil<\/span><\/p>\n","protected":false},"excerpt":{"rendered":"<p>Husa Smart Soft este un produs care se caracterizeaz\u0103 prin calitate excelent\u0103 \u0219i protec\u021bie perfect\u0103 a telefonului \u00eempotriva deterior\u0103rii. Realizata din plastic placut la atingere, husa ofera nu doar protectie, ci si confort in utilizare. Are un spate \u00eendoit care serve\u0219te drept suport pentru smartphone, ceea ce v\u0103 permite s\u0103 vizualiza\u021bi \u00een mod convenabil con\u021binutul sau videoclipurile. Suprapunerea interioar\u0103 din material TPU durabil \u0219i solid ofer\u0103 protec\u021bie suplimentar\u0103 \u00eempotriva \u0219ocurilor \u0219i c\u0103derilor. \u00cen plus, husa are \u00een interior un buzunar care v\u0103 permite s\u0103 depozita\u021bi carduri de plat\u0103 sau documente, ceea ce o face o solu\u021bie convenabil\u0103 pentru nevoile de zi cu zi. Carcasa este echipata cu o inchidere magnetica care protejeaza suplimentar ecranul telefonului. Partea frontal\u0103 a \u00eenchiderii are un decupaj pentru difuzor, care v\u0103 permite s\u0103 vorbi\u021bi chiar \u0219i cu capacul \u00eenchis, asigur\u00e2nd confort \u0219i func\u021bionalitate. Husa arat\u0103 elegant\u0103 \u0219i ofer\u0103 un plus interesant smartphone-ului, care nu numai c\u0103 \u00eel protejeaz\u0103, dar ofer\u0103 \u0219i stil<\/p>\n","protected":false},"featured_media":21372,"comment_status":"closed","ping_status":"open","template":"","meta":[],"product_brand":[],"product_cat":[559,244],"product_tag":[],"class_list":{"0":"post-21537","1":"product","2":"type-product","3":"status-publish","4":"has-post-thumbnail","6":"product_cat-husa-smart-soft","7":"product_cat-huse","9":"first","10":"instock","11":"shipping-taxable","12":"product-type-simple"},"_links":{"self":[{"href":"https:\/\/bafo.ro\/v22\/wp-json\/wp\/v2\/product\/21537","targetHints":{"allow":["GET"]}}],"collection":[{"href":"https:\/\/bafo.ro\/v22\/wp-json\/wp\/v2\/product"}],"about":[{"href":"https:\/\/bafo.ro\/v22\/wp-json\/wp\/v2\/types\/product"}],"replies":[{"embeddable":true,"href":"https:\/\/bafo.ro\/v22\/wp-json\/wp\/v2\/comments?post=21537"}],"version-history":[{"count":1,"href":"https:\/\/bafo.ro\/v22\/wp-json\/wp\/v2\/product\/21537\/revisions"}],"predecessor-version":[{"id":21538,"href":"https:\/\/bafo.ro\/v22\/wp-json\/wp\/v2\/product\/21537\/revisions\/21538"}],"wp:featuredmedia":[{"embeddable":true,"href":"https:\/\/bafo.ro\/v22\/wp-json\/wp\/v2\/media\/21372"}],"wp:attachment":[{"href":"https:\/\/bafo.ro\/v22\/wp-json\/wp\/v2\/media?parent=21537"}],"wp:term":[{"taxonomy":"product_brand","embeddable":true,"href":"https:\/\/bafo.ro\/v22\/wp-json\/wp\/v2\/product_brand?post=21537"},{"taxonomy":"product_cat","embeddable":true,"href":"https:\/\/bafo.ro\/v22\/wp-json\/wp\/v2\/product_cat?post=21537"},{"taxonomy":"product_tag","embeddable":true,"href":"https:\/\/bafo.ro\/v22\/wp-json\/wp\/v2\/product_tag?post=21537"}],"curies":[{"name":"wp","href":"https:\/\/api.w.org\/{rel}","templated":true}]}}