{"id":21245,"date":"2024-05-29T09:47:08","date_gmt":"2024-05-29T09:47:08","guid":{"rendered":"https:\/\/bafo.ro\/v22\/product\/adaptor-auto-xo-cc57-pd-25w-1xusb-c-negru\/"},"modified":"2025-03-31T17:33:22","modified_gmt":"2025-03-31T17:33:22","slug":"adaptor-auto-xo-cc57-pd-25w-1xusb-c-negru","status":"publish","type":"product","link":"https:\/\/bafo.ro\/v22\/product\/adaptor-auto-xo-cc57-pd-25w-1xusb-c-negru\/","title":{"rendered":"ADAPTOR AUTO XO CC57 PD 25W 1XUSB-C negru"},"content":{"rendered":"<p id=\"tw-target-text\" class=\"tw-data-text tw-text-large tw-ta\" dir=\"ltr\" data-placeholder=\"Translation\" aria-label=\"Translated text\" data-ved=\"2ahUKEwiHnaPtx7KGAxXYefEDHfHKCRwQ3ewLegQIBRAU\"><span class=\"Y2IQFc\" lang=\"ro\">Adaptor auto XO CC57 PD 25W 1x USB-C negru <\/span><\/p>\n<p class=\"tw-data-text tw-text-large tw-ta\" dir=\"ltr\" data-placeholder=\"Translation\" aria-label=\"Translated text\" data-ved=\"2ahUKEwiHnaPtx7KGAxXYefEDHfHKCRwQ3ewLegQIBRAU\"><span class=\"Y2IQFc\" lang=\"ro\">XO CC57 este un \u00eenc\u0103rc\u0103tor auto cu o singur\u0103 priz\u0103 USB-C PD de 25W la care po\u021bi conecta un cablu adecvat pentru \u00eenc\u0103rcarea dispozitivelor mobile. Datorita dimensiunilor reduse ale incarcatorului, dispozitivul ocupa putin spatiu. Cu \u00eenc\u0103rc\u0103torul auto XO nu mai trebuie s\u0103 v\u0103 face\u021bi griji pentru un telefon sau tablet\u0103 desc\u0103rcat \u00een ma\u0219in\u0103. Dotat cu putere mare, v\u0103 va permite s\u0103 \u00eenc\u0103rca\u021bi dou\u0103 dispozitive \u00een acela\u0219i timp.<\/span><\/p>\n","protected":false},"excerpt":{"rendered":"<p>Adaptor auto XO CC57 PD 25W 1x USB-C negru XO CC57 este un \u00eenc\u0103rc\u0103tor auto cu o singur\u0103 priz\u0103 USB-C PD de 25W la care po\u021bi conecta un cablu adecvat pentru \u00eenc\u0103rcarea dispozitivelor mobile. Datorita dimensiunilor reduse ale incarcatorului, dispozitivul ocupa putin spatiu. Cu \u00eenc\u0103rc\u0103torul auto XO nu mai trebuie s\u0103 v\u0103 face\u021bi griji pentru un telefon sau tablet\u0103 desc\u0103rcat \u00een ma\u0219in\u0103. Dotat cu putere mare, v\u0103 va permite s\u0103 \u00eenc\u0103rca\u021bi dou\u0103 dispozitive \u00een acela\u0219i timp.<\/p>\n","protected":false},"featured_media":21247,"comment_status":"closed","ping_status":"open","template":"","meta":[],"product_brand":[],"product_cat":[90,131,105],"product_tag":[],"class_list":{"0":"post-21245","1":"product","2":"type-product","3":"status-publish","4":"has-post-thumbnail","6":"product_cat-accesorii-auto","7":"product_cat-adaptor-auto","8":"product_cat-incarcator-auto","10":"first","11":"outofstock","12":"shipping-taxable","13":"product-type-simple"},"_links":{"self":[{"href":"https:\/\/bafo.ro\/v22\/wp-json\/wp\/v2\/product\/21245","targetHints":{"allow":["GET"]}}],"collection":[{"href":"https:\/\/bafo.ro\/v22\/wp-json\/wp\/v2\/product"}],"about":[{"href":"https:\/\/bafo.ro\/v22\/wp-json\/wp\/v2\/types\/product"}],"replies":[{"embeddable":true,"href":"https:\/\/bafo.ro\/v22\/wp-json\/wp\/v2\/comments?post=21245"}],"version-history":[{"count":1,"href":"https:\/\/bafo.ro\/v22\/wp-json\/wp\/v2\/product\/21245\/revisions"}],"predecessor-version":[{"id":21246,"href":"https:\/\/bafo.ro\/v22\/wp-json\/wp\/v2\/product\/21245\/revisions\/21246"}],"wp:featuredmedia":[{"embeddable":true,"href":"https:\/\/bafo.ro\/v22\/wp-json\/wp\/v2\/media\/21247"}],"wp:attachment":[{"href":"https:\/\/bafo.ro\/v22\/wp-json\/wp\/v2\/media?parent=21245"}],"wp:term":[{"taxonomy":"product_brand","embeddable":true,"href":"https:\/\/bafo.ro\/v22\/wp-json\/wp\/v2\/product_brand?post=21245"},{"taxonomy":"product_cat","embeddable":true,"href":"https:\/\/bafo.ro\/v22\/wp-json\/wp\/v2\/product_cat?post=21245"},{"taxonomy":"product_tag","embeddable":true,"href":"https:\/\/bafo.ro\/v22\/wp-json\/wp\/v2\/product_tag?post=21245"}],"curies":[{"name":"wp","href":"https:\/\/api.w.org\/{rel}","templated":true}]}}