{"id":20894,"date":"2024-05-21T06:27:02","date_gmt":"2024-05-21T06:27:02","guid":{"rendered":"https:\/\/bafo.ro\/v22\/product\/folie-protectie-forcell-nano-flexible\/"},"modified":"2025-03-31T17:31:31","modified_gmt":"2025-03-31T17:31:31","slug":"folie-protectie-forcell-nano-flexible","status":"publish","type":"product","link":"https:\/\/bafo.ro\/v22\/product\/folie-protectie-forcell-nano-flexible\/","title":{"rendered":"FOLIE PROTECTIE FORCELL NANO Flexible Samsung Galaxy S24 Ultra"},"content":{"rendered":"<p id=\"tw-target-text\" class=\"tw-data-text tw-text-large tw-ta\" dir=\"ltr\" data-placeholder=\"Translation\" aria-label=\"Translated text\" data-ved=\"2ahUKEwjQtP3TiJ6GAxVVBNsEHTCXB4oQ3ewLegQIBRAU\"><span class=\"Y2IQFc\" lang=\"ro\">Sticl\u0103 adaptat\u0103 modelului t\u0103u de smartphone . Decupajele precise ofer\u0103 acces gratuit la difuzor, microfon sau butoane, \u00een func\u021bie de designul telefonului. \u00cen cazul modelelor cu cititor de amprent\u0103, sticla func\u021bioneaz\u0103 perfect, asigur\u00e2nd o func\u021bionare lin\u0103.<\/span><\/p>\n<p class=\"tw-data-text tw-text-large tw-ta\" dir=\"ltr\" data-placeholder=\"Translation\" aria-label=\"Translated text\" data-ved=\"2ahUKEwjQtP3TiJ6GAxVVBNsEHTCXB4oQ3ewLegQIBRAU\"><span class=\"Y2IQFc\" lang=\"ro\">Designul flexibil asigur\u0103 o instalare u\u0219oar\u0103; <\/span><\/p>\n<p class=\"tw-data-text tw-text-large tw-ta\" dir=\"ltr\" data-placeholder=\"Translation\" aria-label=\"Translated text\" data-ved=\"2ahUKEwjQtP3TiJ6GAxVVBNsEHTCXB4oQ3ewLegQIBRAU\"><span class=\"Y2IQFc\" lang=\"ro\">Instalarea sticlei Forcell Flexible este extrem de simpl\u0103 &#8211; un utilizator mediu o poate face cu succes. Ad\u0103ugarea de folie PET face sticla u\u0219or de \u00eendoit \u0219i poate fi ajustat\u0103 liber pe suprafa\u021ba ecranului. V\u0103 \u00eencuraj\u0103m s\u0103 urm\u0103ri\u021bi videoclipul, care arat\u0103 \u00een detaliu cum s\u0103 instala\u021bi sticla. <\/span><\/p>\n<p class=\"tw-data-text tw-text-large tw-ta\" dir=\"ltr\" data-placeholder=\"Translation\" aria-label=\"Translated text\" data-ved=\"2ahUKEwjQtP3TiJ6GAxVVBNsEHTCXB4oQ3ewLegQIBRAU\"><span class=\"Y2IQFc\" lang=\"ro\">Certificat PZH, adic\u0103 un produs sigur pentru s\u0103n\u0103tate \u0219i mediu Ochelarii Forcell Flexible au un certificat de igien\u0103 de la Institutul Na\u021bional de Igien\u0103 din Polonia ( PZH ). \u00cen practic\u0103, asta \u00eenseamn\u0103 c\u0103 po\u021bi fi sigur c\u0103 produsul pe care \u00eel folose\u0219ti este complet sigur nu numai pentru corpul t\u0103u, ci \u0219i pentru mediul natural. Certificatul poate fi desc\u0103rcat pe cardul produsului. <\/span><\/p>\n<p class=\"tw-data-text tw-text-large tw-ta\" dir=\"ltr\" data-placeholder=\"Translation\" aria-label=\"Translated text\" data-ved=\"2ahUKEwjQtP3TiJ6GAxVVBNsEHTCXB4oQ3ewLegQIBRAU\"><span class=\"Y2IQFc\" lang=\"ro\"><em>Specifica\u021bie<\/em>: <\/span><\/p>\n<p class=\"tw-data-text tw-text-large tw-ta\" dir=\"ltr\" data-placeholder=\"Translation\" aria-label=\"Translated text\" data-ved=\"2ahUKEwjQtP3TiJ6GAxVVBNsEHTCXB4oQ3ewLegQIBRAU\"><span class=\"Y2IQFc\" lang=\"ro\">Material: sticla securizata 9H + PET folie<\/span><\/p>\n<p class=\"tw-data-text tw-text-large tw-ta\" dir=\"ltr\" data-placeholder=\"Translation\" aria-label=\"Translated text\" data-ved=\"2ahUKEwjQtP3TiJ6GAxVVBNsEHTCXB4oQ3ewLegQIBRAU\"><span class=\"Y2IQFc\" lang=\"ro\">Nivel de acoperire a ecranului: acoper\u0103 \u00eentregul ecran <\/span><\/p>\n<p class=\"tw-data-text tw-text-large tw-ta\" dir=\"ltr\" data-placeholder=\"Translation\" aria-label=\"Translated text\" data-ved=\"2ahUKEwjQtP3TiJ6GAxVVBNsEHTCXB4oQ3ewLegQIBRAU\"><span class=\"Y2IQFc\" lang=\"ro\">Lipici: Pe toata suprafata <\/span><\/p>\n<p class=\"tw-data-text tw-text-large tw-ta\" dir=\"ltr\" data-placeholder=\"Translation\" aria-label=\"Translated text\" data-ved=\"2ahUKEwjQtP3TiJ6GAxVVBNsEHTCXB4oQ3ewLegQIBRAU\"><span class=\"Y2IQFc\" lang=\"ro\">Grosime: 0,30 mm <\/span><\/p>\n<p class=\"tw-data-text tw-text-large tw-ta\" dir=\"ltr\" data-placeholder=\"Translation\" aria-label=\"Translated text\" data-ved=\"2ahUKEwjQtP3TiJ6GAxVVBNsEHTCXB4oQ3ewLegQIBRAU\"><span class=\"Y2IQFc\" lang=\"ro\">Aspect: transparent<\/span><\/p>\n<p class=\"tw-data-text tw-text-large tw-ta\" dir=\"ltr\" data-placeholder=\"Translation\" aria-label=\"Translated text\" data-ved=\"2ahUKEwjQtP3TiJ6GAxVVBNsEHTCXB4oQ3ewLegQIBRAU\"><span class=\"Y2IQFc\" lang=\"ro\">Acoperire oleofob\u0103: da <\/span><\/p>\n<p class=\"tw-data-text tw-text-large tw-ta\" dir=\"ltr\" data-placeholder=\"Translation\" aria-label=\"Translated text\" data-ved=\"2ahUKEwjQtP3TiJ6GAxVVBNsEHTCXB4oQ3ewLegQIBRAU\"><span class=\"Y2IQFc\" lang=\"ro\">Certificate: Biomaster, PZH Inclus: &#8211; sticla hibrida &#8211; material ud &#8211; c\u00e2rp\u0103 uscat\u0103 &#8211; autocolante anti-praf &#8211; p\u00e2nz\u0103 cu strat Nano Coating<\/span><\/p>\n","protected":false},"excerpt":{"rendered":"<p>Sticl\u0103 adaptat\u0103 modelului t\u0103u de smartphone . Decupajele precise ofer\u0103 acces gratuit la difuzor, microfon sau butoane, \u00een func\u021bie de designul telefonului. \u00cen cazul modelelor cu cititor de amprent\u0103, sticla func\u021bioneaz\u0103 perfect, asigur\u00e2nd o func\u021bionare lin\u0103. Designul flexibil asigur\u0103 o instalare u\u0219oar\u0103; Instalarea sticlei Forcell Flexible este extrem de simpl\u0103 &#8211; un utilizator mediu o poate face cu succes. Ad\u0103ugarea de folie PET face sticla u\u0219or de \u00eendoit \u0219i poate fi ajustat\u0103 liber pe suprafa\u021ba ecranului. V\u0103 \u00eencuraj\u0103m s\u0103 urm\u0103ri\u021bi videoclipul, care arat\u0103 \u00een detaliu cum s\u0103 instala\u021bi sticla. Certificat PZH, adic\u0103 un produs sigur pentru s\u0103n\u0103tate \u0219i mediu Ochelarii Forcell Flexible au un certificat de igien\u0103 de la Institutul Na\u021bional de Igien\u0103 din Polonia ( PZH ). \u00cen practic\u0103, asta \u00eenseamn\u0103 c\u0103 po\u021bi fi sigur c\u0103 produsul pe care \u00eel folose\u0219ti este complet sigur nu numai pentru corpul t\u0103u, ci \u0219i pentru mediul natural. Certificatul poate fi desc\u0103rcat pe cardul produsului. Specifica\u021bie: Material: sticla securizata 9H + PET folie Nivel de acoperire a ecranului: acoper\u0103 \u00eentregul ecran Lipici: Pe toata suprafata Grosime: 0,30 mm Aspect: transparent Acoperire oleofob\u0103: da Certificate: Biomaster, PZH Inclus: &#8211; sticla hibrida &#8211; material ud &#8211; c\u00e2rp\u0103 uscat\u0103 &#8211; autocolante anti-praf &#8211; p\u00e2nz\u0103 cu strat Nano Coating<\/p>\n","protected":false},"featured_media":20896,"comment_status":"closed","ping_status":"open","template":"","meta":[],"product_brand":[],"product_cat":[247],"product_tag":[],"class_list":{"0":"post-20894","1":"product","2":"type-product","3":"status-publish","4":"has-post-thumbnail","6":"product_cat-sticle-protectie","8":"first","9":"instock","10":"shipping-taxable","11":"product-type-simple"},"_links":{"self":[{"href":"https:\/\/bafo.ro\/v22\/wp-json\/wp\/v2\/product\/20894","targetHints":{"allow":["GET"]}}],"collection":[{"href":"https:\/\/bafo.ro\/v22\/wp-json\/wp\/v2\/product"}],"about":[{"href":"https:\/\/bafo.ro\/v22\/wp-json\/wp\/v2\/types\/product"}],"replies":[{"embeddable":true,"href":"https:\/\/bafo.ro\/v22\/wp-json\/wp\/v2\/comments?post=20894"}],"version-history":[{"count":1,"href":"https:\/\/bafo.ro\/v22\/wp-json\/wp\/v2\/product\/20894\/revisions"}],"predecessor-version":[{"id":20895,"href":"https:\/\/bafo.ro\/v22\/wp-json\/wp\/v2\/product\/20894\/revisions\/20895"}],"wp:featuredmedia":[{"embeddable":true,"href":"https:\/\/bafo.ro\/v22\/wp-json\/wp\/v2\/media\/20896"}],"wp:attachment":[{"href":"https:\/\/bafo.ro\/v22\/wp-json\/wp\/v2\/media?parent=20894"}],"wp:term":[{"taxonomy":"product_brand","embeddable":true,"href":"https:\/\/bafo.ro\/v22\/wp-json\/wp\/v2\/product_brand?post=20894"},{"taxonomy":"product_cat","embeddable":true,"href":"https:\/\/bafo.ro\/v22\/wp-json\/wp\/v2\/product_cat?post=20894"},{"taxonomy":"product_tag","embeddable":true,"href":"https:\/\/bafo.ro\/v22\/wp-json\/wp\/v2\/product_tag?post=20894"}],"curies":[{"name":"wp","href":"https:\/\/api.w.org\/{rel}","templated":true}]}}