{"id":19494,"date":"2024-02-07T11:20:22","date_gmt":"2024-02-07T11:20:22","guid":{"rendered":"https:\/\/bafo.ro\/v22\/product\/suport-auto-hoco-ca104-negru\/"},"modified":"2025-03-31T17:25:22","modified_gmt":"2025-03-31T17:25:22","slug":"suport-auto-hoco-ca104-negru","status":"publish","type":"product","link":"https:\/\/bafo.ro\/v22\/product\/suport-auto-hoco-ca104-negru\/","title":{"rendered":"SUPORT AUTO HOCO CA104 negru"},"content":{"rendered":"<p id=\"tw-target-text\" class=\"tw-data-text tw-text-large tw-ta\" dir=\"ltr\" data-placeholder=\"Translation\" data-ved=\"2ahUKEwjvlszf3JiEAxWsbPEDHbP7Dr4Q3ewLegQIBRAU\"><span class=\"Y2IQFc\" lang=\"ro\">Suport auto universal montat pe bord sau pe geam. Un bra\u021b reglabil cu cap mobil cu o gam\u0103 de mi\u0219care de 360\u00b0 v\u0103 permite s\u0103 ajusta\u021bi perfect pozi\u021bia dispozitivului la nevoile dvs., pe vertical\u0103 sau pe orizontal\u0103. Un bra\u021b retractabil, reglabil, cu cap mobil, v\u0103 permite s\u0103 pozi\u021biona\u021bi accesoriul \u0219i dispozitivul montat \u00een el dup\u0103 preferin\u021be, pe vertical\u0103 sau pe orizontal\u0103 &#8211; pentru a nu bloca vizibilitatea \u0219i a putea folosi naviga\u021bia confortabil. Montarea cu ventuz\u0103 v\u0103 permite s\u0103 ata\u0219a\u021bi suportul pe plan\u0219a de bord sau pe parbriz. Inser\u021biile speciale de pe terminale protejeaz\u0103 dispozitivul \u00eempotriva zg\u00e2rieturilor \u00een timpul c\u0103l\u0103toriei. <\/span><\/p>\n<p class=\"tw-data-text tw-text-large tw-ta\" dir=\"ltr\" data-placeholder=\"Translation\" data-ved=\"2ahUKEwjvlszf3JiEAxWsbPEDHbP7Dr4Q3ewLegQIBRAU\"><span class=\"Y2IQFc\" lang=\"ro\">Specifica\u021bie: <\/span><\/p>\n<p class=\"tw-data-text tw-text-large tw-ta\" dir=\"ltr\" data-placeholder=\"Translation\" data-ved=\"2ahUKEwjvlszf3JiEAxWsbPEDHbP7Dr4Q3ewLegQIBRAU\"><span class=\"Y2IQFc\" lang=\"ro\">Loca\u021bie de montare: parbriz\/cockpit <\/span><\/p>\n<p class=\"tw-data-text tw-text-large tw-ta\" dir=\"ltr\" data-placeholder=\"Translation\" data-ved=\"2ahUKEwjvlszf3JiEAxWsbPEDHbP7Dr4Q3ewLegQIBRAU\"><span class=\"Y2IQFc\" lang=\"ro\">Montare telefon: gravita\u021bie<\/span><\/p>\n<p class=\"tw-data-text tw-text-large tw-ta\" dir=\"ltr\" data-placeholder=\"Translation\" data-ved=\"2ahUKEwjvlszf3JiEAxWsbPEDHbP7Dr4Q3ewLegQIBRAU\"><span class=\"Y2IQFc\" lang=\"ro\">Material: ABS + silicon<\/span><\/p>\n<p class=\"tw-data-text tw-text-large tw-ta\" dir=\"ltr\" data-placeholder=\"Translation\" data-ved=\"2ahUKEwjvlszf3JiEAxWsbPEDHbP7Dr4Q3ewLegQIBRAU\"><span class=\"Y2IQFc\" lang=\"ro\">Dimensiune: 100 \u00d7 95 \u00d7 170 mm <\/span><\/p>\n<p class=\"tw-data-text tw-text-large tw-ta\" dir=\"ltr\" data-placeholder=\"Translation\" data-ved=\"2ahUKEwjvlszf3JiEAxWsbPEDHbP7Dr4Q3ewLegQIBRAU\"><span class=\"Y2IQFc\" lang=\"ro\">Greutate: 151 g <\/span><\/p>\n<p class=\"tw-data-text tw-text-large tw-ta\" dir=\"ltr\" data-placeholder=\"Translation\" data-ved=\"2ahUKEwjvlszf3JiEAxWsbPEDHbP7Dr4Q3ewLegQIBRAU\"><span class=\"Y2IQFc\" lang=\"ro\">Distan\u021ba dintre bra\u021be: 60-85 mm <\/span><\/p>\n<p class=\"tw-data-text tw-text-large tw-ta\" dir=\"ltr\" data-placeholder=\"Translation\" data-ved=\"2ahUKEwjvlszf3JiEAxWsbPEDHbP7Dr4Q3ewLegQIBRAU\"><span class=\"Y2IQFc\" lang=\"ro\">Potrivit pentru: telefoane de 4,5-7 inchi<\/span><\/p>\n","protected":false},"excerpt":{"rendered":"<p>Suport auto universal montat pe bord sau pe geam. Un bra\u021b reglabil cu cap mobil cu o gam\u0103 de mi\u0219care de 360\u00b0 v\u0103 permite s\u0103 ajusta\u021bi perfect pozi\u021bia dispozitivului la nevoile dvs., pe vertical\u0103 sau pe orizontal\u0103. Un bra\u021b retractabil, reglabil, cu cap mobil, v\u0103 permite s\u0103 pozi\u021biona\u021bi accesoriul \u0219i dispozitivul montat \u00een el dup\u0103 preferin\u021be, pe vertical\u0103 sau pe orizontal\u0103 &#8211; pentru a nu bloca vizibilitatea \u0219i a putea folosi naviga\u021bia confortabil. Montarea cu ventuz\u0103 v\u0103 permite s\u0103 ata\u0219a\u021bi suportul pe plan\u0219a de bord sau pe parbriz. Inser\u021biile speciale de pe terminale protejeaz\u0103 dispozitivul \u00eempotriva zg\u00e2rieturilor \u00een timpul c\u0103l\u0103toriei. Specifica\u021bie: Loca\u021bie de montare: parbriz\/cockpit Montare telefon: gravita\u021bie Material: ABS + silicon Dimensiune: 100 \u00d7 95 \u00d7 170 mm Greutate: 151 g Distan\u021ba dintre bra\u021be: 60-85 mm Potrivit pentru: telefoane de 4,5-7 inchi<\/p>\n","protected":false},"featured_media":19496,"comment_status":"closed","ping_status":"open","template":"","meta":[],"product_brand":[],"product_cat":[90,91],"product_tag":[],"class_list":{"0":"post-19494","1":"product","2":"type-product","3":"status-publish","4":"has-post-thumbnail","6":"product_cat-accesorii-auto","7":"product_cat-suport-auto","9":"first","10":"outofstock","11":"shipping-taxable","12":"product-type-simple"},"_links":{"self":[{"href":"https:\/\/bafo.ro\/v22\/wp-json\/wp\/v2\/product\/19494","targetHints":{"allow":["GET"]}}],"collection":[{"href":"https:\/\/bafo.ro\/v22\/wp-json\/wp\/v2\/product"}],"about":[{"href":"https:\/\/bafo.ro\/v22\/wp-json\/wp\/v2\/types\/product"}],"replies":[{"embeddable":true,"href":"https:\/\/bafo.ro\/v22\/wp-json\/wp\/v2\/comments?post=19494"}],"version-history":[{"count":1,"href":"https:\/\/bafo.ro\/v22\/wp-json\/wp\/v2\/product\/19494\/revisions"}],"predecessor-version":[{"id":19495,"href":"https:\/\/bafo.ro\/v22\/wp-json\/wp\/v2\/product\/19494\/revisions\/19495"}],"wp:featuredmedia":[{"embeddable":true,"href":"https:\/\/bafo.ro\/v22\/wp-json\/wp\/v2\/media\/19496"}],"wp:attachment":[{"href":"https:\/\/bafo.ro\/v22\/wp-json\/wp\/v2\/media?parent=19494"}],"wp:term":[{"taxonomy":"product_brand","embeddable":true,"href":"https:\/\/bafo.ro\/v22\/wp-json\/wp\/v2\/product_brand?post=19494"},{"taxonomy":"product_cat","embeddable":true,"href":"https:\/\/bafo.ro\/v22\/wp-json\/wp\/v2\/product_cat?post=19494"},{"taxonomy":"product_tag","embeddable":true,"href":"https:\/\/bafo.ro\/v22\/wp-json\/wp\/v2\/product_tag?post=19494"}],"curies":[{"name":"wp","href":"https:\/\/api.w.org\/{rel}","templated":true}]}}