{"id":19186,"date":"2024-01-30T10:00:05","date_gmt":"2024-01-30T10:00:05","guid":{"rendered":"https:\/\/bafo.ro\/v22\/product\/suport-auto-hoco-ca116-negru\/"},"modified":"2025-03-31T17:23:59","modified_gmt":"2025-03-31T17:23:59","slug":"suport-auto-hoco-ca116-negru","status":"publish","type":"product","link":"https:\/\/bafo.ro\/v22\/product\/suport-auto-hoco-ca116-negru\/","title":{"rendered":"SUPORT AUTO HOCO CA116 negru"},"content":{"rendered":"<p id=\"tw-target-text\" class=\"tw-data-text tw-text-large tw-ta\" dir=\"ltr\" data-placeholder=\"Translation\" data-ved=\"2ahUKEwjC1e7l0oSEAxVabPEDHSF-BG8Q3ewLegQIBRAQ\"><span class=\"Y2IQFc\" lang=\"ro\">Suport auto magnetic compact HOCO montat pe bord sau pe parbriz. Capul reglabil v\u0103 permite s\u0103 ajusta\u021bi pozi\u021bia telefonului la nevoile dumneavoastr\u0103 individuale. Suportul are un cap reglabil care v\u0103 permite s\u0103 seta\u021bi unghiul optim al telefonului. O ventuz\u0103 puternic\u0103 care poate fi lipit\u0103 de bord sau de parbriz asigur\u0103 montarea stabil\u0103 a suportului. Specifica\u021bie: Material: ABS + TPU Dimensiune: 68 * 160 * 115 mm Greutate: 155 g<\/span><\/p>\n","protected":false},"excerpt":{"rendered":"<p>Suport auto magnetic compact HOCO montat pe bord sau pe parbriz. Capul reglabil v\u0103 permite s\u0103 ajusta\u021bi pozi\u021bia telefonului la nevoile dumneavoastr\u0103 individuale. Suportul are un cap reglabil care v\u0103 permite s\u0103 seta\u021bi unghiul optim al telefonului. O ventuz\u0103 puternic\u0103 care poate fi lipit\u0103 de bord sau de parbriz asigur\u0103 montarea stabil\u0103 a suportului. Specifica\u021bie: Material: ABS + TPU Dimensiune: 68 * 160 * 115 mm Greutate: 155 g<\/p>\n","protected":false},"featured_media":19188,"comment_status":"closed","ping_status":"open","template":"","meta":[],"product_brand":[],"product_cat":[90,91],"product_tag":[],"class_list":{"0":"post-19186","1":"product","2":"type-product","3":"status-publish","4":"has-post-thumbnail","6":"product_cat-accesorii-auto","7":"product_cat-suport-auto","9":"first","10":"outofstock","11":"shipping-taxable","12":"product-type-simple"},"_links":{"self":[{"href":"https:\/\/bafo.ro\/v22\/wp-json\/wp\/v2\/product\/19186","targetHints":{"allow":["GET"]}}],"collection":[{"href":"https:\/\/bafo.ro\/v22\/wp-json\/wp\/v2\/product"}],"about":[{"href":"https:\/\/bafo.ro\/v22\/wp-json\/wp\/v2\/types\/product"}],"replies":[{"embeddable":true,"href":"https:\/\/bafo.ro\/v22\/wp-json\/wp\/v2\/comments?post=19186"}],"version-history":[{"count":1,"href":"https:\/\/bafo.ro\/v22\/wp-json\/wp\/v2\/product\/19186\/revisions"}],"predecessor-version":[{"id":19187,"href":"https:\/\/bafo.ro\/v22\/wp-json\/wp\/v2\/product\/19186\/revisions\/19187"}],"wp:featuredmedia":[{"embeddable":true,"href":"https:\/\/bafo.ro\/v22\/wp-json\/wp\/v2\/media\/19188"}],"wp:attachment":[{"href":"https:\/\/bafo.ro\/v22\/wp-json\/wp\/v2\/media?parent=19186"}],"wp:term":[{"taxonomy":"product_brand","embeddable":true,"href":"https:\/\/bafo.ro\/v22\/wp-json\/wp\/v2\/product_brand?post=19186"},{"taxonomy":"product_cat","embeddable":true,"href":"https:\/\/bafo.ro\/v22\/wp-json\/wp\/v2\/product_cat?post=19186"},{"taxonomy":"product_tag","embeddable":true,"href":"https:\/\/bafo.ro\/v22\/wp-json\/wp\/v2\/product_tag?post=19186"}],"curies":[{"name":"wp","href":"https:\/\/api.w.org\/{rel}","templated":true}]}}