{"id":19176,"date":"2024-01-30T09:50:26","date_gmt":"2024-01-30T09:50:26","guid":{"rendered":"https:\/\/bafo.ro\/v22\/product\/suport-auto-hoco-h32-negru\/"},"modified":"2025-03-31T17:23:57","modified_gmt":"2025-03-31T17:23:57","slug":"suport-auto-hoco-h32-negru","status":"publish","type":"product","link":"https:\/\/bafo.ro\/v22\/product\/suport-auto-hoco-h32-negru\/","title":{"rendered":"SUPORT AUTO HOCO H32 negru"},"content":{"rendered":"<p id=\"tw-target-text\" class=\"tw-data-text tw-text-large tw-ta\" dir=\"ltr\" data-placeholder=\"Translation\" data-ved=\"2ahUKEwjC1e7l0oSEAxVabPEDHSF-BG8Q3ewLegQIBRAQ\"><span class=\"Y2IQFc\" lang=\"ro\">Suport auto magnetic Hoco conceput pentru montare pe grila. V\u0103 permite s\u0103 utiliza\u021bi \u00een siguran\u021b\u0103 smartphone-ul \u00een timp ce conduce\u021bi. Universal: trebuie doar s\u0103 instala\u021bi o plac\u0103 sub\u021bire \u00eentre telefon \u0219i carcasa telefonului pentru a utiliza produsul. For\u021ba magnetic\u0103 mare asigur\u0103 o prindere puternic\u0103, \u00eempiedic\u00e2nd c\u0103derea dispozitivului. Dimensiunea mic\u0103 nu blocheaz\u0103 vizibilitatea \u0219i \u00eenseamn\u0103 c\u0103 produsul nu ocup\u0103 mult spa\u021biu. <\/span><\/p>\n<p class=\"tw-data-text tw-text-large tw-ta\" dir=\"ltr\" data-placeholder=\"Translation\" data-ved=\"2ahUKEwjC1e7l0oSEAxVabPEDHSF-BG8Q3ewLegQIBRAQ\"><em><span class=\"Y2IQFc\" lang=\"ro\">Specifica\u021bie: <\/span><\/em><\/p>\n<p class=\"tw-data-text tw-text-large tw-ta\" dir=\"ltr\" data-placeholder=\"Translation\" data-ved=\"2ahUKEwjC1e7l0oSEAxVabPEDHSF-BG8Q3ewLegQIBRAQ\"><span class=\"Y2IQFc\" lang=\"ro\">Locul de montare: grila de admisie <\/span><\/p>\n<p class=\"tw-data-text tw-text-large tw-ta\" dir=\"ltr\" data-placeholder=\"Translation\" data-ved=\"2ahUKEwjC1e7l0oSEAxVabPEDHSF-BG8Q3ewLegQIBRAQ\"><span class=\"Y2IQFc\" lang=\"ro\">Metoda de montare a telefonului: magnetic <\/span><\/p>\n<p class=\"tw-data-text tw-text-large tw-ta\" dir=\"ltr\" data-placeholder=\"Translation\" data-ved=\"2ahUKEwjC1e7l0oSEAxVabPEDHSF-BG8Q3ewLegQIBRAQ\"><span class=\"Y2IQFc\" lang=\"ro\">Compatibilitate: telefoane mobile de 4,7-7&#8243;. <\/span><\/p>\n<p class=\"tw-data-text tw-text-large tw-ta\" dir=\"ltr\" data-placeholder=\"Translation\" data-ved=\"2ahUKEwjC1e7l0oSEAxVabPEDHSF-BG8Q3ewLegQIBRAQ\"><span class=\"Y2IQFc\" lang=\"ro\">Material: ABS + silicon<\/span><\/p>\n<p class=\"tw-data-text tw-text-large tw-ta\" dir=\"ltr\" data-placeholder=\"Translation\" data-ved=\"2ahUKEwjC1e7l0oSEAxVabPEDHSF-BG8Q3ewLegQIBRAQ\"><span class=\"Y2IQFc\" lang=\"ro\">Dimensiune: 94 \u00d7 45 \u00d7 60 mm <\/span><\/p>\n<p class=\"tw-data-text tw-text-large tw-ta\" dir=\"ltr\" data-placeholder=\"Translation\" data-ved=\"2ahUKEwjC1e7l0oSEAxVabPEDHSF-BG8Q3ewLegQIBRAQ\"><span class=\"Y2IQFc\" lang=\"ro\">Greutate: 75 g<\/span><\/p>\n","protected":false},"excerpt":{"rendered":"<p>Suport auto magnetic Hoco conceput pentru montare pe grila. V\u0103 permite s\u0103 utiliza\u021bi \u00een siguran\u021b\u0103 smartphone-ul \u00een timp ce conduce\u021bi. Universal: trebuie doar s\u0103 instala\u021bi o plac\u0103 sub\u021bire \u00eentre telefon \u0219i carcasa telefonului pentru a utiliza produsul. For\u021ba magnetic\u0103 mare asigur\u0103 o prindere puternic\u0103, \u00eempiedic\u00e2nd c\u0103derea dispozitivului. Dimensiunea mic\u0103 nu blocheaz\u0103 vizibilitatea \u0219i \u00eenseamn\u0103 c\u0103 produsul nu ocup\u0103 mult spa\u021biu. Specifica\u021bie: Locul de montare: grila de admisie Metoda de montare a telefonului: magnetic Compatibilitate: telefoane mobile de 4,7-7&#8243;. Material: ABS + silicon Dimensiune: 94 \u00d7 45 \u00d7 60 mm Greutate: 75 g<\/p>\n","protected":false},"featured_media":19178,"comment_status":"closed","ping_status":"open","template":"","meta":[],"product_brand":[],"product_cat":[90,91],"product_tag":[],"class_list":{"0":"post-19176","1":"product","2":"type-product","3":"status-publish","4":"has-post-thumbnail","6":"product_cat-accesorii-auto","7":"product_cat-suport-auto","9":"first","10":"outofstock","11":"shipping-taxable","12":"product-type-simple"},"_links":{"self":[{"href":"https:\/\/bafo.ro\/v22\/wp-json\/wp\/v2\/product\/19176","targetHints":{"allow":["GET"]}}],"collection":[{"href":"https:\/\/bafo.ro\/v22\/wp-json\/wp\/v2\/product"}],"about":[{"href":"https:\/\/bafo.ro\/v22\/wp-json\/wp\/v2\/types\/product"}],"replies":[{"embeddable":true,"href":"https:\/\/bafo.ro\/v22\/wp-json\/wp\/v2\/comments?post=19176"}],"version-history":[{"count":1,"href":"https:\/\/bafo.ro\/v22\/wp-json\/wp\/v2\/product\/19176\/revisions"}],"predecessor-version":[{"id":19177,"href":"https:\/\/bafo.ro\/v22\/wp-json\/wp\/v2\/product\/19176\/revisions\/19177"}],"wp:featuredmedia":[{"embeddable":true,"href":"https:\/\/bafo.ro\/v22\/wp-json\/wp\/v2\/media\/19178"}],"wp:attachment":[{"href":"https:\/\/bafo.ro\/v22\/wp-json\/wp\/v2\/media?parent=19176"}],"wp:term":[{"taxonomy":"product_brand","embeddable":true,"href":"https:\/\/bafo.ro\/v22\/wp-json\/wp\/v2\/product_brand?post=19176"},{"taxonomy":"product_cat","embeddable":true,"href":"https:\/\/bafo.ro\/v22\/wp-json\/wp\/v2\/product_cat?post=19176"},{"taxonomy":"product_tag","embeddable":true,"href":"https:\/\/bafo.ro\/v22\/wp-json\/wp\/v2\/product_tag?post=19176"}],"curies":[{"name":"wp","href":"https:\/\/api.w.org\/{rel}","templated":true}]}}