{"id":19160,"date":"2024-01-30T08:02:59","date_gmt":"2024-01-30T08:02:59","guid":{"rendered":"https:\/\/bafo.ro\/v22\/product\/suport-auto-hoco-ca108-negru\/"},"modified":"2025-03-31T17:23:54","modified_gmt":"2025-03-31T17:23:54","slug":"suport-auto-hoco-ca108-negru","status":"publish","type":"product","link":"https:\/\/bafo.ro\/v22\/product\/suport-auto-hoco-ca108-negru\/","title":{"rendered":"SUPORT AUTO HOCO CA108 negru"},"content":{"rendered":"<p id=\"tw-target-text\" class=\"tw-data-text tw-text-large tw-ta\" dir=\"ltr\" data-placeholder=\"Translation\" data-ved=\"2ahUKEwjC1e7l0oSEAxVabPEDHSF-BG8Q3ewLegQIBRAQ\"><span class=\"Y2IQFc\" lang=\"ro\">Suport auto conceput pentru montare pe grila. V\u0103 permite s\u0103 utiliza\u021bi \u00een siguran\u021b\u0103 smartphone-ul \u00een timp ce conduce\u021bi. Universal: se potrive\u0219te smartphone-urilor cu diagonala ecranului de 4,5-7 &#8220;, are o clem\u0103 automat\u0103, reglabil\u0103 \u00een intervalul 60-81 mm. For\u021ba magnetic\u0103 mare asigur\u0103 o prindere puternic\u0103, \u00eempiedic\u00e2nd c\u0103derea dispozitivului. Dimensiunea mic\u0103 nu blocheaz\u0103 vizibilitatea \u0219i \u00eenseamn\u0103 c\u0103 produsul nu ocup\u0103 mult spa\u021biu. <em>Specifica\u021bie: <\/em><\/span><\/p>\n<p class=\"tw-data-text tw-text-large tw-ta\" dir=\"ltr\" data-placeholder=\"Translation\" data-ved=\"2ahUKEwjC1e7l0oSEAxVabPEDHSF-BG8Q3ewLegQIBRAQ\"><span class=\"Y2IQFc\" lang=\"ro\">Compatibilitate: smartphone-uri cu diagonala ecranului de 4,5-7\u2033 <\/span><\/p>\n<p class=\"tw-data-text tw-text-large tw-ta\" dir=\"ltr\" data-placeholder=\"Translation\" data-ved=\"2ahUKEwjC1e7l0oSEAxVabPEDHSF-BG8Q3ewLegQIBRAQ\"><span class=\"Y2IQFc\" lang=\"ro\">Domeniu de reglare a clemei: 60-81 mm <\/span><\/p>\n<p class=\"tw-data-text tw-text-large tw-ta\" dir=\"ltr\" data-placeholder=\"Translation\" data-ved=\"2ahUKEwjC1e7l0oSEAxVabPEDHSF-BG8Q3ewLegQIBRAQ\"><span class=\"Y2IQFc\" lang=\"ro\">Material: ABS + aliaj de aluminiu + silicon<\/span><\/p>\n<p class=\"tw-data-text tw-text-large tw-ta\" dir=\"ltr\" data-placeholder=\"Translation\" data-ved=\"2ahUKEwjC1e7l0oSEAxVabPEDHSF-BG8Q3ewLegQIBRAQ\"><span class=\"Y2IQFc\" lang=\"ro\">Dimensiune: 79 * 37,5 * 10 mm<\/span><\/p>\n<p class=\"tw-data-text tw-text-large tw-ta\" dir=\"ltr\" data-placeholder=\"Translation\" data-ved=\"2ahUKEwjC1e7l0oSEAxVabPEDHSF-BG8Q3ewLegQIBRAQ\"><span class=\"Y2IQFc\" lang=\"ro\">Greutate: 55 g<\/span><\/p>\n","protected":false},"excerpt":{"rendered":"<p>Suport auto conceput pentru montare pe grila. V\u0103 permite s\u0103 utiliza\u021bi \u00een siguran\u021b\u0103 smartphone-ul \u00een timp ce conduce\u021bi. Universal: se potrive\u0219te smartphone-urilor cu diagonala ecranului de 4,5-7 &#8220;, are o clem\u0103 automat\u0103, reglabil\u0103 \u00een intervalul 60-81 mm. For\u021ba magnetic\u0103 mare asigur\u0103 o prindere puternic\u0103, \u00eempiedic\u00e2nd c\u0103derea dispozitivului. Dimensiunea mic\u0103 nu blocheaz\u0103 vizibilitatea \u0219i \u00eenseamn\u0103 c\u0103 produsul nu ocup\u0103 mult spa\u021biu. Specifica\u021bie: Compatibilitate: smartphone-uri cu diagonala ecranului de 4,5-7\u2033 Domeniu de reglare a clemei: 60-81 mm Material: ABS + aliaj de aluminiu + silicon Dimensiune: 79 * 37,5 * 10 mm Greutate: 55 g<\/p>\n","protected":false},"featured_media":19162,"comment_status":"closed","ping_status":"open","template":"","meta":[],"product_brand":[],"product_cat":[90,91],"product_tag":[],"class_list":{"0":"post-19160","1":"product","2":"type-product","3":"status-publish","4":"has-post-thumbnail","6":"product_cat-accesorii-auto","7":"product_cat-suport-auto","9":"first","10":"instock","11":"shipping-taxable","12":"product-type-simple"},"_links":{"self":[{"href":"https:\/\/bafo.ro\/v22\/wp-json\/wp\/v2\/product\/19160","targetHints":{"allow":["GET"]}}],"collection":[{"href":"https:\/\/bafo.ro\/v22\/wp-json\/wp\/v2\/product"}],"about":[{"href":"https:\/\/bafo.ro\/v22\/wp-json\/wp\/v2\/types\/product"}],"replies":[{"embeddable":true,"href":"https:\/\/bafo.ro\/v22\/wp-json\/wp\/v2\/comments?post=19160"}],"version-history":[{"count":1,"href":"https:\/\/bafo.ro\/v22\/wp-json\/wp\/v2\/product\/19160\/revisions"}],"predecessor-version":[{"id":19161,"href":"https:\/\/bafo.ro\/v22\/wp-json\/wp\/v2\/product\/19160\/revisions\/19161"}],"wp:featuredmedia":[{"embeddable":true,"href":"https:\/\/bafo.ro\/v22\/wp-json\/wp\/v2\/media\/19162"}],"wp:attachment":[{"href":"https:\/\/bafo.ro\/v22\/wp-json\/wp\/v2\/media?parent=19160"}],"wp:term":[{"taxonomy":"product_brand","embeddable":true,"href":"https:\/\/bafo.ro\/v22\/wp-json\/wp\/v2\/product_brand?post=19160"},{"taxonomy":"product_cat","embeddable":true,"href":"https:\/\/bafo.ro\/v22\/wp-json\/wp\/v2\/product_cat?post=19160"},{"taxonomy":"product_tag","embeddable":true,"href":"https:\/\/bafo.ro\/v22\/wp-json\/wp\/v2\/product_tag?post=19160"}],"curies":[{"name":"wp","href":"https:\/\/api.w.org\/{rel}","templated":true}]}}