{"id":18514,"date":"2023-12-07T08:14:31","date_gmt":"2023-12-07T08:14:31","guid":{"rendered":"https:\/\/bafo.ro\/v22\/product\/casca-bluetooth-hoco-tws-eq1-negru\/"},"modified":"2025-03-31T17:21:07","modified_gmt":"2025-03-31T17:21:07","slug":"casca-bluetooth-hoco-tws-eq1-negru","status":"publish","type":"product","link":"https:\/\/bafo.ro\/v22\/product\/casca-bluetooth-hoco-tws-eq1-negru\/","title":{"rendered":"CASCA BLUETOOTH HOCO TWS EQ1 negru"},"content":{"rendered":"<p id=\"tw-target-text\" class=\"tw-data-text tw-text-large tw-ta\" dir=\"ltr\" data-placeholder=\"Translation\" data-ved=\"2ahUKEwjqtP-w7_yCAxUTQfEDHQ-NBgEQ3ewLegQIBRAQ\"><span class=\"Y2IQFc\" lang=\"ro\">Nu v\u0103 desp\u0103r\u021bi\u021bi niciodat\u0103 de muzica preferat\u0103 datorit\u0103 c\u0103\u0219tilor f\u0103r\u0103 fir TWS EQ1 de la Hoco. C\u0103\u0219tile TWS la \u00eendem\u00e2n\u0103 \u0219i u\u0219or de utilizat se potrivesc bine \u00een urechi, astfel \u00eenc\u00e2t nu ve\u021bi sim\u021bi niciun disconfort chiar \u0219i dup\u0103 multe ore de utilizare. Utiliza\u021bi Bluetooth pentru a asculta muzic\u0103 sau c\u0103r\u021bi audio, precum \u0219i pentru a efectua apeluri datorit\u0103 microfonului \u00eencorporat. O hus\u0103 portabil\u0103 cu func\u021bie de \u00eenc\u0103rcare asigur\u0103 c\u0103 c\u0103\u0219tile vor fi mereu \u00eenc\u0103rcate, iar datorit\u0103 designului compact, le pute\u021bi duce oriunde \u0219i le pute\u021bi depozita \u00een siguran\u021b\u0103.<\/span><\/p>\n<p class=\"tw-data-text tw-text-large tw-ta\" dir=\"ltr\" data-placeholder=\"Translation\" data-ved=\"2ahUKEwjqtP-w7_yCAxUTQfEDHQ-NBgEQ3ewLegQIBRAQ\"><span class=\"Y2IQFc\" lang=\"ro\">Specifica\u021bie: <\/span><\/p>\n<p class=\"tw-data-text tw-text-large tw-ta\" dir=\"ltr\" data-placeholder=\"Translation\" data-ved=\"2ahUKEwjqtP-w7_yCAxUTQfEDHQ-NBgEQ3ewLegQIBRAQ\"><span class=\"Y2IQFc\" lang=\"ro\">Versiunea Bluetooth: 5.3; Chip: JL AC6983D2 <\/span><\/p>\n<p class=\"tw-data-text tw-text-large tw-ta\" dir=\"ltr\" data-placeholder=\"Translation\" data-ved=\"2ahUKEwjqtP-w7_yCAxUTQfEDHQ-NBgEQ3ewLegQIBRAQ\"><span class=\"Y2IQFc\" lang=\"ro\">Capacitate baterie: 320 mAh (sta\u021bie de \u00eenc\u0103rcare); 40 mAh (c\u0103\u0219ti)<\/span><\/p>\n<p class=\"tw-data-text tw-text-large tw-ta\" dir=\"ltr\" data-placeholder=\"Translation\" data-ved=\"2ahUKEwjqtP-w7_yCAxUTQfEDHQ-NBgEQ3ewLegQIBRAQ\"><span class=\"Y2IQFc\" lang=\"ro\">Timp de convorbire\/muzic\u0103: 7 h<\/span><\/p>\n<p class=\"tw-data-text tw-text-large tw-ta\" dir=\"ltr\" data-placeholder=\"Translation\" data-ved=\"2ahUKEwjqtP-w7_yCAxUTQfEDHQ-NBgEQ3ewLegQIBRAQ\"><span class=\"Y2IQFc\" lang=\"ro\">Timp de a\u0219teptare: 180 h<\/span><\/p>\n<p class=\"tw-data-text tw-text-large tw-ta\" dir=\"ltr\" data-placeholder=\"Translation\" data-ved=\"2ahUKEwjqtP-w7_yCAxUTQfEDHQ-NBgEQ3ewLegQIBRAQ\"><span class=\"Y2IQFc\" lang=\"ro\">Dimensiuni: 58 \u00d7 49 \u00d7 25 mm <\/span><\/p>\n<p class=\"tw-data-text tw-text-large tw-ta\" dir=\"ltr\" data-placeholder=\"Translation\" data-ved=\"2ahUKEwjqtP-w7_yCAxUTQfEDHQ-NBgEQ3ewLegQIBRAQ\"><span class=\"Y2IQFc\" lang=\"ro\">Greutate totala: 50 g<\/span><\/p>\n","protected":false},"excerpt":{"rendered":"<p>Nu v\u0103 desp\u0103r\u021bi\u021bi niciodat\u0103 de muzica preferat\u0103 datorit\u0103 c\u0103\u0219tilor f\u0103r\u0103 fir TWS EQ1 de la Hoco. C\u0103\u0219tile TWS la \u00eendem\u00e2n\u0103 \u0219i u\u0219or de utilizat se potrivesc bine \u00een urechi, astfel \u00eenc\u00e2t nu ve\u021bi sim\u021bi niciun disconfort chiar \u0219i dup\u0103 multe ore de utilizare. Utiliza\u021bi Bluetooth pentru a asculta muzic\u0103 sau c\u0103r\u021bi audio, precum \u0219i pentru a efectua apeluri datorit\u0103 microfonului \u00eencorporat. O hus\u0103 portabil\u0103 cu func\u021bie de \u00eenc\u0103rcare asigur\u0103 c\u0103 c\u0103\u0219tile vor fi mereu \u00eenc\u0103rcate, iar datorit\u0103 designului compact, le pute\u021bi duce oriunde \u0219i le pute\u021bi depozita \u00een siguran\u021b\u0103. Specifica\u021bie: Versiunea Bluetooth: 5.3; Chip: JL AC6983D2 Capacitate baterie: 320 mAh (sta\u021bie de \u00eenc\u0103rcare); 40 mAh (c\u0103\u0219ti) Timp de convorbire\/muzic\u0103: 7 h Timp de a\u0219teptare: 180 h Dimensiuni: 58 \u00d7 49 \u00d7 25 mm Greutate totala: 50 g<\/p>\n","protected":false},"featured_media":18515,"comment_status":"open","ping_status":"open","template":"","meta":[],"product_brand":[],"product_cat":[230,233],"product_tag":[],"class_list":{"0":"post-18514","1":"product","2":"type-product","3":"status-publish","4":"has-post-thumbnail","6":"product_cat-casca-audio","7":"product_cat-casca-bluetooth","9":"first","10":"outofstock","11":"shipping-taxable","12":"product-type-simple"},"_links":{"self":[{"href":"https:\/\/bafo.ro\/v22\/wp-json\/wp\/v2\/product\/18514","targetHints":{"allow":["GET"]}}],"collection":[{"href":"https:\/\/bafo.ro\/v22\/wp-json\/wp\/v2\/product"}],"about":[{"href":"https:\/\/bafo.ro\/v22\/wp-json\/wp\/v2\/types\/product"}],"replies":[{"embeddable":true,"href":"https:\/\/bafo.ro\/v22\/wp-json\/wp\/v2\/comments?post=18514"}],"version-history":[{"count":0,"href":"https:\/\/bafo.ro\/v22\/wp-json\/wp\/v2\/product\/18514\/revisions"}],"wp:featuredmedia":[{"embeddable":true,"href":"https:\/\/bafo.ro\/v22\/wp-json\/wp\/v2\/media\/18515"}],"wp:attachment":[{"href":"https:\/\/bafo.ro\/v22\/wp-json\/wp\/v2\/media?parent=18514"}],"wp:term":[{"taxonomy":"product_brand","embeddable":true,"href":"https:\/\/bafo.ro\/v22\/wp-json\/wp\/v2\/product_brand?post=18514"},{"taxonomy":"product_cat","embeddable":true,"href":"https:\/\/bafo.ro\/v22\/wp-json\/wp\/v2\/product_cat?post=18514"},{"taxonomy":"product_tag","embeddable":true,"href":"https:\/\/bafo.ro\/v22\/wp-json\/wp\/v2\/product_tag?post=18514"}],"curies":[{"name":"wp","href":"https:\/\/api.w.org\/{rel}","templated":true}]}}