{"id":18509,"date":"2023-12-06T09:08:11","date_gmt":"2023-12-06T09:08:11","guid":{"rendered":"https:\/\/bafo.ro\/v22\/product\/casca-bluetooth-hoco-tws-ew34-gri\/"},"modified":"2025-03-31T17:21:06","modified_gmt":"2025-03-31T17:21:06","slug":"casca-bluetooth-hoco-tws-ew34-gri","status":"publish","type":"product","link":"https:\/\/bafo.ro\/v22\/product\/casca-bluetooth-hoco-tws-ew34-gri\/","title":{"rendered":"CASCA BLUETOOTH HOCO TWS EW34 gri"},"content":{"rendered":"<p>CASCA BLUETOOTH HOCO TWS EW34 alb<\/p>\n<p id=\"tw-target-text\" class=\"tw-data-text tw-text-large tw-ta\" dir=\"ltr\" data-placeholder=\"Translation\"><span class=\"Y2IQFc\" lang=\"ro\">Nu te desp\u0103r\u021bi de muzica ta preferat\u0103 datorit\u0103 c\u0103\u0219tilor f\u0103r\u0103 fir TWS EW34 de la Hoco. C\u0103\u0219tile TWS la \u00eendem\u00e2n\u0103, confortabile de utilizat se potrivesc bine urechilor tale, astfel \u00eenc\u00e2t s\u0103 nu sim\u021bi niciun disconfort chiar \u0219i dup\u0103 multe ore de utilizare. Utiliza\u021bi conectivitatea Bluetooth pentru a asculta muzic\u0103 sau c\u0103r\u021bi audio, precum \u0219i pentru a efectua apeluri, ceea ce este posibil datorit\u0103 microfonului \u00eencorporat. Carcasa portabil\u0103 de \u00eenc\u0103rcare asigur\u0103 c\u0103 , c\u0103\u0219tile vor fi mereu \u00eenc\u0103rcate, iar datorit\u0103 designului compact, le pute\u021bi duce oriunde \u0219i le pute\u021bi depozita \u00een siguran\u021b\u0103.<\/span><\/p>\n<p class=\"tw-data-text tw-text-large tw-ta\" dir=\"ltr\" data-placeholder=\"Translation\"><span class=\"Y2IQFc\" lang=\"ro\"><em>Specifica\u021bie:<\/em> <\/span><\/p>\n<p class=\"tw-data-text tw-text-large tw-ta\" dir=\"ltr\" data-placeholder=\"Translation\"><span class=\"Y2IQFc\" lang=\"ro\">Versiunea Bluetooth: 5.3; Chip: JL AC6983 Capacitate baterie: 250 mAh (suport de \u00eenc\u0103rcare); 30 mAh (c\u0103\u0219ti) Timp de convorbire\/muzic\u0103: 4 h Timp de a\u0219teptare: 150 h Dimensiuni: 57 \u00d7 46 \u00d7 23,5 mm Greutate totala: 42 g<\/span><\/p>\n","protected":false},"excerpt":{"rendered":"<p>CASCA BLUETOOTH HOCO TWS EW34 alb Nu te desp\u0103r\u021bi de muzica ta preferat\u0103 datorit\u0103 c\u0103\u0219tilor f\u0103r\u0103 fir TWS EW34 de la Hoco. C\u0103\u0219tile TWS la \u00eendem\u00e2n\u0103, confortabile de utilizat se potrivesc bine urechilor tale, astfel \u00eenc\u00e2t s\u0103 nu sim\u021bi niciun disconfort chiar \u0219i dup\u0103 multe ore de utilizare. Utiliza\u021bi conectivitatea Bluetooth pentru a asculta muzic\u0103 sau c\u0103r\u021bi audio, precum \u0219i pentru a efectua apeluri, ceea ce este posibil datorit\u0103 microfonului \u00eencorporat. Carcasa portabil\u0103 de \u00eenc\u0103rcare asigur\u0103 c\u0103 , c\u0103\u0219tile vor fi mereu \u00eenc\u0103rcate, iar datorit\u0103 designului compact, le pute\u021bi duce oriunde \u0219i le pute\u021bi depozita \u00een siguran\u021b\u0103. Specifica\u021bie: Versiunea Bluetooth: 5.3; Chip: JL AC6983 Capacitate baterie: 250 mAh (suport de \u00eenc\u0103rcare); 30 mAh (c\u0103\u0219ti) Timp de convorbire\/muzic\u0103: 4 h Timp de a\u0219teptare: 150 h Dimensiuni: 57 \u00d7 46 \u00d7 23,5 mm Greutate totala: 42 g<\/p>\n","protected":false},"featured_media":18510,"comment_status":"open","ping_status":"open","template":"","meta":[],"product_brand":[],"product_cat":[230,233],"product_tag":[],"class_list":{"0":"post-18509","1":"product","2":"type-product","3":"status-publish","4":"has-post-thumbnail","6":"product_cat-casca-audio","7":"product_cat-casca-bluetooth","9":"first","10":"outofstock","11":"shipping-taxable","12":"product-type-simple"},"_links":{"self":[{"href":"https:\/\/bafo.ro\/v22\/wp-json\/wp\/v2\/product\/18509","targetHints":{"allow":["GET"]}}],"collection":[{"href":"https:\/\/bafo.ro\/v22\/wp-json\/wp\/v2\/product"}],"about":[{"href":"https:\/\/bafo.ro\/v22\/wp-json\/wp\/v2\/types\/product"}],"replies":[{"embeddable":true,"href":"https:\/\/bafo.ro\/v22\/wp-json\/wp\/v2\/comments?post=18509"}],"version-history":[{"count":0,"href":"https:\/\/bafo.ro\/v22\/wp-json\/wp\/v2\/product\/18509\/revisions"}],"wp:featuredmedia":[{"embeddable":true,"href":"https:\/\/bafo.ro\/v22\/wp-json\/wp\/v2\/media\/18510"}],"wp:attachment":[{"href":"https:\/\/bafo.ro\/v22\/wp-json\/wp\/v2\/media?parent=18509"}],"wp:term":[{"taxonomy":"product_brand","embeddable":true,"href":"https:\/\/bafo.ro\/v22\/wp-json\/wp\/v2\/product_brand?post=18509"},{"taxonomy":"product_cat","embeddable":true,"href":"https:\/\/bafo.ro\/v22\/wp-json\/wp\/v2\/product_cat?post=18509"},{"taxonomy":"product_tag","embeddable":true,"href":"https:\/\/bafo.ro\/v22\/wp-json\/wp\/v2\/product_tag?post=18509"}],"curies":[{"name":"wp","href":"https:\/\/api.w.org\/{rel}","templated":true}]}}