{"id":17695,"date":"2023-09-28T08:24:05","date_gmt":"2023-09-28T08:24:05","guid":{"rendered":"https:\/\/bafo.ro\/v22\/product\/adaptor-priza-jellico-eu01-2-4a-usb-alb\/"},"modified":"2025-03-31T17:17:33","modified_gmt":"2025-03-31T17:17:33","slug":"adaptor-priza-jellico-eu01-2-4a-usb-alb","status":"publish","type":"product","link":"https:\/\/bafo.ro\/v22\/product\/adaptor-priza-jellico-eu01-2-4a-usb-alb\/","title":{"rendered":"ADAPTOR PRIZA JELLICO EU01 2.4A USB alb"},"content":{"rendered":"<p dir=\"ltr\" data-placeholder=\"Translation\" data-ved=\"2ahUKEwiMnoHwmP-BAxUQQfEDHaXpDWkQ3ewLegQIBhAQ\">ADAPTOR PRIZA JELLICO EU01 2.4A USB alb<\/p>\n<p id=\"tw-target-text\" class=\"tw-data-text tw-text-large tw-ta\" dir=\"ltr\" data-placeholder=\"Translation\" data-ved=\"2ahUKEwiMnoHwmP-BAxUQQfEDHaXpDWkQ3ewLegQIBhAQ\"><span class=\"Y2IQFc\" lang=\"ro\">\u00eenc\u0103rc\u0103tor rapid USB<\/span><\/p>\n<p class=\"tw-data-text tw-text-large tw-ta\" dir=\"ltr\" data-placeholder=\"Translation\" data-ved=\"2ahUKEwiMnoHwmP-BAxUQQfEDHaXpDWkQ3ewLegQIBhAQ\"><span class=\"Y2IQFc\" lang=\"ro\">Compatibil cu cele mai comune smartphone-uri \u0219i dispozitive mobile <\/span><\/p>\n<p class=\"tw-data-text tw-text-large tw-ta\" dir=\"ltr\" data-placeholder=\"Translation\" data-ved=\"2ahUKEwiMnoHwmP-BAxUQQfEDHaXpDWkQ3ewLegQIBhAQ\"><span class=\"Y2IQFc\" lang=\"ro\">Portabil \u0219i fiabil, perfect pentru utilizare \u00een aer liber, dimensiuni compacte, u\u0219or de transportat.<\/span><\/p>\n","protected":false},"excerpt":{"rendered":"<p>ADAPTOR PRIZA JELLICO EU01 2.4A USB alb \u00eenc\u0103rc\u0103tor rapid USB Compatibil cu cele mai comune smartphone-uri \u0219i dispozitive mobile Portabil \u0219i fiabil, perfect pentru utilizare \u00een aer liber, dimensiuni compacte, u\u0219or de transportat.<\/p>\n","protected":false},"featured_media":17697,"comment_status":"closed","ping_status":"open","template":"","meta":[],"product_brand":[],"product_cat":[468,226],"product_tag":[],"class_list":{"0":"post-17695","1":"product","2":"type-product","3":"status-publish","4":"has-post-thumbnail","6":"product_cat-adaptor-priza","7":"product_cat-incarcatoare","9":"first","10":"outofstock","11":"shipping-taxable","12":"product-type-simple"},"_links":{"self":[{"href":"https:\/\/bafo.ro\/v22\/wp-json\/wp\/v2\/product\/17695","targetHints":{"allow":["GET"]}}],"collection":[{"href":"https:\/\/bafo.ro\/v22\/wp-json\/wp\/v2\/product"}],"about":[{"href":"https:\/\/bafo.ro\/v22\/wp-json\/wp\/v2\/types\/product"}],"replies":[{"embeddable":true,"href":"https:\/\/bafo.ro\/v22\/wp-json\/wp\/v2\/comments?post=17695"}],"version-history":[{"count":1,"href":"https:\/\/bafo.ro\/v22\/wp-json\/wp\/v2\/product\/17695\/revisions"}],"predecessor-version":[{"id":17696,"href":"https:\/\/bafo.ro\/v22\/wp-json\/wp\/v2\/product\/17695\/revisions\/17696"}],"wp:featuredmedia":[{"embeddable":true,"href":"https:\/\/bafo.ro\/v22\/wp-json\/wp\/v2\/media\/17697"}],"wp:attachment":[{"href":"https:\/\/bafo.ro\/v22\/wp-json\/wp\/v2\/media?parent=17695"}],"wp:term":[{"taxonomy":"product_brand","embeddable":true,"href":"https:\/\/bafo.ro\/v22\/wp-json\/wp\/v2\/product_brand?post=17695"},{"taxonomy":"product_cat","embeddable":true,"href":"https:\/\/bafo.ro\/v22\/wp-json\/wp\/v2\/product_cat?post=17695"},{"taxonomy":"product_tag","embeddable":true,"href":"https:\/\/bafo.ro\/v22\/wp-json\/wp\/v2\/product_tag?post=17695"}],"curies":[{"name":"wp","href":"https:\/\/api.w.org\/{rel}","templated":true}]}}