{"id":17518,"date":"2023-09-25T11:21:05","date_gmt":"2023-09-25T11:21:05","guid":{"rendered":"https:\/\/bafo.ro\/v22\/product\/suport-auto-hoco-h3-negru\/"},"modified":"2025-03-31T17:16:50","modified_gmt":"2025-03-31T17:16:50","slug":"suport-auto-hoco-h3-negru","status":"publish","type":"product","link":"https:\/\/bafo.ro\/v22\/product\/suport-auto-hoco-h3-negru\/","title":{"rendered":"SUPORT AUTO HOCO H3 negru"},"content":{"rendered":"<div id=\"collapse-wrapper-description\">\n<div class=\"product-page-description description-banner-right\">\n<div class=\"product-page-description-text\">\n<div id=\"description-body\" class=\"collapse-offset collapse in\">\n<p id=\"tw-target-text\" class=\"tw-data-text tw-text-large tw-ta\" dir=\"ltr\" data-placeholder=\"Translation\"><span class=\"Y2IQFc\" lang=\"ro\">Suport auto cu ventuz\u0103 pentru parbriz sau bord. Sistemul de reglare \u00eencorporat v\u0103 permite s\u0103 ajusta\u021bi m\u00e2nerul la preferin\u021bele utilizatorului. Reglarea l\u0103\u021bimii clemei \u0219i a lungimii bra\u021bului v\u0103 permite s\u0103 seta\u021bi telefonul \u00een orice pozi\u021bie. Suportul poate fi folosit de mai multe ori: \u00eenainte de a schimba loca\u021bia de montare, doar cl\u0103ti\u021bi ventuza sub jet de ap\u0103, a\u0219tepta\u021bi p\u00e2n\u0103 se usuc\u0103 \u0219i ata\u0219a\u021bi-o din nou. Accesoriul este realizat din materiale non-toxice, ecologice. Inser\u021biile din silicon protejeaz\u0103 carcasa delicat\u0103 a dispozitivului \u00eempotriva zg\u00e2rieturilor. Datorit\u0103 dimensiunilor sale compacte \u0219i alegerii libere a loca\u021biei de montare, accesoriul nu obstruc\u021bioneaz\u0103 vederea, asigur\u00e2nd vizibilitate deplin\u0103.<\/span><\/p>\n<p class=\"tw-data-text tw-text-large tw-ta\" dir=\"ltr\" data-placeholder=\"Translation\"><span class=\"Y2IQFc\" lang=\"ro\"><em>Specifica\u021bie<\/em>: <\/span><\/p>\n<p class=\"tw-data-text tw-text-large tw-ta\" dir=\"ltr\" data-placeholder=\"Translation\"><span class=\"Y2IQFc\" lang=\"ro\">Montare: bord \/ geam <\/span><\/p>\n<p class=\"tw-data-text tw-text-large tw-ta\" dir=\"ltr\" data-placeholder=\"Translation\"><span class=\"Y2IQFc\" lang=\"ro\">Compatibilitate: dispozitive cu ecran de 4,5-7&#8243;. <\/span><\/p>\n<p class=\"tw-data-text tw-text-large tw-ta\" dir=\"ltr\" data-placeholder=\"Translation\"><span class=\"Y2IQFc\" lang=\"ro\">Material: ABS + PC + silicon<\/span><\/p>\n<p class=\"tw-data-text tw-text-large tw-ta\" dir=\"ltr\" data-placeholder=\"Translation\"><span class=\"Y2IQFc\" lang=\"ro\">Dimensiune: 185 \u00d7 75 \u00d7 125 mm <\/span><\/p>\n<p class=\"tw-data-text tw-text-large tw-ta\" dir=\"ltr\" data-placeholder=\"Translation\"><span class=\"Y2IQFc\" lang=\"ro\">Greutate: 170 g<\/span><\/p>\n<p>&nbsp;<\/p>\n<p>&nbsp;<\/p>\n<\/div>\n<\/div>\n<\/div>\n<\/div>\n","protected":false},"excerpt":{"rendered":"<p>Suport auto cu ventuz\u0103 pentru parbriz sau bord. Sistemul de reglare \u00eencorporat v\u0103 permite s\u0103 ajusta\u021bi m\u00e2nerul la preferin\u021bele utilizatorului. Reglarea l\u0103\u021bimii clemei \u0219i a lungimii bra\u021bului v\u0103 permite s\u0103 seta\u021bi telefonul \u00een orice pozi\u021bie. Suportul poate fi folosit de mai multe ori: \u00eenainte de a schimba loca\u021bia de montare, doar cl\u0103ti\u021bi ventuza sub jet de ap\u0103, a\u0219tepta\u021bi p\u00e2n\u0103 se usuc\u0103 \u0219i ata\u0219a\u021bi-o din nou. Accesoriul este realizat din materiale non-toxice, ecologice. Inser\u021biile din silicon protejeaz\u0103 carcasa delicat\u0103 a dispozitivului \u00eempotriva zg\u00e2rieturilor. Datorit\u0103 dimensiunilor sale compacte \u0219i alegerii libere a loca\u021biei de montare, accesoriul nu obstruc\u021bioneaz\u0103 vederea, asigur\u00e2nd vizibilitate deplin\u0103. Specifica\u021bie: Montare: bord \/ geam Compatibilitate: dispozitive cu ecran de 4,5-7&#8243;. Material: ABS + PC + silicon Dimensiune: 185 \u00d7 75 \u00d7 125 mm Greutate: 170 g &nbsp; &nbsp;<\/p>\n","protected":false},"featured_media":17520,"comment_status":"closed","ping_status":"open","template":"","meta":[],"product_brand":[],"product_cat":[90,91],"product_tag":[],"class_list":{"0":"post-17518","1":"product","2":"type-product","3":"status-publish","4":"has-post-thumbnail","6":"product_cat-accesorii-auto","7":"product_cat-suport-auto","9":"first","10":"outofstock","11":"shipping-taxable","12":"product-type-simple"},"_links":{"self":[{"href":"https:\/\/bafo.ro\/v22\/wp-json\/wp\/v2\/product\/17518","targetHints":{"allow":["GET"]}}],"collection":[{"href":"https:\/\/bafo.ro\/v22\/wp-json\/wp\/v2\/product"}],"about":[{"href":"https:\/\/bafo.ro\/v22\/wp-json\/wp\/v2\/types\/product"}],"replies":[{"embeddable":true,"href":"https:\/\/bafo.ro\/v22\/wp-json\/wp\/v2\/comments?post=17518"}],"version-history":[{"count":1,"href":"https:\/\/bafo.ro\/v22\/wp-json\/wp\/v2\/product\/17518\/revisions"}],"predecessor-version":[{"id":17519,"href":"https:\/\/bafo.ro\/v22\/wp-json\/wp\/v2\/product\/17518\/revisions\/17519"}],"wp:featuredmedia":[{"embeddable":true,"href":"https:\/\/bafo.ro\/v22\/wp-json\/wp\/v2\/media\/17520"}],"wp:attachment":[{"href":"https:\/\/bafo.ro\/v22\/wp-json\/wp\/v2\/media?parent=17518"}],"wp:term":[{"taxonomy":"product_brand","embeddable":true,"href":"https:\/\/bafo.ro\/v22\/wp-json\/wp\/v2\/product_brand?post=17518"},{"taxonomy":"product_cat","embeddable":true,"href":"https:\/\/bafo.ro\/v22\/wp-json\/wp\/v2\/product_cat?post=17518"},{"taxonomy":"product_tag","embeddable":true,"href":"https:\/\/bafo.ro\/v22\/wp-json\/wp\/v2\/product_tag?post=17518"}],"curies":[{"name":"wp","href":"https:\/\/api.w.org\/{rel}","templated":true}]}}