{"id":17447,"date":"2023-09-21T11:13:06","date_gmt":"2023-09-21T11:13:06","guid":{"rendered":"https:\/\/bafo.ro\/v22\/product\/incarcator-priza-kaku-type-c-ksc-373-2-4a-12w\/"},"modified":"2025-03-31T17:16:33","modified_gmt":"2025-03-31T17:16:33","slug":"incarcator-priza-kaku-type-c-ksc-373-2-4a-12w","status":"publish","type":"product","link":"https:\/\/bafo.ro\/v22\/product\/incarcator-priza-kaku-type-c-ksc-373-2-4a-12w\/","title":{"rendered":"INCARCATOR PRIZA KAKU TYPE-C KSC 373 2.4A 12W"},"content":{"rendered":"<p id=\"tw-target-text\" class=\"tw-data-text tw-text-large tw-ta\" dir=\"ltr\" data-placeholder=\"Translation\"><span class=\"Y2IQFc\" lang=\"ro\"><em>Descriere<\/em> KAKU KSC-373 Set 2in1 Smart Dual USB Priza 2.4A Incarcator de retea + Cablu tip C 1m Alb <\/span><\/p>\n<p class=\"tw-data-text tw-text-large tw-ta\" dir=\"ltr\" data-placeholder=\"Translation\"><span class=\"Y2IQFc\" lang=\"ro\">Puterea maxim\u0103 de ie\u0219ire este de 2,4 A.<\/span><\/p>\n<p class=\"tw-data-text tw-text-large tw-ta\" dir=\"ltr\" data-placeholder=\"Translation\"><span class=\"Y2IQFc\" lang=\"ro\"> Acest \u00eenc\u0103rc\u0103tor are protec\u021bie la supratensiune \u0219i suprasarcin\u0103 electric\u0103<\/span><\/p>\n<p class=\"tw-data-text tw-text-large tw-ta\" dir=\"ltr\" data-placeholder=\"Translation\"><span class=\"Y2IQFc\" lang=\"ro\">Acest lucru va proteja dispozitivul care este \u00eenc\u0103rcat \u00eempotriva deterior\u0103rii<\/span><\/p>\n<p class=\"tw-data-text tw-text-large tw-ta\" dir=\"ltr\" data-placeholder=\"Translation\"><span class=\"Y2IQFc\" lang=\"ro\">Corpul \u00een sine este fabricat din plastic rezistent la flac\u0103r\u0103<\/span><\/p>\n<p class=\"tw-data-text tw-text-large tw-ta\" dir=\"ltr\" data-placeholder=\"Translation\"><span class=\"Y2IQFc\" lang=\"ro\"> Are 2 iesiri USB<\/span><\/p>\n<p class=\"tw-data-text tw-text-large tw-ta\" dir=\"ltr\" data-placeholder=\"Translation\"><span class=\"Y2IQFc\" lang=\"ro\"> Setul include \u0219i un cablu de tip C de 1 metru<\/span><\/p>\n","protected":false},"excerpt":{"rendered":"<p>Descriere KAKU KSC-373 Set 2in1 Smart Dual USB Priza 2.4A Incarcator de retea + Cablu tip C 1m Alb Puterea maxim\u0103 de ie\u0219ire este de 2,4 A. Acest \u00eenc\u0103rc\u0103tor are protec\u021bie la supratensiune \u0219i suprasarcin\u0103 electric\u0103 Acest lucru va proteja dispozitivul care este \u00eenc\u0103rcat \u00eempotriva deterior\u0103rii Corpul \u00een sine este fabricat din plastic rezistent la flac\u0103r\u0103 Are 2 iesiri USB Setul include \u0219i un cablu de tip C de 1 metru<\/p>\n","protected":false},"featured_media":17449,"comment_status":"closed","ping_status":"open","template":"","meta":[],"product_brand":[],"product_cat":[226,374,227],"product_tag":[],"class_list":{"0":"post-17447","1":"product","2":"type-product","3":"status-publish","4":"has-post-thumbnail","6":"product_cat-incarcatoare","7":"product_cat-incarcator-cablu-de-date-type-c","8":"product_cat-incarcator-retea","10":"first","11":"outofstock","12":"sale","13":"shipping-taxable","14":"product-type-simple"},"_links":{"self":[{"href":"https:\/\/bafo.ro\/v22\/wp-json\/wp\/v2\/product\/17447","targetHints":{"allow":["GET"]}}],"collection":[{"href":"https:\/\/bafo.ro\/v22\/wp-json\/wp\/v2\/product"}],"about":[{"href":"https:\/\/bafo.ro\/v22\/wp-json\/wp\/v2\/types\/product"}],"replies":[{"embeddable":true,"href":"https:\/\/bafo.ro\/v22\/wp-json\/wp\/v2\/comments?post=17447"}],"version-history":[{"count":1,"href":"https:\/\/bafo.ro\/v22\/wp-json\/wp\/v2\/product\/17447\/revisions"}],"predecessor-version":[{"id":17448,"href":"https:\/\/bafo.ro\/v22\/wp-json\/wp\/v2\/product\/17447\/revisions\/17448"}],"wp:featuredmedia":[{"embeddable":true,"href":"https:\/\/bafo.ro\/v22\/wp-json\/wp\/v2\/media\/17449"}],"wp:attachment":[{"href":"https:\/\/bafo.ro\/v22\/wp-json\/wp\/v2\/media?parent=17447"}],"wp:term":[{"taxonomy":"product_brand","embeddable":true,"href":"https:\/\/bafo.ro\/v22\/wp-json\/wp\/v2\/product_brand?post=17447"},{"taxonomy":"product_cat","embeddable":true,"href":"https:\/\/bafo.ro\/v22\/wp-json\/wp\/v2\/product_cat?post=17447"},{"taxonomy":"product_tag","embeddable":true,"href":"https:\/\/bafo.ro\/v22\/wp-json\/wp\/v2\/product_tag?post=17447"}],"curies":[{"name":"wp","href":"https:\/\/api.w.org\/{rel}","templated":true}]}}